{"id":440,"date":"2021-06-17T11:19:01","date_gmt":"2021-06-17T08:19:01","guid":{"rendered":"https:\/\/blogs2.abo.fi\/ovningsdaghem\/?page_id=440"},"modified":"2024-06-25T10:37:36","modified_gmt":"2024-06-25T07:37:36","slug":"marias-asyl-stiftelsen-sedmigradsky","status":"publish","type":"page","link":"https:\/\/blogs2.abo.fi\/ovningsdaghem\/marias-asyl-stiftelsen-sedmigradsky\/","title":{"rendered":"Marias Asyl, Stiftelsen Sedmigradsky"},"content":{"rendered":"<h1><img loading=\"lazy\" decoding=\"async\" class=\"alignleft size-full wp-image-441\" src=\"http:\/\/blogs2.abo.fi\/ovningsdaghem\/wp-content\/uploads\/sites\/159\/2021\/06\/sedmigradsky1.jpg\" alt=\"\" width=\"556\" height=\"417\" srcset=\"https:\/\/blogs2.abo.fi\/ovningsdaghem\/wp-content\/uploads\/sites\/159\/2021\/06\/sedmigradsky1.jpg 556w, https:\/\/blogs2.abo.fi\/ovningsdaghem\/wp-content\/uploads\/sites\/159\/2021\/06\/sedmigradsky1-300x225.jpg 300w\" sizes=\"auto, (max-width: 556px) 100vw, 556px\" \/><\/h1>\n<h1><strong>Marias Asyl <\/strong><\/h1>\n<p><strong>Daghemmets ort:<br \/>\n<\/strong>Helsingfors<\/p>\n<p><strong>Daghemmets storlek:<br \/>\n<\/strong>4 avdelningar, 52 barn<\/p>\n<p><strong>Vi verkar p\u00e5 f\u00f6ljande spr\u00e5k:<br \/>\n<\/strong>Svenska<\/p>\n<p><strong>V\u00e5r pedagogiska grundsyn:<br \/>\n<\/strong>Barnet \u00e4r i centrum och verksamheten formas tillsammans med pedagogerna och barnen d\u00e4r vi finns till f\u00f6r att st\u00f6da och utmana barnen. Vi respekterar och lyssnar p\u00e5 barnen samt ger dem n\u00e4rhet och trygghet d\u00e4r alla blir sedda och bekr\u00e4ftade. Det \u00e4r viktigt att ocks\u00e5 personalen trivs och f\u00e5r f\u00f6rverkliga sig sj\u00e4lva. Vi v\u00e4rdes\u00e4tter barnets; r\u00e4tt att leka, respekt f\u00f6r varje individ, barnets r\u00e4tt att t\u00e4nka och uttrycka sig sj\u00e4lv, och f\u00f6r\u00e4ldrarnas delaktighet och m\u00e5ngfald. Vi jobbar ocks\u00e5 med egenv\u00e5rdarmodellen som arbetss\u00e4tt. Det \u00e4r viktigt f\u00f6r oss att l\u00e4rmilj\u00f6erna \u00e4r v\u00e4lkomnande, till\u00e5tande, stimulerande och inspirerande. Milj\u00f6n ska vara till\u00e5tande och positiv och ordet \u201dnej\u201d kr\u00e4ver en orsak och tydlig f\u00f6rklaring.<\/p>\n<p><strong>V\u00e5r pedagogik:<br \/>\n<\/strong>Konstfostran \u00e4r viktigt f\u00f6r oss. Vi jobbar utifr\u00e5n tanken att barnet \u00e4r aktiva producenter av konsten och att det \u00e4r processen som \u00e4r viktig, vi g\u00f6r inte saker f\u00f6r barnen utan med barnen. Pedagogerna jobbar med barnen f\u00f6r att ge nya tekniker och tankar i en lugn milj\u00f6 d\u00e4r det finns plats f\u00f6r skapandet. Vi respekterar processen och ger barnen arbetss\u00e4tt som tystnad, intuition och bra material. Det \u00e4r processen som aktiverar och motiverar barnen. Leken \u00e4r ocks\u00e5 viktig i all verksamhet, \u201dleken \u00e4r verklig\u201d.<\/p>\n<p><strong>Varf\u00f6r ska studerande g\u00f6ra praktik p\u00e5 v\u00e5rt daghem?<br \/>\n<\/strong>Vi kan erbjuda en givande praktikplats med beh\u00f6rig och tillr\u00e4cklig personal samt mindre barngrupper d\u00e4r studeranden i lugn och ro kan f\u00e5 fundera, planera och praktisera. Marias Asyl \u00e4r en av Stiftelsen Sedmigradskys tre privata daghem och ligger i centrum av Helsingfors (sedan 1847) vilket g\u00f6r praktikplatsen unik och annorlunda med massor av m\u00f6jligheter till kulturverksamhet. Under praktiken f\u00e5r studeranden \u00e4ta gratis av v\u00e5r mat som g\u00f6rs p\u00e5 plats av v\u00e5r egen kock. Tillg\u00e5ng till kaffe och te finns ocks\u00e5 under dagen.<\/p>\n<p>Vi \u00f6nskar att praktikanten \u00e4r aktiv, st\u00e4ller fr\u00e5gor och utmanar sig sj\u00e4lv och oss. Vi t\u00e4nker mycket i banorna att det bara \u00e4r att testa sig fram, misslyckas n\u00e5got g\u00f6r det ingenting, man testar p\u00e5 nytt. Vi \u00e4r en l\u00e4rande organisation d\u00e4r alla som jobbar hela tiden l\u00e4r sig med och av barnen.<\/p>\n<p><strong>Vi kan erbjuda boende f\u00f6r den studerande under praktiktiden:<br \/>\n<\/strong>Nej<\/p>\n<p><strong>Vi kan hj\u00e4lpa till att s\u00f6ka boende f\u00f6r den studerande under praktiktiden:<br \/>\n<\/strong>Ja<\/p>\n<p><img loading=\"lazy\" decoding=\"async\" class=\"alignleft size-medium wp-image-442\" src=\"http:\/\/blogs2.abo.fi\/ovningsdaghem\/wp-content\/uploads\/sites\/159\/2021\/06\/sedmigradsky2-225x300.jpg\" alt=\"\" width=\"225\" height=\"300\" srcset=\"https:\/\/blogs2.abo.fi\/ovningsdaghem\/wp-content\/uploads\/sites\/159\/2021\/06\/sedmigradsky2-225x300.jpg 225w, https:\/\/blogs2.abo.fi\/ovningsdaghem\/wp-content\/uploads\/sites\/159\/2021\/06\/sedmigradsky2.jpg 380w\" sizes=\"auto, (max-width: 225px) 100vw, 225px\" \/><img loading=\"lazy\" decoding=\"async\" class=\"alignleft size-medium wp-image-443\" src=\"http:\/\/blogs2.abo.fi\/ovningsdaghem\/wp-content\/uploads\/sites\/159\/2021\/06\/sedmigradsky3-225x300.jpg\" alt=\"\" width=\"225\" height=\"300\" srcset=\"https:\/\/blogs2.abo.fi\/ovningsdaghem\/wp-content\/uploads\/sites\/159\/2021\/06\/sedmigradsky3-225x300.jpg 225w, https:\/\/blogs2.abo.fi\/ovningsdaghem\/wp-content\/uploads\/sites\/159\/2021\/06\/sedmigradsky3.jpg 379w\" sizes=\"auto, (max-width: 225px) 100vw, 225px\" \/><\/p>\n","protected":false},"excerpt":{"rendered":"<p>Marias Asyl Daghemmets ort: Helsingfors Daghemmets storlek: 4 avdelningar, 52 barn Vi verkar p\u00e5 f\u00f6ljande spr\u00e5k: Svenska V\u00e5r pedagogiska grundsyn: Barnet \u00e4r i centrum och verksamheten formas tillsammans med pedagogerna och barnen d\u00e4r vi finns till f\u00f6r att st\u00f6da och utmana barnen. Vi respekterar och lyssnar p\u00e5 barnen samt ger dem n\u00e4rhet och trygghet d\u00e4r &hellip; <a href=\"https:\/\/blogs2.abo.fi\/ovningsdaghem\/marias-asyl-stiftelsen-sedmigradsky\/\" class=\"more-link\">Forts\u00e4tt l\u00e4sa <span class=\"screen-reader-text\">Marias Asyl, Stiftelsen Sedmigradsky<\/span><\/a><\/p>\n","protected":false},"author":530,"featured_media":0,"parent":0,"menu_order":0,"comment_status":"closed","ping_status":"closed","template":"","meta":{"footnotes":""},"class_list":["post-440","page","type-page","status-publish","hentry"],"_links":{"self":[{"href":"https:\/\/blogs2.abo.fi\/ovningsdaghem\/wp-json\/wp\/v2\/pages\/440","targetHints":{"allow":["GET"]}}],"collection":[{"href":"https:\/\/blogs2.abo.fi\/ovningsdaghem\/wp-json\/wp\/v2\/pages"}],"about":[{"href":"https:\/\/blogs2.abo.fi\/ovningsdaghem\/wp-json\/wp\/v2\/types\/page"}],"author":[{"embeddable":true,"href":"https:\/\/blogs2.abo.fi\/ovningsdaghem\/wp-json\/wp\/v2\/users\/530"}],"replies":[{"embeddable":true,"href":"https:\/\/blogs2.abo.fi\/ovningsdaghem\/wp-json\/wp\/v2\/comments?post=440"}],"version-history":[{"count":2,"href":"https:\/\/blogs2.abo.fi\/ovningsdaghem\/wp-json\/wp\/v2\/pages\/440\/revisions"}],"predecessor-version":[{"id":1093,"href":"https:\/\/blogs2.abo.fi\/ovningsdaghem\/wp-json\/wp\/v2\/pages\/440\/revisions\/1093"}],"wp:attachment":[{"href":"https:\/\/blogs2.abo.fi\/ovningsdaghem\/wp-json\/wp\/v2\/media?parent=440"}],"curies":[{"name":"wp","href":"https:\/\/api.w.org\/{rel}","templated":true}]}}