{"id":425,"date":"2021-06-17T11:02:21","date_gmt":"2021-06-17T08:02:21","guid":{"rendered":"https:\/\/blogs2.abo.fi\/ovningsdaghem\/?page_id=425"},"modified":"2024-09-03T08:07:33","modified_gmt":"2024-09-03T05:07:33","slug":"dressinen-daghem-och-forskola","status":"publish","type":"page","link":"https:\/\/blogs2.abo.fi\/ovningsdaghem\/dressinen-daghem-och-forskola\/","title":{"rendered":"Dressinen daghem och f\u00f6rskola"},"content":{"rendered":"<h1><img loading=\"lazy\" decoding=\"async\" class=\"alignleft wp-image-431 size-full\" src=\"http:\/\/blogs2.abo.fi\/ovningsdaghem\/wp-content\/uploads\/sites\/159\/2021\/06\/dressinen1-3-e1623917190197.jpg\" alt=\"\" width=\"1261\" height=\"726\" srcset=\"https:\/\/blogs2.abo.fi\/ovningsdaghem\/wp-content\/uploads\/sites\/159\/2021\/06\/dressinen1-3-e1623917190197.jpg 1261w, https:\/\/blogs2.abo.fi\/ovningsdaghem\/wp-content\/uploads\/sites\/159\/2021\/06\/dressinen1-3-e1623917190197-300x173.jpg 300w, https:\/\/blogs2.abo.fi\/ovningsdaghem\/wp-content\/uploads\/sites\/159\/2021\/06\/dressinen1-3-e1623917190197-1024x590.jpg 1024w, https:\/\/blogs2.abo.fi\/ovningsdaghem\/wp-content\/uploads\/sites\/159\/2021\/06\/dressinen1-3-e1623917190197-768x442.jpg 768w, https:\/\/blogs2.abo.fi\/ovningsdaghem\/wp-content\/uploads\/sites\/159\/2021\/06\/dressinen1-3-e1623917190197-624x359.jpg 624w\" sizes=\"auto, (max-width: 1261px) 100vw, 1261px\" \/><\/h1>\n<h1>Dressinen daghem och f\u00f6rskola<\/h1>\n<p><strong>Daghemmets ort:<\/strong><br \/>\nDressinen hittar du i Benn\u00e4s i Peders\u00f6re kommun.<\/p>\n<p><strong>Daghemmets storlek:\u00a0<\/strong><br \/>\nP\u00e5 Dressinen finns b\u00e5de daghem och f\u00f6rskola och i granng\u00e5rden finns Dressinen eftis och Benn\u00e4s skola.<\/p>\n<ul>\n<li>Humlans avdelning 12 barn 1-2 \u00e5r<\/li>\n<li>Gr\u00e4shoppans avdelning 16 barn 2-3 \u00e5r<\/li>\n<li>Trollsl\u00e4ndans avdelning 20 barn 3-4 \u00e5r<\/li>\n<li>Fj\u00e4rilens avdelning 21 barn 5 \u00e5r<\/li>\n<li>Bryggans avdelning i \u00d6stens\u00f6 10 barn 3-5 \u00e5r<\/li>\n<li>Trollebo avdelning i Forsby 7 barn 1-3 \u00e5r<\/li>\n<li>F\u00f6rskolan har 18 barn, en f\u00f6rskoleavdelning<\/li>\n<\/ul>\n<p><strong>Vi verkar p\u00e5 f\u00f6ljande spr\u00e5k:<br \/>\n<\/strong>Enbart svenska men med Skoj-finska\u00a0 i Pedesi-Spr\u00e5kstig<\/p>\n<p><strong>V\u00e5r pedagogiska grundsyn och pedagogik:<br \/>\n<\/strong>V\u00e5r vision \u00e4r: <strong><em>Jag \u00e4r unik, jag \u00e4r v\u00e4rdefull, allt \u00e4r m\u00f6jligt!<\/em><\/strong><\/p>\n<p>Skogen bakom Dressinen utg\u00f6r v\u00e5rt l\u00e4rrum, v\u00e5r pedagogiska l\u00e4rmilj\u00f6. Skogen ger m\u00f6jlighet till ett av v\u00e5ra fr\u00e4msta arbetss\u00e4tt; utomhuspedagogik och skogsmulle-inspirerad verksamhet. Vad kan g\u00f6ras ute i st\u00e4llet f\u00f6r att g\u00f6ra det inne?\u00a0 Att ta hand om naturen och milj\u00f6n \u00e4r viktigt och det f\u00e5r barnen varsebli genom sin egen delaktighet. Vi sopsorterar och diskuterar h\u00e5llbarhet med barnen.<\/p>\n<p>Vi anv\u00e4nder oss ocks\u00e5 av digitala hj\u00e4lpmedel. Digileken \u00e4r ett arbetsredskap, d\u00e4r barnen f\u00e5r vara aktiva och r\u00f6ra p\u00e5 sig p\u00e5 ett fantasifullt s\u00e4tt. Det ska vara roligt att f\u00e5 r\u00f6ra p\u00e5 sig!<\/p>\n<p>Vi har Skoj-finska, som genom s\u00e5ng, lek och r\u00f6relse, p\u00e5 ett lustfyllt s\u00e4tt ska v\u00e4cka barnens intresse f\u00f6r det finska spr\u00e5ket. Barnens delaktighet uppm\u00e4rksammas vid Dressinen genom att barnen har m\u00f6jlighet att p\u00e5verka sin egen vardag. Vi \u00f6var oss p\u00e5 att lyssna p\u00e5 varandra och diskutera saker tillsammans. Vi tar del av m\u00e5ngfalden av tanke- och tillv\u00e4gag\u00e5ngss\u00e4tt i v\u00e5r sm\u00e5gruppsverksamhet. I sm\u00e5gruppsverksamheten har barnen l\u00e4ttare att ty sig till n\u00e5gra f\u00e5 barn och kunna g\u00f6ra sin r\u00f6st h\u00f6rd och pedagogen har m\u00f6jlighet att knyta en mera individuell kontakt med barnet och verkligen kunna bekr\u00e4fta och se barnet.<\/p>\n<p>Vi anv\u00e4nder oss av l\u00e5gaffektivt bem\u00f6tande, vilket hj\u00e4lper oss att f\u00e5 en b\u00e4ttre kontakt med alla barn, men speciellt med de barn som har ett ut\u00e5tagerande s\u00e4tt.<\/p>\n<p>P\u00e5 v\u00e5ra pedagogiska aftnar l\u00e4r vi av varandra, s.k. kollegialt l\u00e4rande, vilket inneb\u00e4r att de styrkor och kunskaper som finns bland personalen kan delges \u00e5t alla och d\u00e4rmed kan vi skola och ge varandra inspiration i v\u00e5rt arbete.<\/p>\n<p>Motto f\u00f6r b\u00e5de barn och personal: <strong><em>Det \u00e4r viktigt f\u00f6r mig att det g\u00e5r bra f\u00f6r dig!<br \/>\n<\/em><\/strong>Motto f\u00f6r personalen: <em><strong>Min arbetsdag \u00e4r n\u00e5gon annans barndom!<\/strong><\/em><\/p>\n<p>Dressinen daghem och Dressinen f\u00f6rskola \u00e4r, summa summarum, en praktikplats f\u00f6r den studerande, som vill uppleva m\u00e5ngfald av pedagogiska arbetss\u00e4tt: utomhuspedagogik, spr\u00e5k och r\u00f6relsebetonad verksamhet och barnens delaktighet. D\u00e4r verksamheten genomsyras av att personalen har ett genuint intresse f\u00f6r barnen och en barnsyn, som speglar positivitet och framtidstro.<\/p>\n<p><strong>Vi kan erbjuda boende f\u00f6r den studerande under praktiktiden:<br \/>\n<\/strong>Nej<\/p>\n<p><strong>Vi kan hj\u00e4lpa till att s\u00f6ka boende f\u00f6r den studerande under praktiktiden: <\/strong>Nej<\/p>\n<h3><em>V\u00e4lkommen till Dressinen!<\/em><\/h3>\n<p><img loading=\"lazy\" decoding=\"async\" class=\"alignleft wp-image-434\" src=\"http:\/\/blogs2.abo.fi\/ovningsdaghem\/wp-content\/uploads\/sites\/159\/2021\/06\/dressinen2-2.jpg\" alt=\"\" width=\"475\" height=\"476\" srcset=\"https:\/\/blogs2.abo.fi\/ovningsdaghem\/wp-content\/uploads\/sites\/159\/2021\/06\/dressinen2-2.jpg 674w, https:\/\/blogs2.abo.fi\/ovningsdaghem\/wp-content\/uploads\/sites\/159\/2021\/06\/dressinen2-2-300x300.jpg 300w, https:\/\/blogs2.abo.fi\/ovningsdaghem\/wp-content\/uploads\/sites\/159\/2021\/06\/dressinen2-2-150x150.jpg 150w, https:\/\/blogs2.abo.fi\/ovningsdaghem\/wp-content\/uploads\/sites\/159\/2021\/06\/dressinen2-2-624x625.jpg 624w\" sizes=\"auto, (max-width: 475px) 100vw, 475px\" \/><\/p>\n<p>&nbsp;<\/p>\n","protected":false},"excerpt":{"rendered":"<p>Dressinen daghem och f\u00f6rskola Daghemmets ort: Dressinen hittar du i Benn\u00e4s i Peders\u00f6re kommun. Daghemmets storlek:\u00a0 P\u00e5 Dressinen finns b\u00e5de daghem och f\u00f6rskola och i granng\u00e5rden finns Dressinen eftis och Benn\u00e4s skola. Humlans avdelning 12 barn 1-2 \u00e5r Gr\u00e4shoppans avdelning 16 barn 2-3 \u00e5r Trollsl\u00e4ndans avdelning 20 barn 3-4 \u00e5r Fj\u00e4rilens avdelning 21 barn 5 &hellip; <a href=\"https:\/\/blogs2.abo.fi\/ovningsdaghem\/dressinen-daghem-och-forskola\/\" class=\"more-link\">Forts\u00e4tt l\u00e4sa <span class=\"screen-reader-text\">Dressinen daghem och f\u00f6rskola<\/span><\/a><\/p>\n","protected":false},"author":530,"featured_media":0,"parent":0,"menu_order":0,"comment_status":"closed","ping_status":"closed","template":"","meta":{"footnotes":""},"class_list":["post-425","page","type-page","status-publish","hentry"],"_links":{"self":[{"href":"https:\/\/blogs2.abo.fi\/ovningsdaghem\/wp-json\/wp\/v2\/pages\/425","targetHints":{"allow":["GET"]}}],"collection":[{"href":"https:\/\/blogs2.abo.fi\/ovningsdaghem\/wp-json\/wp\/v2\/pages"}],"about":[{"href":"https:\/\/blogs2.abo.fi\/ovningsdaghem\/wp-json\/wp\/v2\/types\/page"}],"author":[{"embeddable":true,"href":"https:\/\/blogs2.abo.fi\/ovningsdaghem\/wp-json\/wp\/v2\/users\/530"}],"replies":[{"embeddable":true,"href":"https:\/\/blogs2.abo.fi\/ovningsdaghem\/wp-json\/wp\/v2\/comments?post=425"}],"version-history":[{"count":8,"href":"https:\/\/blogs2.abo.fi\/ovningsdaghem\/wp-json\/wp\/v2\/pages\/425\/revisions"}],"predecessor-version":[{"id":1239,"href":"https:\/\/blogs2.abo.fi\/ovningsdaghem\/wp-json\/wp\/v2\/pages\/425\/revisions\/1239"}],"wp:attachment":[{"href":"https:\/\/blogs2.abo.fi\/ovningsdaghem\/wp-json\/wp\/v2\/media?parent=425"}],"curies":[{"name":"wp","href":"https:\/\/api.w.org\/{rel}","templated":true}]}}