{"id":422,"date":"2021-06-17T10:53:58","date_gmt":"2021-06-17T07:53:58","guid":{"rendered":"https:\/\/blogs2.abo.fi\/ovningsdaghem\/?page_id=422"},"modified":"2024-06-25T09:59:08","modified_gmt":"2024-06-25T06:59:08","slug":"daghemmet-hoppetossan","status":"publish","type":"page","link":"https:\/\/blogs2.abo.fi\/ovningsdaghem\/daghemmet-hoppetossan\/","title":{"rendered":"Daghemmet Hoppetossan"},"content":{"rendered":"<h1><img loading=\"lazy\" decoding=\"async\" class=\"alignnone wp-image-821 size-full\" src=\"http:\/\/blogs2.abo.fi\/ovningsdaghem\/wp-content\/uploads\/sites\/159\/2022\/06\/Picture1-1.jpg\" alt=\"\" width=\"526\" height=\"350\" srcset=\"https:\/\/blogs2.abo.fi\/ovningsdaghem\/wp-content\/uploads\/sites\/159\/2022\/06\/Picture1-1.jpg 526w, https:\/\/blogs2.abo.fi\/ovningsdaghem\/wp-content\/uploads\/sites\/159\/2022\/06\/Picture1-1-300x200.jpg 300w\" sizes=\"auto, (max-width: 526px) 100vw, 526px\" \/><\/h1>\n<h1><strong>Daghemmet Hoppetossan<\/strong><\/h1>\n<p><strong>Daghemmets ort:<br \/>\n<\/strong>Sandsund, Peders\u00f6re kommun<\/p>\n<p><strong>Daghemmets storlek (antal avdelningar, barn):<br \/>\n<\/strong>5 avdelningar, 78 barn.<\/p>\n<p><strong>Vi verkar p\u00e5 f\u00f6ljande spr\u00e5k:<br \/>\n<\/strong>Fyra avdelningar p\u00e5 svenska och en p\u00e5 finska<\/p>\n<p><strong>V\u00e5r pedagogiska grundsyn:<br \/>\n<\/strong>V\u00e5r vision: <strong><em>\u201dEn trygg famn i en lugn hamn\u201d.<\/em><br \/>\n<\/strong>Vi vill erbjuda barnet en trygg famn och speciellt vid inskolningen \u00e4r det viktigt med en trygg vuxen.<\/p>\n<p><strong>V\u00e5r pedagogik:<\/strong><\/p>\n<p>Vi jobbar med sm\u00e5grupper f\u00f6r att se barnet och f\u00e5 dem mera delaktiga.<\/p>\n<p>Vi har \u00e4ven kv\u00e4lls-, natt och helg\u00f6ppet.<\/p>\n<p>V\u00e5r v\u00e4rdegrund \u00e4r trygghet, professionalitet, respekt och barnets egenv\u00e4rde. VI \u00c4R H\u00c4R F\u00d6R BARNET!<\/p>\n<p><strong>Varf\u00f6r ska studerande g\u00f6ra praktik p\u00e5 v\u00e5rt daghem?<br \/>\n<\/strong>Vi \u00e4r ett glatt g\u00e4ng som g\u00e4rna vill dela med oss av det vi kan men \u00e4ven f\u00e5 nya tips och id\u00e9er fr\u00e5n studerande.<\/p>\n<p><strong>Vi kan erbjuda boende f\u00f6r den studerande under praktiktiden:<br \/>\n<\/strong>Nej<\/p>\n<p><strong>Vi kan hj\u00e4lpa till att s\u00f6ka boende f\u00f6r den studerande under praktiktiden:<br \/>\n<\/strong>Nej<\/p>\n<h1><img loading=\"lazy\" decoding=\"async\" class=\"alignleft wp-image-423\" src=\"http:\/\/blogs2.abo.fi\/ovningsdaghem\/wp-content\/uploads\/sites\/159\/2021\/06\/hoppetossan.jpg\" alt=\"\" width=\"487\" height=\"414\" srcset=\"https:\/\/blogs2.abo.fi\/ovningsdaghem\/wp-content\/uploads\/sites\/159\/2021\/06\/hoppetossan.jpg 674w, https:\/\/blogs2.abo.fi\/ovningsdaghem\/wp-content\/uploads\/sites\/159\/2021\/06\/hoppetossan-300x255.jpg 300w, https:\/\/blogs2.abo.fi\/ovningsdaghem\/wp-content\/uploads\/sites\/159\/2021\/06\/hoppetossan-624x530.jpg 624w\" sizes=\"auto, (max-width: 487px) 100vw, 487px\" \/><\/h1>\n","protected":false},"excerpt":{"rendered":"<p>Daghemmet Hoppetossan Daghemmets ort: Sandsund, Peders\u00f6re kommun Daghemmets storlek (antal avdelningar, barn): 5 avdelningar, 78 barn. Vi verkar p\u00e5 f\u00f6ljande spr\u00e5k: Fyra avdelningar p\u00e5 svenska och en p\u00e5 finska V\u00e5r pedagogiska grundsyn: V\u00e5r vision: \u201dEn trygg famn i en lugn hamn\u201d. Vi vill erbjuda barnet en trygg famn och speciellt vid inskolningen \u00e4r det viktigt &hellip; <a href=\"https:\/\/blogs2.abo.fi\/ovningsdaghem\/daghemmet-hoppetossan\/\" class=\"more-link\">Forts\u00e4tt l\u00e4sa <span class=\"screen-reader-text\">Daghemmet Hoppetossan<\/span><\/a><\/p>\n","protected":false},"author":530,"featured_media":0,"parent":0,"menu_order":0,"comment_status":"closed","ping_status":"closed","template":"","meta":{"footnotes":""},"class_list":["post-422","page","type-page","status-publish","hentry"],"_links":{"self":[{"href":"https:\/\/blogs2.abo.fi\/ovningsdaghem\/wp-json\/wp\/v2\/pages\/422","targetHints":{"allow":["GET"]}}],"collection":[{"href":"https:\/\/blogs2.abo.fi\/ovningsdaghem\/wp-json\/wp\/v2\/pages"}],"about":[{"href":"https:\/\/blogs2.abo.fi\/ovningsdaghem\/wp-json\/wp\/v2\/types\/page"}],"author":[{"embeddable":true,"href":"https:\/\/blogs2.abo.fi\/ovningsdaghem\/wp-json\/wp\/v2\/users\/530"}],"replies":[{"embeddable":true,"href":"https:\/\/blogs2.abo.fi\/ovningsdaghem\/wp-json\/wp\/v2\/comments?post=422"}],"version-history":[{"count":4,"href":"https:\/\/blogs2.abo.fi\/ovningsdaghem\/wp-json\/wp\/v2\/pages\/422\/revisions"}],"predecessor-version":[{"id":1070,"href":"https:\/\/blogs2.abo.fi\/ovningsdaghem\/wp-json\/wp\/v2\/pages\/422\/revisions\/1070"}],"wp:attachment":[{"href":"https:\/\/blogs2.abo.fi\/ovningsdaghem\/wp-json\/wp\/v2\/media?parent=422"}],"curies":[{"name":"wp","href":"https:\/\/api.w.org\/{rel}","templated":true}]}}