{"id":412,"date":"2021-06-17T10:40:47","date_gmt":"2021-06-17T07:40:47","guid":{"rendered":"https:\/\/blogs2.abo.fi\/ovningsdaghem\/?page_id=412"},"modified":"2024-10-02T15:31:48","modified_gmt":"2024-10-02T12:31:48","slug":"yttermark-daghem","status":"publish","type":"page","link":"https:\/\/blogs2.abo.fi\/ovningsdaghem\/yttermark-daghem\/","title":{"rendered":"Yttermark daghem"},"content":{"rendered":"<h1><img loading=\"lazy\" decoding=\"async\" class=\"alignleft size-full wp-image-413\" src=\"http:\/\/blogs2.abo.fi\/ovningsdaghem\/wp-content\/uploads\/sites\/159\/2021\/06\/Yttermarkdaghem1-scaled.jpg\" alt=\"\" width=\"2560\" height=\"1709\" srcset=\"https:\/\/blogs2.abo.fi\/ovningsdaghem\/wp-content\/uploads\/sites\/159\/2021\/06\/Yttermarkdaghem1-scaled.jpg 2560w, https:\/\/blogs2.abo.fi\/ovningsdaghem\/wp-content\/uploads\/sites\/159\/2021\/06\/Yttermarkdaghem1-300x200.jpg 300w, https:\/\/blogs2.abo.fi\/ovningsdaghem\/wp-content\/uploads\/sites\/159\/2021\/06\/Yttermarkdaghem1-1024x683.jpg 1024w, https:\/\/blogs2.abo.fi\/ovningsdaghem\/wp-content\/uploads\/sites\/159\/2021\/06\/Yttermarkdaghem1-768x513.jpg 768w, https:\/\/blogs2.abo.fi\/ovningsdaghem\/wp-content\/uploads\/sites\/159\/2021\/06\/Yttermarkdaghem1-1536x1025.jpg 1536w, https:\/\/blogs2.abo.fi\/ovningsdaghem\/wp-content\/uploads\/sites\/159\/2021\/06\/Yttermarkdaghem1-2048x1367.jpg 2048w, https:\/\/blogs2.abo.fi\/ovningsdaghem\/wp-content\/uploads\/sites\/159\/2021\/06\/Yttermarkdaghem1-624x416.jpg 624w\" sizes=\"auto, (max-width: 2560px) 100vw, 2560px\" \/><\/h1>\n<h1><strong>Yttermark daghem <\/strong><\/h1>\n<p><strong>Daghemmets ort<\/strong>:<br \/>\nYttermark, N\u00e4rpes<\/p>\n<p><strong>Daghemmets storlek:<br \/>\n<\/strong>4 avdelningar, 59 platser<\/p>\n<p><strong>Vi verkar p\u00e5 f\u00f6ljande spr\u00e5k:<br \/>\n<\/strong>Svenska<\/p>\n<p><strong>V\u00e5r pedagogiska grundsyn:<br \/>\n<\/strong> Yttermark daghems grundsyn \u00e4r att alla barn ska k\u00e4nna sig trygga, respekterade och att alla blir sedda och h\u00f6rda. Barnet f\u00e5r utvecklas som den individ barnet \u00e4r. Vi ser till det enskilda barnets utveckling genom planerad pedagogisk verksamhet, omv\u00e5rdnad, och goda lekm\u00f6jligheter.<\/p>\n<p><strong>V\u00e5r pedagogik:<\/strong><br \/>\nVi betonar socioemotionell och ekologisk h\u00e5llbarhet.<br \/>\nVi jobbar mycket med spr\u00e5k och spr\u00e5kf\u00f6rst\u00e5else.<br \/>\nSm\u00e5gruppsverksamhet- alla barn ska ha m\u00f6jlighet att v\u00e5ga uttrycka sig.<\/p>\n<p><strong>Varf\u00f6r ska studerande g\u00f6ra praktik p\u00e5 v\u00e5rt daghem?<\/strong><br \/>\nVi \u00e4r ett m\u00e5ngkulturellt daghem p\u00e5 landsbygden med m\u00f6jlighet till m\u00e5nga olika naturupplevelser. Vi har kompetenta och erfarna l\u00e4rare som har en bra verksamhet som studerande f\u00e5r ta del av. V\u00e5rt m\u00e5l \u00e4r att v\u00e4cka en lust f\u00f6r yrkesrollen och f\u00e5 inspiration att utveckla yrkeskompetensen.<\/p>\n<p><strong>Vi kan erbjuda boende f\u00f6r den studerande under praktiktiden:<br \/>\n<\/strong>Nej<\/p>\n<p><strong>Vi kan hj\u00e4lpa till att s\u00f6ka boende f\u00f6r den studerande under praktiktiden:<br \/>\n<\/strong>Nej<\/p>\n","protected":false},"excerpt":{"rendered":"<p>Yttermark daghem Daghemmets ort: Yttermark, N\u00e4rpes Daghemmets storlek: 4 avdelningar, 59 platser Vi verkar p\u00e5 f\u00f6ljande spr\u00e5k: Svenska V\u00e5r pedagogiska grundsyn: Yttermark daghems grundsyn \u00e4r att alla barn ska k\u00e4nna sig trygga, respekterade och att alla blir sedda och h\u00f6rda. Barnet f\u00e5r utvecklas som den individ barnet \u00e4r. Vi ser till det enskilda barnets utveckling &hellip; <a href=\"https:\/\/blogs2.abo.fi\/ovningsdaghem\/yttermark-daghem\/\" class=\"more-link\">Forts\u00e4tt l\u00e4sa <span class=\"screen-reader-text\">Yttermark daghem<\/span><\/a><\/p>\n","protected":false},"author":530,"featured_media":0,"parent":0,"menu_order":0,"comment_status":"closed","ping_status":"closed","template":"","meta":{"footnotes":""},"class_list":["post-412","page","type-page","status-publish","hentry"],"_links":{"self":[{"href":"https:\/\/blogs2.abo.fi\/ovningsdaghem\/wp-json\/wp\/v2\/pages\/412","targetHints":{"allow":["GET"]}}],"collection":[{"href":"https:\/\/blogs2.abo.fi\/ovningsdaghem\/wp-json\/wp\/v2\/pages"}],"about":[{"href":"https:\/\/blogs2.abo.fi\/ovningsdaghem\/wp-json\/wp\/v2\/types\/page"}],"author":[{"embeddable":true,"href":"https:\/\/blogs2.abo.fi\/ovningsdaghem\/wp-json\/wp\/v2\/users\/530"}],"replies":[{"embeddable":true,"href":"https:\/\/blogs2.abo.fi\/ovningsdaghem\/wp-json\/wp\/v2\/comments?post=412"}],"version-history":[{"count":4,"href":"https:\/\/blogs2.abo.fi\/ovningsdaghem\/wp-json\/wp\/v2\/pages\/412\/revisions"}],"predecessor-version":[{"id":1262,"href":"https:\/\/blogs2.abo.fi\/ovningsdaghem\/wp-json\/wp\/v2\/pages\/412\/revisions\/1262"}],"wp:attachment":[{"href":"https:\/\/blogs2.abo.fi\/ovningsdaghem\/wp-json\/wp\/v2\/media?parent=412"}],"curies":[{"name":"wp","href":"https:\/\/api.w.org\/{rel}","templated":true}]}}