{"id":408,"date":"2021-06-17T10:36:40","date_gmt":"2021-06-17T07:36:40","guid":{"rendered":"https:\/\/blogs2.abo.fi\/ovningsdaghem\/?page_id=408"},"modified":"2024-10-02T13:15:05","modified_gmt":"2024-10-02T10:15:05","slug":"skogsdungens-daghem","status":"publish","type":"page","link":"https:\/\/blogs2.abo.fi\/ovningsdaghem\/skogsdungens-daghem\/","title":{"rendered":"Skogsdungens daghem"},"content":{"rendered":"<p><img loading=\"lazy\" decoding=\"async\" class=\"alignleft wp-image-409 size-full\" src=\"http:\/\/blogs2.abo.fi\/ovningsdaghem\/wp-content\/uploads\/sites\/159\/2021\/06\/skogsdungen1-rotated.jpeg\" alt=\"\" width=\"240\" height=\"320\" srcset=\"https:\/\/blogs2.abo.fi\/ovningsdaghem\/wp-content\/uploads\/sites\/159\/2021\/06\/skogsdungen1-rotated.jpeg 240w, https:\/\/blogs2.abo.fi\/ovningsdaghem\/wp-content\/uploads\/sites\/159\/2021\/06\/skogsdungen1-225x300.jpeg 225w\" sizes=\"auto, (max-width: 240px) 100vw, 240px\" \/><img loading=\"lazy\" decoding=\"async\" class=\"alignleft wp-image-410 size-full\" src=\"http:\/\/blogs2.abo.fi\/ovningsdaghem\/wp-content\/uploads\/sites\/159\/2021\/06\/skogsdungen2.jpeg\" alt=\"\" width=\"320\" height=\"240\" srcset=\"https:\/\/blogs2.abo.fi\/ovningsdaghem\/wp-content\/uploads\/sites\/159\/2021\/06\/skogsdungen2.jpeg 320w, https:\/\/blogs2.abo.fi\/ovningsdaghem\/wp-content\/uploads\/sites\/159\/2021\/06\/skogsdungen2-300x225.jpeg 300w\" sizes=\"auto, (max-width: 320px) 100vw, 320px\" \/><\/p>\n<h1><strong>Skogsdungens daghem <\/strong><\/h1>\n<p><strong>Daghemmets ort:<br \/>\n<\/strong>N\u00e4rpes<\/p>\n<p><strong>Daghemmets storlek:<br \/>\n<\/strong>9 avdelningar, 120 barn + skiftesv\u00e5rd<\/p>\n<p><strong>Vi verkar p\u00e5 f\u00f6ljande spr\u00e5k:<br \/>\n<\/strong>Svenska<\/p>\n<p><strong>V\u00e5r pedagogiska grundsyn:<br \/>\n<\/strong>V\u00e5rt m\u00e5l \u00e4r att alla skall k\u00e4nna sig trygga, sedda och h\u00f6rda. Vi vill att alla barn och pedagoger skall k\u00e4nna trygghet genom att f\u00e5 vara som man \u00e4r, uttrycka sina \u00e5sikter, bli v\u00e4nligt bem\u00f6tta utan sarkasm och ironi. Vi vill att alla barn skall utvecklas till sj\u00e4lvst\u00e4ndiga individer och utmanas enligt varje individs egna f\u00f6rm\u00e5ga.<\/p>\n<p><strong>V\u00e5r pedagogik:<\/strong><br \/>\nKommande l\u00e4s\u00e5r \u00e4r v\u00e5rt tema tagit fr\u00e5n kompetensomr\u00e5det jag v\u00e4xer, r\u00f6r p\u00e5 mig och utvecklas och d\u00e4rf\u00f6r kommer vi under \u00e5ret att fokusera p\u00e5 r\u00f6relse, matfostran och v\u00e4lm\u00e5ende, b\u00e5de i v\u00e5r verksamhet men \u00e4ven till personalen. Vi jobbar \u00e4ven med spr\u00e5k, spr\u00e5kf\u00f6rst\u00e5else och andra spr\u00e5ksv\u00e5righeter. Samarbete, relationer och gemenskap \u00e4r ett genomg\u00e5ende tema hos oss. Matematik och naturvetenskap \u00e4r ocks\u00e5 en stor del av v\u00e5r verksamhet.<\/p>\n<p><strong>Varf\u00f6r ska studerande g\u00f6ra praktik p\u00e5 v\u00e5rt daghem?<\/strong><br \/>\nVi har kompetenta och erfarna l\u00e4rare som har en bra verksamhet som studeranden kan ta del av. Eftersom vi \u00e4r ett m\u00e5ngkulturellt daghem har studeranden m\u00f6jlighet att bekanta sig med den delen av sm\u00e5banspedagogiken. Hos oss erbjuder vi \u00e4ven skiftesv\u00e5rd till barn i kommunen.<\/p>\n<p><strong>Vi kan erbjuda boende f\u00f6r den studerande under praktiktiden:<\/strong><br \/>\nNej<\/p>\n<p><strong>Vi kan hj\u00e4lpa till att s\u00f6ka boende f\u00f6r den studerande under praktiktiden:<\/strong><br \/>\nNej<\/p>\n","protected":false},"excerpt":{"rendered":"<p>Skogsdungens daghem Daghemmets ort: N\u00e4rpes Daghemmets storlek: 9 avdelningar, 120 barn + skiftesv\u00e5rd Vi verkar p\u00e5 f\u00f6ljande spr\u00e5k: Svenska V\u00e5r pedagogiska grundsyn: V\u00e5rt m\u00e5l \u00e4r att alla skall k\u00e4nna sig trygga, sedda och h\u00f6rda. Vi vill att alla barn och pedagoger skall k\u00e4nna trygghet genom att f\u00e5 vara som man \u00e4r, uttrycka sina \u00e5sikter, bli &hellip; <a href=\"https:\/\/blogs2.abo.fi\/ovningsdaghem\/skogsdungens-daghem\/\" class=\"more-link\">Forts\u00e4tt l\u00e4sa <span class=\"screen-reader-text\">Skogsdungens daghem<\/span><\/a><\/p>\n","protected":false},"author":530,"featured_media":0,"parent":0,"menu_order":0,"comment_status":"closed","ping_status":"closed","template":"","meta":{"footnotes":""},"class_list":["post-408","page","type-page","status-publish","hentry"],"_links":{"self":[{"href":"https:\/\/blogs2.abo.fi\/ovningsdaghem\/wp-json\/wp\/v2\/pages\/408","targetHints":{"allow":["GET"]}}],"collection":[{"href":"https:\/\/blogs2.abo.fi\/ovningsdaghem\/wp-json\/wp\/v2\/pages"}],"about":[{"href":"https:\/\/blogs2.abo.fi\/ovningsdaghem\/wp-json\/wp\/v2\/types\/page"}],"author":[{"embeddable":true,"href":"https:\/\/blogs2.abo.fi\/ovningsdaghem\/wp-json\/wp\/v2\/users\/530"}],"replies":[{"embeddable":true,"href":"https:\/\/blogs2.abo.fi\/ovningsdaghem\/wp-json\/wp\/v2\/comments?post=408"}],"version-history":[{"count":5,"href":"https:\/\/blogs2.abo.fi\/ovningsdaghem\/wp-json\/wp\/v2\/pages\/408\/revisions"}],"predecessor-version":[{"id":1250,"href":"https:\/\/blogs2.abo.fi\/ovningsdaghem\/wp-json\/wp\/v2\/pages\/408\/revisions\/1250"}],"wp:attachment":[{"href":"https:\/\/blogs2.abo.fi\/ovningsdaghem\/wp-json\/wp\/v2\/media?parent=408"}],"curies":[{"name":"wp","href":"https:\/\/api.w.org\/{rel}","templated":true}]}}