{"id":403,"date":"2021-06-17T10:20:23","date_gmt":"2021-06-17T07:20:23","guid":{"rendered":"https:\/\/blogs2.abo.fi\/ovningsdaghem\/?page_id=403"},"modified":"2021-06-17T10:20:23","modified_gmt":"2021-06-17T07:20:23","slug":"friluftsdaghemmet-skogsglantan","status":"publish","type":"page","link":"https:\/\/blogs2.abo.fi\/ovningsdaghem\/friluftsdaghemmet-skogsglantan\/","title":{"rendered":"Friluftsdaghemmet Skogsgl\u00e4ntan"},"content":{"rendered":"<h1><img loading=\"lazy\" decoding=\"async\" class=\"alignleft size-full wp-image-404\" src=\"http:\/\/blogs2.abo.fi\/ovningsdaghem\/wp-content\/uploads\/sites\/159\/2021\/06\/samling.jpg\" alt=\"\" width=\"996\" height=\"812\" srcset=\"https:\/\/blogs2.abo.fi\/ovningsdaghem\/wp-content\/uploads\/sites\/159\/2021\/06\/samling.jpg 996w, https:\/\/blogs2.abo.fi\/ovningsdaghem\/wp-content\/uploads\/sites\/159\/2021\/06\/samling-300x245.jpg 300w, https:\/\/blogs2.abo.fi\/ovningsdaghem\/wp-content\/uploads\/sites\/159\/2021\/06\/samling-768x626.jpg 768w, https:\/\/blogs2.abo.fi\/ovningsdaghem\/wp-content\/uploads\/sites\/159\/2021\/06\/samling-624x509.jpg 624w\" sizes=\"auto, (max-width: 996px) 100vw, 996px\" \/><\/h1>\n<h1>Friluftsdaghemmet Skogsgl\u00e4ntan<\/h1>\n<p><strong>Daghemmets ort: <\/strong><br \/>\nLarsmo<\/p>\n<p><strong>Daghemmets storlek (antal avdelningar, barn):\u00a0 <\/strong><br \/>\n1 avdelning, 21 platser<\/p>\n<p><strong>Vi verkar p\u00e5 f\u00f6ljande spr\u00e5k: <\/strong><br \/>\nSvenska<\/p>\n<p><strong>V\u00e5r pedagogiska grundsyn:<br \/>\n<\/strong>Alla \u00e4r olika, men alla \u00e4r lika mycket v\u00e4rda. Vi jobbar mycket med gruppdynamik, k\u00e4nslor, respekt och att visa h\u00e4nsyn. Vi str\u00e4var till att alla ska k\u00e4nna trygghet och m\u00e5let \u00e4r att l\u00e5ta alla v\u00e4xa upp till sj\u00e4lvst\u00e4ndiga, trygga individer.<\/p>\n<p>L\u00e4rande sker i alla situationer och d\u00e4rf\u00f6r \u00e4r n\u00e4rvarande vuxna viktiga f\u00f6r barnens utveckling och l\u00e4rande. \u00c4ven den fria leken \u00e4r viktig. Vi tror att det \u00e4r genom pr\u00f6vning och misstag man l\u00e4r sig.<\/p>\n<p>Hos oss \u00e4r det viktigt att barnen \u00e4r delaktiga, de l\u00e4r sig om demokrati, att f\u00e5 sin r\u00f6st h\u00f6rd, men \u00e4ven att f\u00f6rst\u00e5 och respektera andras \u00e5sikter. Vi planerar och utv\u00e4rderar den pedagogiska verksamheten tillsammans med barnen.<\/p>\n<p><strong>V\u00e5r pedagogik:<br \/>\n<\/strong>Ut p\u00e5 tur, aldrig sur!<\/p>\n<p>Vi \u00e4r ett friluftsdaghem och det mesta av verksamheten sker utomhus. Vi har ett h\u00e4rligt stort omr\u00e5de att r\u00f6ra oss p\u00e5 som inbjuder till lek, forskning och utmaningar. Vi r\u00f6r p\u00e5 oss mycket och g\u00f6r ofta utf\u00e4rder. Vi \u00e4r flexibla vad g\u00e4ller verksamhet och genomf\u00f6rande och f\u00f6ljer inget tidsschema. Vi vill visa att det inte \u00e4r sv\u00e5rare att jobba enligt planen utomhus \u00e4n inomhus.<\/p>\n<p><strong>Varf\u00f6r ska studerande g\u00f6ra praktik p\u00e5 v\u00e5rt daghem?<br \/>\n<\/strong>Vi vill visa p\u00e5 en annan typ av daghemsverksamhet. Vi vill visa att allt det man g\u00f6r inomhus g\u00e5r att g\u00f6ra utomhus.<\/p>\n<p>Vi vill visa p\u00e5 barns delaktighet.<\/p>\n<p>Studerande som har varit hos oss s\u00e4ger att vi g\u00f6r mycket mera \u00e4n p\u00e5 vanliga daghem.<\/p>\n<p>F\u00f6lj v\u00e5rt instagramkonto <strong>@skogsglantanfriluftsdaghem<\/strong> om ni vill se bilder och vad vi g\u00f6r under en dag.<\/p>\n<p><strong>Vi kan erbjuda boende f\u00f6r den studerande under praktiktiden: <\/strong><br \/>\nNej<\/p>\n<p><strong>Vi kan hj\u00e4lpa till att s\u00f6ka boende f\u00f6r den studerande under praktiktiden:\u00a0 <\/strong><br \/>\nNej<\/p>\n<p><img loading=\"lazy\" decoding=\"async\" class=\"alignleft size-full wp-image-405\" src=\"http:\/\/blogs2.abo.fi\/ovningsdaghem\/wp-content\/uploads\/sites\/159\/2021\/06\/Skidakning-fodelsedag.jpg\" alt=\"\" width=\"1280\" height=\"960\" srcset=\"https:\/\/blogs2.abo.fi\/ovningsdaghem\/wp-content\/uploads\/sites\/159\/2021\/06\/Skidakning-fodelsedag.jpg 1280w, https:\/\/blogs2.abo.fi\/ovningsdaghem\/wp-content\/uploads\/sites\/159\/2021\/06\/Skidakning-fodelsedag-300x225.jpg 300w, https:\/\/blogs2.abo.fi\/ovningsdaghem\/wp-content\/uploads\/sites\/159\/2021\/06\/Skidakning-fodelsedag-1024x768.jpg 1024w, https:\/\/blogs2.abo.fi\/ovningsdaghem\/wp-content\/uploads\/sites\/159\/2021\/06\/Skidakning-fodelsedag-768x576.jpg 768w, https:\/\/blogs2.abo.fi\/ovningsdaghem\/wp-content\/uploads\/sites\/159\/2021\/06\/Skidakning-fodelsedag-624x468.jpg 624w\" sizes=\"auto, (max-width: 1280px) 100vw, 1280px\" \/><\/p>\n","protected":false},"excerpt":{"rendered":"<p>Friluftsdaghemmet Skogsgl\u00e4ntan Daghemmets ort: Larsmo Daghemmets storlek (antal avdelningar, barn):\u00a0 1 avdelning, 21 platser Vi verkar p\u00e5 f\u00f6ljande spr\u00e5k: Svenska V\u00e5r pedagogiska grundsyn: Alla \u00e4r olika, men alla \u00e4r lika mycket v\u00e4rda. Vi jobbar mycket med gruppdynamik, k\u00e4nslor, respekt och att visa h\u00e4nsyn. Vi str\u00e4var till att alla ska k\u00e4nna trygghet och m\u00e5let \u00e4r att &hellip; <a href=\"https:\/\/blogs2.abo.fi\/ovningsdaghem\/friluftsdaghemmet-skogsglantan\/\" class=\"more-link\">Forts\u00e4tt l\u00e4sa <span class=\"screen-reader-text\">Friluftsdaghemmet Skogsgl\u00e4ntan<\/span><\/a><\/p>\n","protected":false},"author":530,"featured_media":0,"parent":0,"menu_order":0,"comment_status":"closed","ping_status":"closed","template":"","meta":{"footnotes":""},"class_list":["post-403","page","type-page","status-publish","hentry"],"_links":{"self":[{"href":"https:\/\/blogs2.abo.fi\/ovningsdaghem\/wp-json\/wp\/v2\/pages\/403","targetHints":{"allow":["GET"]}}],"collection":[{"href":"https:\/\/blogs2.abo.fi\/ovningsdaghem\/wp-json\/wp\/v2\/pages"}],"about":[{"href":"https:\/\/blogs2.abo.fi\/ovningsdaghem\/wp-json\/wp\/v2\/types\/page"}],"author":[{"embeddable":true,"href":"https:\/\/blogs2.abo.fi\/ovningsdaghem\/wp-json\/wp\/v2\/users\/530"}],"replies":[{"embeddable":true,"href":"https:\/\/blogs2.abo.fi\/ovningsdaghem\/wp-json\/wp\/v2\/comments?post=403"}],"version-history":[{"count":1,"href":"https:\/\/blogs2.abo.fi\/ovningsdaghem\/wp-json\/wp\/v2\/pages\/403\/revisions"}],"predecessor-version":[{"id":406,"href":"https:\/\/blogs2.abo.fi\/ovningsdaghem\/wp-json\/wp\/v2\/pages\/403\/revisions\/406"}],"wp:attachment":[{"href":"https:\/\/blogs2.abo.fi\/ovningsdaghem\/wp-json\/wp\/v2\/media?parent=403"}],"curies":[{"name":"wp","href":"https:\/\/api.w.org\/{rel}","templated":true}]}}