{"id":400,"date":"2021-06-17T10:12:39","date_gmt":"2021-06-17T07:12:39","guid":{"rendered":"https:\/\/blogs2.abo.fi\/ovningsdaghem\/?page_id=400"},"modified":"2024-06-25T11:21:37","modified_gmt":"2024-06-25T08:21:37","slug":"daghemmet-lingonskogen","status":"publish","type":"page","link":"https:\/\/blogs2.abo.fi\/ovningsdaghem\/daghemmet-lingonskogen\/","title":{"rendered":"Daghemmet Lingonskogen"},"content":{"rendered":"<h1><strong>Daghemmet Lingonskogen <\/strong><\/h1>\n<p><strong>Daghemmets ort:<br \/>\n<\/strong>Larsmo<\/p>\n<p><strong>Daghemmets storlek:<br \/>\n<\/strong>3 avdelningar och totalt 54 barn.<br \/>\n0-2 \u00e5ringar, 3-4 \u00e5ringar och 4-5 \u00e5ringar.<\/p>\n<p><strong>Vi verkar p\u00e5 f\u00f6ljande spr\u00e5k:<br \/>\n<\/strong>Vi pratar svenska, men anv\u00e4nder finskan dagligen i olika dagsrutiner eller via ramsor och s\u00e5nger.<\/p>\n<p><strong>V\u00e5r pedagogiska grundsyn:<br \/>\n<\/strong>I v\u00e5r pedagogiska grundsyn betonar vi bland annat att alla m\u00e4nniskors lika v\u00e4rde. Alla har olika f\u00f6ruts\u00e4ttningar och behov, men alla \u00e4r lika v\u00e4rdefulla. Vi str\u00e4var efter att barnen ska f\u00e5 en f\u00f6rst\u00e5else f\u00f6r att alla \u00e4r lika v\u00e4rdefulla och att vi bem\u00f6ter varandra v\u00e4nligt och med respekt.<\/p>\n<p>Barnen \u00e4r aktiva i sitt kunskapss\u00f6kande. De l\u00e4r sig hela tiden i vardagens alla situationer, samt genom leken. Pedagogernas uppgift \u00e4r att b\u00e5de st\u00f6da och utmana barnens l\u00e4rprocesser och utveckling. Pedagogerna utg\u00e5r fr\u00e5n barnens intressen och behov f\u00f6r att skapa en meningsfull pedagogisk verksamhet.<\/p>\n<p>Barnen beh\u00f6ver k\u00e4nna trygghet f\u00f6r att l\u00e4rande \u00f6verhuvudtaget ska ske.<\/p>\n<p>I v\u00e4rdegrunden betonar vi trygghet, j\u00e4mlikhet och respekt, barndomens eget v\u00e4rde och barnens delaktighet.<\/p>\n<p><strong>V\u00e5r pedagogik:<br \/>\n<\/strong>I v\u00e5rt daghem arbetar vi inspirerat av egenv\u00e5rdarmodellen. Varje barn har en egenv\u00e5rdare som skolar in barnet och som h\u00e5ller utvecklingssamtal med v\u00e5rdnadshavarna b\u00e5de h\u00f6st- och v\u00e5rtermin.<\/p>\n<ul>\n<li>Vi arbetar med sm\u00e5gruppsverksamhet.<\/li>\n<li>Vi betonar utomhuspedagogik och g\u00f6r bl.a. skogsutf\u00e4rder varje vecka.<\/li>\n<li>Vi vill att barnen ska f\u00e5 en positiv attityd till finska spr\u00e5ket och anv\u00e4nder finskan dagligen i v\u00e5r verksamhet.<\/li>\n<\/ul>\n<p><strong>Varf\u00f6r ska studerande g\u00f6ra praktik p\u00e5 v\u00e5rt daghem?<br \/>\n<\/strong>Lingonskogen \u00e4r byggt \u00e5r 2014, vi har fina utrymmen och en egen gymnastikal. Daghemmet \u00e4r bel\u00e4get intill en fin skog, men samtidigt har vi kommunens centrum med bl.a. bibliotek och torg alldeles intill oss.<\/p>\n<p>Hos oss f\u00e5r du m\u00f6jlighet att, bland trevliga m\u00e4nniskor och i en trevlig milj\u00f6, utvecklas i din roll som l\u00e4rare inom sm\u00e5barnspedagogik.<\/p>\n<p><strong>Vi kan erbjuda boende f\u00f6r den studerande under praktiktiden:<br \/>\n<\/strong>Nej<\/p>\n<p><strong>Vi kan hj\u00e4lpa till att s\u00f6ka boende f\u00f6r den studerande under praktiktiden:<br \/>\n<\/strong>Ja<\/p>\n","protected":false},"excerpt":{"rendered":"<p>Daghemmet Lingonskogen Daghemmets ort: Larsmo Daghemmets storlek: 3 avdelningar och totalt 54 barn. 0-2 \u00e5ringar, 3-4 \u00e5ringar och 4-5 \u00e5ringar. Vi verkar p\u00e5 f\u00f6ljande spr\u00e5k: Vi pratar svenska, men anv\u00e4nder finskan dagligen i olika dagsrutiner eller via ramsor och s\u00e5nger. V\u00e5r pedagogiska grundsyn: I v\u00e5r pedagogiska grundsyn betonar vi bland annat att alla m\u00e4nniskors lika &hellip; <a href=\"https:\/\/blogs2.abo.fi\/ovningsdaghem\/daghemmet-lingonskogen\/\" class=\"more-link\">Forts\u00e4tt l\u00e4sa <span class=\"screen-reader-text\">Daghemmet Lingonskogen<\/span><\/a><\/p>\n","protected":false},"author":530,"featured_media":0,"parent":0,"menu_order":0,"comment_status":"closed","ping_status":"closed","template":"","meta":{"footnotes":""},"class_list":["post-400","page","type-page","status-publish","hentry"],"_links":{"self":[{"href":"https:\/\/blogs2.abo.fi\/ovningsdaghem\/wp-json\/wp\/v2\/pages\/400","targetHints":{"allow":["GET"]}}],"collection":[{"href":"https:\/\/blogs2.abo.fi\/ovningsdaghem\/wp-json\/wp\/v2\/pages"}],"about":[{"href":"https:\/\/blogs2.abo.fi\/ovningsdaghem\/wp-json\/wp\/v2\/types\/page"}],"author":[{"embeddable":true,"href":"https:\/\/blogs2.abo.fi\/ovningsdaghem\/wp-json\/wp\/v2\/users\/530"}],"replies":[{"embeddable":true,"href":"https:\/\/blogs2.abo.fi\/ovningsdaghem\/wp-json\/wp\/v2\/comments?post=400"}],"version-history":[{"count":2,"href":"https:\/\/blogs2.abo.fi\/ovningsdaghem\/wp-json\/wp\/v2\/pages\/400\/revisions"}],"predecessor-version":[{"id":1135,"href":"https:\/\/blogs2.abo.fi\/ovningsdaghem\/wp-json\/wp\/v2\/pages\/400\/revisions\/1135"}],"wp:attachment":[{"href":"https:\/\/blogs2.abo.fi\/ovningsdaghem\/wp-json\/wp\/v2\/media?parent=400"}],"curies":[{"name":"wp","href":"https:\/\/api.w.org\/{rel}","templated":true}]}}