{"id":392,"date":"2021-06-17T09:57:29","date_gmt":"2021-06-17T06:57:29","guid":{"rendered":"https:\/\/blogs2.abo.fi\/ovningsdaghem\/?page_id=392"},"modified":"2024-06-25T11:37:34","modified_gmt":"2024-06-25T08:37:34","slug":"bergo-daghem","status":"publish","type":"page","link":"https:\/\/blogs2.abo.fi\/ovningsdaghem\/bergo-daghem\/","title":{"rendered":"Berg\u00f6 daghem"},"content":{"rendered":"<p><img loading=\"lazy\" decoding=\"async\" class=\"wp-image-393 alignnone\" src=\"http:\/\/blogs2.abo.fi\/ovningsdaghem\/wp-content\/uploads\/sites\/159\/2021\/06\/Bergogarden2.jpg\" alt=\"\" width=\"448\" height=\"597\" srcset=\"https:\/\/blogs2.abo.fi\/ovningsdaghem\/wp-content\/uploads\/sites\/159\/2021\/06\/Bergogarden2.jpg 1200w, https:\/\/blogs2.abo.fi\/ovningsdaghem\/wp-content\/uploads\/sites\/159\/2021\/06\/Bergogarden2-225x300.jpg 225w, https:\/\/blogs2.abo.fi\/ovningsdaghem\/wp-content\/uploads\/sites\/159\/2021\/06\/Bergogarden2-768x1023.jpg 768w, https:\/\/blogs2.abo.fi\/ovningsdaghem\/wp-content\/uploads\/sites\/159\/2021\/06\/Bergogarden2-1153x1536.jpg 1153w, https:\/\/blogs2.abo.fi\/ovningsdaghem\/wp-content\/uploads\/sites\/159\/2021\/06\/Bergogarden2-624x831.jpg 624w\" sizes=\"auto, (max-width: 448px) 100vw, 448px\" \/><\/p>\n<h1><strong>Berg\u00f6 daghem<\/strong><\/h1>\n<p><strong>Daghemmets ort:<br \/>\n<\/strong>Berg\u00f6, Malax<\/p>\n<p><strong>Daghemmets storlek:<br \/>\n<\/strong>1 avdelning 1-4 \u00e5r.<br \/>\n1 f\u00f6rskola 5-6 \u00e5r.<br \/>\nCa 20 barn totalt.<\/p>\n<p><strong>Vi verkar p\u00e5 f\u00f6ljande spr\u00e5k:<br \/>\n<\/strong>Svenska<\/p>\n<p><strong>V\u00e5r pedagogiska grundsyn:<br \/>\n<\/strong>Att barnen ska f\u00e5 en tillitsfull relation till b\u00e5de vuxna och barn och att de kan gl\u00e4djas \u00f6ver att vara tillsammans med andra. Att alla barn ska bli h\u00f6rda, bekr\u00e4ftade och sedda.<\/p>\n<p><strong>V\u00e5r pedagogik:<br \/>\n<\/strong>P\u00e5 natursk\u00f6na Berg\u00f6 tar daghemmet vara p\u00e5 naturen. N\u00e4rheten till skog och mark ger fina m\u00f6jligheter till utomhuspedagogik. Vi satsar p\u00e5 att barnen ska f\u00e5 pr\u00f6va p\u00e5 praktiska f\u00e4rdigheter sj\u00e4lva i s\u00e5 l\u00e5ng utstr\u00e4ckning som m\u00f6jligt, ett s.k. \u201dlearning-by-doing\u201d-arbetss\u00e4tt. Att barn ska f\u00e5 s\u00e5 goda f\u00f6ruts\u00e4ttningar att ta till sig kunskap enligt de f\u00f6ruts\u00e4ttningar de har.<\/p>\n<p><strong>Varf\u00f6r ska studerande g\u00f6ra praktik p\u00e5 v\u00e5rt daghem?<br \/>\n<\/strong>Personalen arbetar utvecklingsfokuserat och \u00e4r inte r\u00e4dda f\u00f6r att testa p\u00e5 nya arbetsmetoder. Tillg\u00e5ngen till naturen g\u00f6r att endast fantasin l\u00e4gger gr\u00e4nser f\u00f6r anv\u00e4ndningen av l\u00e4rmilj\u00f6erna. Daghemmet arbetar t\u00e4tt sammansvetsat och har \u00e4ven ett t\u00e4tt samarbete med Berg\u00f6 skola som befinner sig endast ett stenkast ifr\u00e5n daghemmet.<\/p>\n<p><strong>Vi kan erbjuda boende f\u00f6r den studerande under praktiktiden:<br \/>\n<\/strong>Nej<\/p>\n<p><strong>Vi kan hj\u00e4lpa till att s\u00f6ka boende f\u00f6r den studerande under praktiktiden:<br \/>\n<\/strong>Nej<\/p>\n","protected":false},"excerpt":{"rendered":"<p>Berg\u00f6 daghem Daghemmets ort: Berg\u00f6, Malax Daghemmets storlek: 1 avdelning 1-4 \u00e5r. 1 f\u00f6rskola 5-6 \u00e5r. Ca 20 barn totalt. Vi verkar p\u00e5 f\u00f6ljande spr\u00e5k: Svenska V\u00e5r pedagogiska grundsyn: Att barnen ska f\u00e5 en tillitsfull relation till b\u00e5de vuxna och barn och att de kan gl\u00e4djas \u00f6ver att vara tillsammans med andra. Att alla barn &hellip; <a href=\"https:\/\/blogs2.abo.fi\/ovningsdaghem\/bergo-daghem\/\" class=\"more-link\">Forts\u00e4tt l\u00e4sa <span class=\"screen-reader-text\">Berg\u00f6 daghem<\/span><\/a><\/p>\n","protected":false},"author":530,"featured_media":0,"parent":0,"menu_order":0,"comment_status":"closed","ping_status":"closed","template":"","meta":{"footnotes":""},"class_list":["post-392","page","type-page","status-publish","hentry"],"_links":{"self":[{"href":"https:\/\/blogs2.abo.fi\/ovningsdaghem\/wp-json\/wp\/v2\/pages\/392","targetHints":{"allow":["GET"]}}],"collection":[{"href":"https:\/\/blogs2.abo.fi\/ovningsdaghem\/wp-json\/wp\/v2\/pages"}],"about":[{"href":"https:\/\/blogs2.abo.fi\/ovningsdaghem\/wp-json\/wp\/v2\/types\/page"}],"author":[{"embeddable":true,"href":"https:\/\/blogs2.abo.fi\/ovningsdaghem\/wp-json\/wp\/v2\/users\/530"}],"replies":[{"embeddable":true,"href":"https:\/\/blogs2.abo.fi\/ovningsdaghem\/wp-json\/wp\/v2\/comments?post=392"}],"version-history":[{"count":3,"href":"https:\/\/blogs2.abo.fi\/ovningsdaghem\/wp-json\/wp\/v2\/pages\/392\/revisions"}],"predecessor-version":[{"id":1153,"href":"https:\/\/blogs2.abo.fi\/ovningsdaghem\/wp-json\/wp\/v2\/pages\/392\/revisions\/1153"}],"wp:attachment":[{"href":"https:\/\/blogs2.abo.fi\/ovningsdaghem\/wp-json\/wp\/v2\/media?parent=392"}],"curies":[{"name":"wp","href":"https:\/\/api.w.org\/{rel}","templated":true}]}}