{"id":385,"date":"2021-06-17T09:48:01","date_gmt":"2021-06-17T06:48:01","guid":{"rendered":"https:\/\/blogs2.abo.fi\/ovningsdaghem\/?page_id=385"},"modified":"2024-10-02T13:20:29","modified_gmt":"2024-10-02T10:20:29","slug":"daghemmet-smultronstallet","status":"publish","type":"page","link":"https:\/\/blogs2.abo.fi\/ovningsdaghem\/daghemmet-smultronstallet\/","title":{"rendered":"Daghemmet Smultronst\u00e4llet"},"content":{"rendered":"<h6><img loading=\"lazy\" decoding=\"async\" class=\"alignleft size-full wp-image-386\" src=\"http:\/\/blogs2.abo.fi\/ovningsdaghem\/wp-content\/uploads\/sites\/159\/2021\/06\/Dagis4.jpg\" alt=\"\" width=\"1437\" height=\"958\" srcset=\"https:\/\/blogs2.abo.fi\/ovningsdaghem\/wp-content\/uploads\/sites\/159\/2021\/06\/Dagis4.jpg 1437w, https:\/\/blogs2.abo.fi\/ovningsdaghem\/wp-content\/uploads\/sites\/159\/2021\/06\/Dagis4-300x200.jpg 300w, https:\/\/blogs2.abo.fi\/ovningsdaghem\/wp-content\/uploads\/sites\/159\/2021\/06\/Dagis4-1024x683.jpg 1024w, https:\/\/blogs2.abo.fi\/ovningsdaghem\/wp-content\/uploads\/sites\/159\/2021\/06\/Dagis4-768x512.jpg 768w, https:\/\/blogs2.abo.fi\/ovningsdaghem\/wp-content\/uploads\/sites\/159\/2021\/06\/Dagis4-624x416.jpg 624w\" sizes=\"auto, (max-width: 1437px) 100vw, 1437px\" \/><strong>Bilden h\u00e4mtad fr\u00e5n <a href=\"https:\/\/petalax.fi\/skolor.html\">Petalax hemsida.<\/a><\/strong><\/h6>\n<h1>Daghemmet Smultronst\u00e4llet<\/h1>\n<p><strong>Daghemmets ort:<br \/>\n<\/strong>Petalax<\/p>\n<p><strong>Daghemmets storlek:<\/strong><br \/>\nBlomman, 1\u20133 \u00e5ringar, 10st<br \/>\nB\u00e4ret, 3\u20135 \u00e5ringar, 16 st<\/p>\n<p><strong>Vi verkar p\u00e5 f\u00f6ljande spr\u00e5k:<br \/>\n<\/strong>Svenska<\/p>\n<p><strong>V\u00e5r pedagogiska grundsyn:<\/strong><br \/>\nF\u00f6r oss p\u00e5 Smultronst\u00e4llet \u00e4r det viktigt att fostra trygga, sj\u00e4lvst\u00e4ndiga barn. Alla barn ska dagligen k\u00e4nna sig sedda och deras individuella behov ska tillgodoses.<\/p>\n<p><strong>V\u00e5r pedagogik:<\/strong><br \/>\nTyngdpunkten ligger p\u00e5 utomhuspedagogik, eftersom vi har n\u00e4ra till naturen och kan b\u00e5de g\u00e5 ut i skogen, skida och skrinna i n\u00e4rmilj\u00f6n. Malax kommuns sm\u00e5barnspedagogik har egna elcyklar med l\u00e5da, i vilka barnen kan f\u00e4rdas i n\u00e4rmilj\u00f6n.<\/p>\n<p>Vi arbetar med dessutom f\u00f6r h\u00e5llbarhet och med spr\u00e5kst\u00f6djande verksamhet bl.a. genom materialet F\u00f6re Bornholmsmodellen.<\/p>\n<p><strong>Varf\u00f6r ska studerande g\u00f6ra praktik p\u00e5 v\u00e5rt daghem?<br \/>\n<\/strong> Vi \u00e4r ett litet familj\u00e4rt daghem med lugnt tempo ute p\u00e5 den lugna landsbygden.<\/p>\n<p><strong>Vi kan erbjuda boende f\u00f6r den studerande under praktiktiden:<br \/>\n<\/strong>Nej<\/p>\n<p><strong>Vi kan hj\u00e4lpa till att s\u00f6ka boende f\u00f6r den studerande under praktiktiden:<br \/>\n<\/strong>Nej<\/p>\n","protected":false},"excerpt":{"rendered":"<p>Bilden h\u00e4mtad fr\u00e5n Petalax hemsida. Daghemmet Smultronst\u00e4llet Daghemmets ort: Petalax Daghemmets storlek: Blomman, 1\u20133 \u00e5ringar, 10st B\u00e4ret, 3\u20135 \u00e5ringar, 16 st Vi verkar p\u00e5 f\u00f6ljande spr\u00e5k: Svenska V\u00e5r pedagogiska grundsyn: F\u00f6r oss p\u00e5 Smultronst\u00e4llet \u00e4r det viktigt att fostra trygga, sj\u00e4lvst\u00e4ndiga barn. Alla barn ska dagligen k\u00e4nna sig sedda och deras individuella behov ska tillgodoses. &hellip; <a href=\"https:\/\/blogs2.abo.fi\/ovningsdaghem\/daghemmet-smultronstallet\/\" class=\"more-link\">Forts\u00e4tt l\u00e4sa <span class=\"screen-reader-text\">Daghemmet Smultronst\u00e4llet<\/span><\/a><\/p>\n","protected":false},"author":530,"featured_media":0,"parent":0,"menu_order":0,"comment_status":"closed","ping_status":"closed","template":"","meta":{"footnotes":""},"class_list":["post-385","page","type-page","status-publish","hentry"],"_links":{"self":[{"href":"https:\/\/blogs2.abo.fi\/ovningsdaghem\/wp-json\/wp\/v2\/pages\/385","targetHints":{"allow":["GET"]}}],"collection":[{"href":"https:\/\/blogs2.abo.fi\/ovningsdaghem\/wp-json\/wp\/v2\/pages"}],"about":[{"href":"https:\/\/blogs2.abo.fi\/ovningsdaghem\/wp-json\/wp\/v2\/types\/page"}],"author":[{"embeddable":true,"href":"https:\/\/blogs2.abo.fi\/ovningsdaghem\/wp-json\/wp\/v2\/users\/530"}],"replies":[{"embeddable":true,"href":"https:\/\/blogs2.abo.fi\/ovningsdaghem\/wp-json\/wp\/v2\/comments?post=385"}],"version-history":[{"count":9,"href":"https:\/\/blogs2.abo.fi\/ovningsdaghem\/wp-json\/wp\/v2\/pages\/385\/revisions"}],"predecessor-version":[{"id":1251,"href":"https:\/\/blogs2.abo.fi\/ovningsdaghem\/wp-json\/wp\/v2\/pages\/385\/revisions\/1251"}],"wp:attachment":[{"href":"https:\/\/blogs2.abo.fi\/ovningsdaghem\/wp-json\/wp\/v2\/media?parent=385"}],"curies":[{"name":"wp","href":"https:\/\/api.w.org\/{rel}","templated":true}]}}