{"id":376,"date":"2021-06-16T16:54:44","date_gmt":"2021-06-16T13:54:44","guid":{"rendered":"https:\/\/blogs2.abo.fi\/ovningsdaghem\/?page_id=376"},"modified":"2024-06-25T11:41:50","modified_gmt":"2024-06-25T08:41:50","slug":"lappfjards-daghem","status":"publish","type":"page","link":"https:\/\/blogs2.abo.fi\/ovningsdaghem\/lappfjards-daghem\/","title":{"rendered":"Lappfj\u00e4rds daghem"},"content":{"rendered":"<p><strong><img loading=\"lazy\" decoding=\"async\" class=\"alignleft size-full wp-image-377\" src=\"http:\/\/blogs2.abo.fi\/ovningsdaghem\/wp-content\/uploads\/sites\/159\/2021\/06\/lappfjards-daghem.jpg\" alt=\"\" width=\"647\" height=\"431\" srcset=\"https:\/\/blogs2.abo.fi\/ovningsdaghem\/wp-content\/uploads\/sites\/159\/2021\/06\/lappfjards-daghem.jpg 647w, https:\/\/blogs2.abo.fi\/ovningsdaghem\/wp-content\/uploads\/sites\/159\/2021\/06\/lappfjards-daghem-300x200.jpg 300w, https:\/\/blogs2.abo.fi\/ovningsdaghem\/wp-content\/uploads\/sites\/159\/2021\/06\/lappfjards-daghem-624x416.jpg 624w\" sizes=\"auto, (max-width: 647px) 100vw, 647px\" \/><br \/>\n<\/strong><\/p>\n<h6><strong>Bilden h\u00e4mtad fr\u00e5n <a href=\"https:\/\/www.sydin.fi\/Artikel\/Visa\/395381\">syd\u00f6sterbottens nyhetssida.\u00a0<\/a><\/strong><\/h6>\n<h1><strong>Lappfj\u00e4rds daghem\u00a0<\/strong><\/h1>\n<p><strong>Daghemmets ort:<br \/>\n<\/strong>Lappfj\u00e4rd, Kristinestad<\/p>\n<p><strong>Daghemmets storlek:<br \/>\n<\/strong>3 avdelningar med plats f\u00f6r sammanlagt 54 barn + f\u00f6rskola<\/p>\n<p><strong>Vi verkar p\u00e5 f\u00f6ljande spr\u00e5k:<br \/>\n<\/strong>Svenska och finska<\/p>\n<p><strong>V\u00e5r pedagogiska grundsyn:<br \/>\n<\/strong>Varje barn \u00e4r unikt och v\u00e4rdefullt som det \u00e4r och alla barn har r\u00e4tt till en trygg barndom. Alla barn har r\u00e4tt att bli h\u00f6rda, sedda, tagna i beaktande som individer och som medlemmar i sin grupp. Barn har r\u00e4tt att uttrycka sina tankar och \u00e5sikter. Barnen har r\u00e4tt till god undervisning, omsorg och uppmuntrande respons. Barnen har r\u00e4tt att leka och r\u00e4tt till social gemenskap. Barnen har r\u00e4tt att f\u00e5 m\u00e5ngsidig information, hantera k\u00e4nslor och konflikter samt pr\u00f6va p\u00e5 och l\u00e4ra sig nya saker.<\/p>\n<p>Ingen form av mobbning, rasism eller v\u00e5ld f\u00e5r till\u00e5tas.<\/p>\n<p>Daghemmet har som uppdrag att v\u00e4gleda barnen till h\u00e4lsosamma levnadsvanor, utveckla emotionella f\u00e4rdigheter och estetiskt t\u00e4nkande. Ett n\u00e4ra samarbete med v\u00e5rdnadshavarna v\u00e4rderas h\u00f6gt.<\/p>\n<p><strong>V\u00e5r pedagogik:<br \/>\n<\/strong> Bildningens gemensamma teman: Tv\u00e5spr\u00e5kighet, h\u00e5llbart v\u00e4lm\u00e5ende och cittaslow<\/p>\n<p><strong>Varf\u00f6r ska studerande g\u00f6ra praktik p\u00e5 v\u00e5rt daghem?<br \/>\n<\/strong> Utbyggnaden av Lappfj\u00e4rds daghem f\u00e4rdigst\u00e4lls som b\u00e4st och fr\u00e5n h\u00f6sten \u00e4r nu \u00e4ntligen hela daghemmet och f\u00f6rskola under samma tak. Tv\u00e5 avdelningar har helt nya utrymmen och personalrum och kafferum \u00e4r ocks\u00e5 helt nya. Hela g\u00e5rden har blivit omgjord samt har k\u00f6ket f\u00e5tt en uppfr\u00e4schning.<\/p>\n<p>Fr\u00e5n h\u00f6sten har vi flera l\u00e4rare \u00e4n tidigare p\u00e5 daghemmet f\u00f6r att kunna ge barnen \u00e4nnu st\u00f6rre f\u00f6ruts\u00e4ttningar f\u00f6r deras l\u00e4rande och utveckling.<\/p>\n<p><strong>Vi kan erbjuda boende f\u00f6r den studerande under praktiktiden:<br \/>\n<\/strong>Kanske<\/p>\n<p><strong>Vi kan hj\u00e4lpa till att s\u00f6ka boende f\u00f6r den studerande under praktiktiden:<br \/>\n<\/strong>Ja<\/p>\n","protected":false},"excerpt":{"rendered":"<p>Bilden h\u00e4mtad fr\u00e5n syd\u00f6sterbottens nyhetssida.\u00a0 Lappfj\u00e4rds daghem\u00a0 Daghemmets ort: Lappfj\u00e4rd, Kristinestad Daghemmets storlek: 3 avdelningar med plats f\u00f6r sammanlagt 54 barn + f\u00f6rskola Vi verkar p\u00e5 f\u00f6ljande spr\u00e5k: Svenska och finska V\u00e5r pedagogiska grundsyn: Varje barn \u00e4r unikt och v\u00e4rdefullt som det \u00e4r och alla barn har r\u00e4tt till en trygg barndom. Alla barn har &hellip; <a href=\"https:\/\/blogs2.abo.fi\/ovningsdaghem\/lappfjards-daghem\/\" class=\"more-link\">Forts\u00e4tt l\u00e4sa <span class=\"screen-reader-text\">Lappfj\u00e4rds daghem<\/span><\/a><\/p>\n","protected":false},"author":530,"featured_media":0,"parent":0,"menu_order":0,"comment_status":"closed","ping_status":"closed","template":"","meta":{"footnotes":""},"class_list":["post-376","page","type-page","status-publish","hentry"],"_links":{"self":[{"href":"https:\/\/blogs2.abo.fi\/ovningsdaghem\/wp-json\/wp\/v2\/pages\/376","targetHints":{"allow":["GET"]}}],"collection":[{"href":"https:\/\/blogs2.abo.fi\/ovningsdaghem\/wp-json\/wp\/v2\/pages"}],"about":[{"href":"https:\/\/blogs2.abo.fi\/ovningsdaghem\/wp-json\/wp\/v2\/types\/page"}],"author":[{"embeddable":true,"href":"https:\/\/blogs2.abo.fi\/ovningsdaghem\/wp-json\/wp\/v2\/users\/530"}],"replies":[{"embeddable":true,"href":"https:\/\/blogs2.abo.fi\/ovningsdaghem\/wp-json\/wp\/v2\/comments?post=376"}],"version-history":[{"count":6,"href":"https:\/\/blogs2.abo.fi\/ovningsdaghem\/wp-json\/wp\/v2\/pages\/376\/revisions"}],"predecessor-version":[{"id":1161,"href":"https:\/\/blogs2.abo.fi\/ovningsdaghem\/wp-json\/wp\/v2\/pages\/376\/revisions\/1161"}],"wp:attachment":[{"href":"https:\/\/blogs2.abo.fi\/ovningsdaghem\/wp-json\/wp\/v2\/media?parent=376"}],"curies":[{"name":"wp","href":"https:\/\/api.w.org\/{rel}","templated":true}]}}