{"id":370,"date":"2021-06-16T16:20:27","date_gmt":"2021-06-16T13:20:27","guid":{"rendered":"https:\/\/blogs2.abo.fi\/ovningsdaghem\/?page_id=370"},"modified":"2024-10-02T13:46:18","modified_gmt":"2024-10-02T10:46:18","slug":"kristinestads-daghem-myllybacken","status":"publish","type":"page","link":"https:\/\/blogs2.abo.fi\/ovningsdaghem\/kristinestads-daghem-myllybacken\/","title":{"rendered":"Myllybacken"},"content":{"rendered":"<figure class=\"wp-block-embed wp-block-embed-youtube is-type-video is-provider-youtube epyt-figure\"><div class=\"wp-block-embed__wrapper\"><iframe loading=\"lazy\"  id=\"_ytid_14450\"  width=\"660\" height=\"371\"  data-origwidth=\"660\" data-origheight=\"371\" src=\"https:\/\/www.youtube.com\/embed\/9HMyLkIhRRs?enablejsapi=1&autoplay=0&cc_load_policy=0&cc_lang_pref=&iv_load_policy=1&loop=0&rel=1&fs=1&playsinline=0&autohide=2&theme=dark&color=red&controls=1&disablekb=0&\" class=\"__youtube_prefs__  no-lazyload\" title=\"YouTube player\"  allow=\"fullscreen; accelerometer; autoplay; clipboard-write; encrypted-media; gyroscope; picture-in-picture; web-share\" referrerpolicy=\"strict-origin-when-cross-origin\" allowfullscreen data-no-lazy=\"1\" data-skipgform_ajax_framebjll=\"\"><\/iframe><\/div><\/figure>\n<h1>Myllybacken<\/h1>\n<p><strong>Daghemmets ort:<br \/>\n<\/strong>Kristinestad<\/p>\n<p><strong>Daghemmets storlek:<br \/>\n<\/strong>4 dagv\u00e5rdsavdelningar, finska och svenska f\u00f6rskolan, 120 dagv\u00e5rdsplatser. Morgon- och eftermiddagsv\u00e5rd f\u00f6r skolbarn.<\/p>\n<p><strong>Vi verkar p\u00e5 f\u00f6ljande spr\u00e5k:<br \/>\n<\/strong>svenska och finska<\/p>\n<p><strong>V\u00e5r pedagogiska grundsyn:<br \/>\n<\/strong> Varje barn \u00e4r unikt och v\u00e4rdefullt som det \u00e4r och alla barn har r\u00e4tt till en trygg barndom. Alla barn har r\u00e4tt att bli h\u00f6rda, sedda, tagna i beaktande som individer och som medlemmar i sin grupp. Barn har r\u00e4tt att uttrycka sina tankar och \u00e5sikter. Barnen har r\u00e4tt till god undervisning, omsorg och uppmuntrande respons. Barnen har r\u00e4tt att leka och r\u00e4tt till social gemenskap. Barnen har r\u00e4tt att f\u00e5 m\u00e5ngsidig information, hantera k\u00e4nslor och konflikter samt pr\u00f6va p\u00e5 och l\u00e4ra sig nya saker.<\/p>\n<p>Ingen form av mobbning, rasism eller v\u00e5ld f\u00e5r till\u00e5tas.<\/p>\n<p>Daghemmet har som uppdrag att v\u00e4gleda barnen till h\u00e4lsosamma levnadsvanor, utveckla emotionella f\u00e4rdigheter och estetiskt t\u00e4nkande. Ett n\u00e4ra samarbete med v\u00e5rdnadshavarna v\u00e4rderas h\u00f6gt.<\/p>\n<p><strong>V\u00e5r pedagogik:<br \/>\n<\/strong> Inom sm\u00e5barnspedagogiken i Kristinestad ser vi <strong>tv\u00e5spr\u00e5kighet<\/strong> som en rikedom. Att fr\u00e4mja tv\u00e5spr\u00e5kighet genomsyrar all verksamhet. Vi arbetar aktivt f\u00f6r att skapa goda relationer mellan spr\u00e5kgrupperna och ett gott samh\u00e4llsklimat. Vi vill fr\u00e4mja intresset att och lusten att kommunicera p\u00e5 det andra inhemska spr\u00e5ket. Samtliga daghem i Kristinestad \u00e4r fullst\u00e4ndigt tv\u00e5spr\u00e5kiga i Kristinestad. Vi str\u00e4var till att ha personal med b\u00e5de svenska och finska p\u00e5 varje avdelning.<\/p>\n<p>I Kristinestad har vi en ny handlingsplan f\u00f6r spr\u00e5kutveckling inom sm\u00e5barnspedagogiken. Transspr\u00e5kande \u00e4r den pedagogiska metod vi anv\u00e4nder oss av f\u00f6r att fr\u00e4mja tv\u00e5spr\u00e5kigheten.<\/p>\n<p>Vi ser att alla anst\u00e4llda p\u00e5 daghemmet har en central roll n\u00e4r det g\u00e4ller att st\u00f6dja barnen i att tr\u00e4na och utveckla <strong>sociala och emotionella f\u00e4rdigheter<\/strong>. Personalen ska tillsammans med barnen l\u00e4ra sig att uppt\u00e4cka och l\u00f6sa konflikter p\u00e5 ett konstruktivt s\u00e4tt.<\/p>\n<p>Under verksamhets\u00e5ret 2024-25 kommer v\u00e5rt tema vara UTOMHUSPEDAGOGIK.<\/p>\n<p><strong>Varf\u00f6r ska studerande g\u00f6ra praktik p\u00e5 v\u00e5rt daghem?<br \/>\n<\/strong> Daghemmet \u00e4r nybyggt och anpassat enligt det behov vi har i v\u00e5r verksamhet. Mycket fokus har lagts p\u00e5 att \u00f6ka r\u00f6relsegl\u00e4djen och v\u00e4cka intresset f\u00f6r att anv\u00e4nda hela kroppen m\u00e5ngsidigt under hela dagen.<\/p>\n<p>Tv\u00e5spr\u00e5kigheten p\u00e5 daghemmet \u00e4r n\u00e5got unikt och sker som en naturlig del av verksamheten. H\u00e4r f\u00e5r den studerande en fin m\u00f6jlighet att l\u00e4ra sig utveckla och anpassa sitt arbete p\u00e5 ett s\u00e4tt som inte finns n\u00e5gon annanstans i landet.<\/p>\n<p>Daghemmet \u00e4r bel\u00e4get invid sportplan, skridskorink och skidsp\u00e5r. Detta erbjuder fina m\u00f6jligheter att minska stillasittande och \u00f6ka gl\u00e4djen att f\u00e5 r\u00f6ra p\u00e5 sig.<\/p>\n<p><strong>Vi kan erbjuda boende f\u00f6r den studerande under praktiktiden:<br \/>\n<\/strong>Nej\/Kanske<\/p>\n<p><strong>Vi kan hj\u00e4lpa till att s\u00f6ka boende f\u00f6r den studerande under praktiktiden:<br \/>\n<\/strong>Ja<\/p>\n<p>&nbsp;<\/p>\n","protected":false},"excerpt":{"rendered":"<p>Myllybacken Daghemmets ort: Kristinestad Daghemmets storlek: 4 dagv\u00e5rdsavdelningar, finska och svenska f\u00f6rskolan, 120 dagv\u00e5rdsplatser. Morgon- och eftermiddagsv\u00e5rd f\u00f6r skolbarn. Vi verkar p\u00e5 f\u00f6ljande spr\u00e5k: svenska och finska V\u00e5r pedagogiska grundsyn: Varje barn \u00e4r unikt och v\u00e4rdefullt som det \u00e4r och alla barn har r\u00e4tt till en trygg barndom. Alla barn har r\u00e4tt att bli h\u00f6rda, &hellip; <a href=\"https:\/\/blogs2.abo.fi\/ovningsdaghem\/kristinestads-daghem-myllybacken\/\" class=\"more-link\">Forts\u00e4tt l\u00e4sa <span class=\"screen-reader-text\">Myllybacken<\/span><\/a><\/p>\n","protected":false},"author":530,"featured_media":0,"parent":0,"menu_order":0,"comment_status":"closed","ping_status":"closed","template":"","meta":{"footnotes":""},"class_list":["post-370","page","type-page","status-publish","hentry"],"_links":{"self":[{"href":"https:\/\/blogs2.abo.fi\/ovningsdaghem\/wp-json\/wp\/v2\/pages\/370","targetHints":{"allow":["GET"]}}],"collection":[{"href":"https:\/\/blogs2.abo.fi\/ovningsdaghem\/wp-json\/wp\/v2\/pages"}],"about":[{"href":"https:\/\/blogs2.abo.fi\/ovningsdaghem\/wp-json\/wp\/v2\/types\/page"}],"author":[{"embeddable":true,"href":"https:\/\/blogs2.abo.fi\/ovningsdaghem\/wp-json\/wp\/v2\/users\/530"}],"replies":[{"embeddable":true,"href":"https:\/\/blogs2.abo.fi\/ovningsdaghem\/wp-json\/wp\/v2\/comments?post=370"}],"version-history":[{"count":10,"href":"https:\/\/blogs2.abo.fi\/ovningsdaghem\/wp-json\/wp\/v2\/pages\/370\/revisions"}],"predecessor-version":[{"id":1260,"href":"https:\/\/blogs2.abo.fi\/ovningsdaghem\/wp-json\/wp\/v2\/pages\/370\/revisions\/1260"}],"wp:attachment":[{"href":"https:\/\/blogs2.abo.fi\/ovningsdaghem\/wp-json\/wp\/v2\/media?parent=370"}],"curies":[{"name":"wp","href":"https:\/\/api.w.org\/{rel}","templated":true}]}}