{"id":367,"date":"2021-06-16T16:10:28","date_gmt":"2021-06-16T13:10:28","guid":{"rendered":"https:\/\/blogs2.abo.fi\/ovningsdaghem\/?page_id=367"},"modified":"2025-06-24T12:35:01","modified_gmt":"2025-06-24T09:35:01","slug":"daghemmet-kottebo","status":"publish","type":"page","link":"https:\/\/blogs2.abo.fi\/ovningsdaghem\/daghemmet-kottebo\/","title":{"rendered":"Daghemmet Kottebo"},"content":{"rendered":"<h1><img loading=\"lazy\" decoding=\"async\" class=\"alignleft size-full wp-image-368\" src=\"http:\/\/blogs2.abo.fi\/ovningsdaghem\/wp-content\/uploads\/sites\/159\/2021\/06\/IMG_7217-scaled.jpg\" alt=\"\" width=\"2560\" height=\"1707\" srcset=\"https:\/\/blogs2.abo.fi\/ovningsdaghem\/wp-content\/uploads\/sites\/159\/2021\/06\/IMG_7217-scaled.jpg 2560w, https:\/\/blogs2.abo.fi\/ovningsdaghem\/wp-content\/uploads\/sites\/159\/2021\/06\/IMG_7217-300x200.jpg 300w, https:\/\/blogs2.abo.fi\/ovningsdaghem\/wp-content\/uploads\/sites\/159\/2021\/06\/IMG_7217-1024x683.jpg 1024w, https:\/\/blogs2.abo.fi\/ovningsdaghem\/wp-content\/uploads\/sites\/159\/2021\/06\/IMG_7217-768x512.jpg 768w, https:\/\/blogs2.abo.fi\/ovningsdaghem\/wp-content\/uploads\/sites\/159\/2021\/06\/IMG_7217-1536x1024.jpg 1536w, https:\/\/blogs2.abo.fi\/ovningsdaghem\/wp-content\/uploads\/sites\/159\/2021\/06\/IMG_7217-2048x1366.jpg 2048w, https:\/\/blogs2.abo.fi\/ovningsdaghem\/wp-content\/uploads\/sites\/159\/2021\/06\/IMG_7217-624x416.jpg 624w\" sizes=\"auto, (max-width: 2560px) 100vw, 2560px\" \/>Daghemmet Kottebo<\/h1>\n<p><strong>Daghemmets ort:<br \/>\n<\/strong>Korsn\u00e4s kyrkby<\/p>\n<p><strong>Daghemmets storlek:<br \/>\n<\/strong><\/p>\n<p>2 avdelningar<br \/>\nKotten (3\u20135 \u00e5r), 21 platser<br \/>\nLillkotten (0\u20133 \u00e5r), 12 platser<\/p>\n<p><strong>Vi verkar p\u00e5 f\u00f6ljande spr\u00e5k:<br \/>\n<\/strong>Svenska.<\/p>\n<p><strong>V\u00e5r pedagogiska grundsyn:<br \/>\n<\/strong>Vi tycker att omsorg, fostran och l\u00e4rande ska bilda en helhet och det \u00e4r viktigt att ta h\u00e4nsyn och visa respekt f\u00f6r varandras olikheter. Personalen \u00e4r flexibel i sina arbetss\u00e4tt, i planeringen och bem\u00f6tande av b\u00e5de barn och vuxna. Vi \u00e4r lyh\u00f6rda och lyssnar till varandra. I v\u00e5ra l\u00e4rstunder anv\u00e4nder vi oss av sm\u00e5gruppsindelning, d\u00e5 f\u00e5r alla barn komma till tals och bli sedda. Det \u00e4r viktigt att f\u00f6r\u00e4ldrarna f\u00e5r k\u00e4nna sig delaktiga i barnens vardag vid daghemmet. Vi dokumenterar mycket via Seesaw s\u00e5 att f\u00f6r\u00e4ldrarna hemma kan diskutera med sina barn det vi gjort under dagen.<\/p>\n<p><strong>V\u00e5r pedagogik:<br \/>\n<\/strong>P\u00e5 Kottebo v\u00e4rdes\u00e4tter vi barnens lek. Vi str\u00e4var efter att ge barnen tillr\u00e4ckligt med tid att leka enskilt, i grupp, rollekar eller ledda lekar. Barnet l\u00e4r och utvecklas genom leken. Via leken f\u00e5r barnet bearbeta k\u00e4nslor och f\u00e5r utlopp f\u00f6r sin energi. Genom lek l\u00e4r sig barnet att ta h\u00e4nsyn, kommunicera och kompromissa. Kottebo har en natursk\u00f6n g\u00e5rdsplan som uppmuntrar till lek, r\u00f6relse och stimulans. N\u00e4ra daghemmet finns skogsgl\u00e4ntor vi brukar leka vid.<\/p>\n<p><strong>Varf\u00f6r ska studerande g\u00f6ra praktik p\u00e5 v\u00e5rt daghem?:<br \/>\n<\/strong>Vi \u00e4r ett naturn\u00e4ra daghem p\u00e5 landet. Vi har eget k\u00f6k och f\u00e5r dagligen \u00e4ta mat som \u00e4r tillredd fr\u00e5n grunden. Vi \u00e4r ett sockersmart daghem. Vi \u00e4r mycket ute och r\u00f6r p\u00e5 oss i v\u00e5r fina omgivning.<\/p>\n<p>Vi tycker att praktikperioderna \u00e4r viktiga f\u00f6r studeranden och vi ger tid f\u00f6r handledning och reflektion.<\/p>\n<p>Vi tar emot studeranden med \u00f6ppet sinne och \u00e4r intresserade av dem. Som \u00f6vningsdaghem f\u00e5r vi ocks\u00e5 in nya trender d\u00e5 studeranden kommer ut till oss.<\/p>\n<p><strong>Vi kan erbjuda boende f\u00f6r den studerande under praktiktiden:<br \/>\n<\/strong>Nej<\/p>\n<p><strong>Vi kan hj\u00e4lpa till att s\u00f6ka boende f\u00f6r den studerande under praktiktiden:<br \/>\n<\/strong>Ja<\/p>\n","protected":false},"excerpt":{"rendered":"<p>Daghemmet Kottebo Daghemmets ort: Korsn\u00e4s kyrkby Daghemmets storlek: 2 avdelningar Kotten (3\u20135 \u00e5r), 21 platser Lillkotten (0\u20133 \u00e5r), 12 platser Vi verkar p\u00e5 f\u00f6ljande spr\u00e5k: Svenska. V\u00e5r pedagogiska grundsyn: Vi tycker att omsorg, fostran och l\u00e4rande ska bilda en helhet och det \u00e4r viktigt att ta h\u00e4nsyn och visa respekt f\u00f6r varandras olikheter. Personalen \u00e4r &hellip; <a href=\"https:\/\/blogs2.abo.fi\/ovningsdaghem\/daghemmet-kottebo\/\" class=\"more-link\">Forts\u00e4tt l\u00e4sa <span class=\"screen-reader-text\">Daghemmet Kottebo<\/span><\/a><\/p>\n","protected":false},"author":530,"featured_media":0,"parent":0,"menu_order":0,"comment_status":"closed","ping_status":"closed","template":"","meta":{"footnotes":""},"class_list":["post-367","page","type-page","status-publish","hentry"],"_links":{"self":[{"href":"https:\/\/blogs2.abo.fi\/ovningsdaghem\/wp-json\/wp\/v2\/pages\/367","targetHints":{"allow":["GET"]}}],"collection":[{"href":"https:\/\/blogs2.abo.fi\/ovningsdaghem\/wp-json\/wp\/v2\/pages"}],"about":[{"href":"https:\/\/blogs2.abo.fi\/ovningsdaghem\/wp-json\/wp\/v2\/types\/page"}],"author":[{"embeddable":true,"href":"https:\/\/blogs2.abo.fi\/ovningsdaghem\/wp-json\/wp\/v2\/users\/530"}],"replies":[{"embeddable":true,"href":"https:\/\/blogs2.abo.fi\/ovningsdaghem\/wp-json\/wp\/v2\/comments?post=367"}],"version-history":[{"count":7,"href":"https:\/\/blogs2.abo.fi\/ovningsdaghem\/wp-json\/wp\/v2\/pages\/367\/revisions"}],"predecessor-version":[{"id":1298,"href":"https:\/\/blogs2.abo.fi\/ovningsdaghem\/wp-json\/wp\/v2\/pages\/367\/revisions\/1298"}],"wp:attachment":[{"href":"https:\/\/blogs2.abo.fi\/ovningsdaghem\/wp-json\/wp\/v2\/media?parent=367"}],"curies":[{"name":"wp","href":"https:\/\/api.w.org\/{rel}","templated":true}]}}