{"id":354,"date":"2021-06-16T15:38:43","date_gmt":"2021-06-16T12:38:43","guid":{"rendered":"https:\/\/blogs2.abo.fi\/ovningsdaghem\/?page_id=354"},"modified":"2024-06-25T08:46:19","modified_gmt":"2024-06-25T05:46:19","slug":"alma-daghem","status":"publish","type":"page","link":"https:\/\/blogs2.abo.fi\/ovningsdaghem\/alma-daghem\/","title":{"rendered":"Alma daghem"},"content":{"rendered":"<p><img loading=\"lazy\" decoding=\"async\" class=\"alignleft size-full wp-image-355\" src=\"http:\/\/blogs2.abo.fi\/ovningsdaghem\/wp-content\/uploads\/sites\/159\/2021\/06\/Alma2.jpg\" alt=\"\" width=\"1330\" height=\"887\" srcset=\"https:\/\/blogs2.abo.fi\/ovningsdaghem\/wp-content\/uploads\/sites\/159\/2021\/06\/Alma2.jpg 1330w, https:\/\/blogs2.abo.fi\/ovningsdaghem\/wp-content\/uploads\/sites\/159\/2021\/06\/Alma2-300x200.jpg 300w, https:\/\/blogs2.abo.fi\/ovningsdaghem\/wp-content\/uploads\/sites\/159\/2021\/06\/Alma2-1024x683.jpg 1024w, https:\/\/blogs2.abo.fi\/ovningsdaghem\/wp-content\/uploads\/sites\/159\/2021\/06\/Alma2-768x512.jpg 768w, https:\/\/blogs2.abo.fi\/ovningsdaghem\/wp-content\/uploads\/sites\/159\/2021\/06\/Alma2-624x416.jpg 624w\" sizes=\"auto, (max-width: 1330px) 100vw, 1330px\" \/> <img loading=\"lazy\" decoding=\"async\" class=\"alignleft size-full wp-image-356\" src=\"http:\/\/blogs2.abo.fi\/ovningsdaghem\/wp-content\/uploads\/sites\/159\/2021\/06\/Alma1.jpg\" alt=\"\" width=\"1737\" height=\"1159\" srcset=\"https:\/\/blogs2.abo.fi\/ovningsdaghem\/wp-content\/uploads\/sites\/159\/2021\/06\/Alma1.jpg 1737w, https:\/\/blogs2.abo.fi\/ovningsdaghem\/wp-content\/uploads\/sites\/159\/2021\/06\/Alma1-300x200.jpg 300w, https:\/\/blogs2.abo.fi\/ovningsdaghem\/wp-content\/uploads\/sites\/159\/2021\/06\/Alma1-1024x683.jpg 1024w, https:\/\/blogs2.abo.fi\/ovningsdaghem\/wp-content\/uploads\/sites\/159\/2021\/06\/Alma1-768x512.jpg 768w, https:\/\/blogs2.abo.fi\/ovningsdaghem\/wp-content\/uploads\/sites\/159\/2021\/06\/Alma1-1536x1025.jpg 1536w, https:\/\/blogs2.abo.fi\/ovningsdaghem\/wp-content\/uploads\/sites\/159\/2021\/06\/Alma1-624x416.jpg 624w\" sizes=\"auto, (max-width: 1737px) 100vw, 1737px\" \/><\/p>\n<h6>Bilderna \u00e4r h\u00e4mtade fr\u00e5n <a href=\"https:\/\/paivakotialmadaghem.fi\/fi\/\">daghemmets hemsida.\u00a0<\/a><\/h6>\n<h1>Alma daghem<\/h1>\n<p><strong>Daghemmets ort:<br \/>\n<\/strong>Jakobstad<\/p>\n<p><strong>Daghemmets storlek (antal avdelningar, barn):<br \/>\n<\/strong>10 avdelningar, ca 180 barn, personal 45-50 st.<br \/>\n2 finska avdelningar f\u00f6r 3-5 \u00e5ringar<br \/>\n<\/strong>2 svenska avdelningar f\u00f6r 3-5 \u00e5ringar<br \/>\n<\/strong>3 spr\u00e5kbadsgrupper f\u00f6r 5 \u00e5ringar (2 d\u00e4r barnen badar p\u00e5 finska och 1 d\u00e4r barnen badar p\u00e5 svenska)<br \/>\n<\/span>2 svenska avdelningar f\u00f6r 1-3 \u00e5ringar<br \/>\n<\/strong>1 finsk grupp f\u00f6r 1-3 \u00e5ringar.<\/span><\/p>\n<p>Alma daghem \u00e4r det enda daghemmet i Jakobstad som ordnar skiftomsorg (\u00f6ppet dygnet runt vid behov)<\/p>\n<p><strong>Vi verkar p\u00e5 f\u00f6ljande spr\u00e5k:<br \/>\n<\/strong>Svenska och finska<\/p>\n<p><strong>V\u00e5r pedagogiska grundsyn:<br \/>\n<\/strong>Kolla v\u00e5r hemsida.<br \/>\n<a href=\"http:\/\/www.paivakotialmadaghem.fi\"><strong>www.paivakotialmadaghem.fi<\/strong><\/a><\/p>\n<p>instagram: @paivakotialmadaghem<br \/>\nVi har ocks\u00e5 en facebook sida.<\/p>\n<p><strong>Varf\u00f6r ska studerande g\u00f6ra praktik p\u00e5 v\u00e5rt daghem?<br \/>\n<\/strong>Vi \u00e4r ett nytt daghem som byggts utg\u00e5ende fr\u00e5n planen f\u00f6r sm\u00e5barnspedagogik och det \u00e4r d\u00e4rf\u00f6r l\u00e4tt att f\u00f6rverkliga verksamheten enligt planen.<\/p>\n<p><strong>Vi kan erbjuda boende f\u00f6r den studerande under praktiktiden:<br \/>\n<\/strong>Nej<\/p>\n<p><strong>Vi kan hj\u00e4lpa till att s\u00f6ka boende f\u00f6r den studerande under praktiktiden:<br \/>\n<\/strong>Nej<\/p>\n","protected":false},"excerpt":{"rendered":"<p>Bilderna \u00e4r h\u00e4mtade fr\u00e5n daghemmets hemsida.\u00a0 Alma daghem Daghemmets ort: Jakobstad Daghemmets storlek (antal avdelningar, barn): 10 avdelningar, ca 180 barn, personal 45-50 st. 2 finska avdelningar f\u00f6r 3-5 \u00e5ringar 2 svenska avdelningar f\u00f6r 3-5 \u00e5ringar 3 spr\u00e5kbadsgrupper f\u00f6r 5 \u00e5ringar (2 d\u00e4r barnen badar p\u00e5 finska och 1 d\u00e4r barnen badar p\u00e5 svenska) 2 &hellip; <a href=\"https:\/\/blogs2.abo.fi\/ovningsdaghem\/alma-daghem\/\" class=\"more-link\">Forts\u00e4tt l\u00e4sa <span class=\"screen-reader-text\">Alma daghem<\/span><\/a><\/p>\n","protected":false},"author":530,"featured_media":0,"parent":0,"menu_order":0,"comment_status":"closed","ping_status":"closed","template":"","meta":{"footnotes":""},"class_list":["post-354","page","type-page","status-publish","hentry"],"_links":{"self":[{"href":"https:\/\/blogs2.abo.fi\/ovningsdaghem\/wp-json\/wp\/v2\/pages\/354","targetHints":{"allow":["GET"]}}],"collection":[{"href":"https:\/\/blogs2.abo.fi\/ovningsdaghem\/wp-json\/wp\/v2\/pages"}],"about":[{"href":"https:\/\/blogs2.abo.fi\/ovningsdaghem\/wp-json\/wp\/v2\/types\/page"}],"author":[{"embeddable":true,"href":"https:\/\/blogs2.abo.fi\/ovningsdaghem\/wp-json\/wp\/v2\/users\/530"}],"replies":[{"embeddable":true,"href":"https:\/\/blogs2.abo.fi\/ovningsdaghem\/wp-json\/wp\/v2\/comments?post=354"}],"version-history":[{"count":7,"href":"https:\/\/blogs2.abo.fi\/ovningsdaghem\/wp-json\/wp\/v2\/pages\/354\/revisions"}],"predecessor-version":[{"id":1029,"href":"https:\/\/blogs2.abo.fi\/ovningsdaghem\/wp-json\/wp\/v2\/pages\/354\/revisions\/1029"}],"wp:attachment":[{"href":"https:\/\/blogs2.abo.fi\/ovningsdaghem\/wp-json\/wp\/v2\/media?parent=354"}],"curies":[{"name":"wp","href":"https:\/\/api.w.org\/{rel}","templated":true}]}}