{"id":342,"date":"2021-06-16T14:50:56","date_gmt":"2021-06-16T11:50:56","guid":{"rendered":"https:\/\/blogs2.abo.fi\/ovningsdaghem\/?page_id=342"},"modified":"2025-06-24T13:13:57","modified_gmt":"2025-06-24T10:13:57","slug":"kyrkbackens-daghem","status":"publish","type":"page","link":"https:\/\/blogs2.abo.fi\/ovningsdaghem\/kyrkbackens-daghem\/","title":{"rendered":"Kyrkbackens daghem"},"content":{"rendered":"<p><img loading=\"lazy\" decoding=\"async\" class=\"alignleft size-full wp-image-343\" src=\"http:\/\/blogs2.abo.fi\/ovningsdaghem\/wp-content\/uploads\/sites\/159\/2021\/06\/kyrkbackens-daghem.jpg\" alt=\"\" width=\"1473\" height=\"1105\" srcset=\"https:\/\/blogs2.abo.fi\/ovningsdaghem\/wp-content\/uploads\/sites\/159\/2021\/06\/kyrkbackens-daghem.jpg 1473w, https:\/\/blogs2.abo.fi\/ovningsdaghem\/wp-content\/uploads\/sites\/159\/2021\/06\/kyrkbackens-daghem-300x225.jpg 300w, https:\/\/blogs2.abo.fi\/ovningsdaghem\/wp-content\/uploads\/sites\/159\/2021\/06\/kyrkbackens-daghem-1024x768.jpg 1024w, https:\/\/blogs2.abo.fi\/ovningsdaghem\/wp-content\/uploads\/sites\/159\/2021\/06\/kyrkbackens-daghem-768x576.jpg 768w, https:\/\/blogs2.abo.fi\/ovningsdaghem\/wp-content\/uploads\/sites\/159\/2021\/06\/kyrkbackens-daghem-624x468.jpg 624w\" sizes=\"auto, (max-width: 1473px) 100vw, 1473px\" \/><\/p>\n<h1>Kyrkbackens daghem<\/h1>\n<p><strong>Daghemmets ort:<br \/>\n<\/strong>Karleby<\/p>\n<p><strong>Daghemmets storlek:<br \/>\n<\/strong>6 avdelningar varav 4 finskspr\u00e5kiga och 2 svenskspr\u00e5kiga<\/p>\n<p><strong>Vi verkar p\u00e5 f\u00f6ljande spr\u00e5k:<br \/>\n<\/strong>Svenska och finska<\/p>\n<p><strong>V\u00e5r pedagogiska grundsyn:<br \/>\n<\/strong>Varje barn \u00e4r unikt. Vi str\u00e4var till att respektera och acceptera olikheter samt att se det enskilda barnet. Vi betonar barnens delaktighet. Inneh\u00e5llet i verksamheten styrs av barnens intressen. Vi tillhandah\u00e5ller en till\u00e5tande milj\u00f6 d\u00e4r barnen f\u00e5r leka, utforska, r\u00f6ra p\u00e5 sig i samspel med de andra barnen och trygga vuxna.<\/p>\n<p><strong>V\u00e5r pedagogik:<br \/>\n<\/strong>Vi har under det senaste \u00e5ret f\u00f6rs\u00f6kt \u00f6ka p\u00e5 barns r\u00f6relse i vardagen. Genom sm\u00e5 medel kan vi f\u00e5 barnen mer fysiskt aktiva under hela dagen. Vi tror p\u00e5 att \u201ddet man l\u00e4r med kroppen fastnar i knoppen\u201d.<\/p>\n<p><strong>Varf\u00f6r ska studerande g\u00f6ra praktik p\u00e5 v\u00e5rt daghem?<br \/>\n<\/strong>Kyrkbackens daghem \u00e4r ett daghem med fina traditioner och kompetent personal.<\/p>\n<p>St\u00f6rsta utmaningen p\u00e5 v\u00e5rt daghem \u00e4r spr\u00e5ket. De flesta barnen i v\u00e5ra svenska grupper kommer fr\u00e5n tv\u00e5spr\u00e5kiga hem och har en mycket stark finska. Genom metoder f\u00f6rs\u00f6ker vi st\u00e4rka barnens svenska p\u00e5 ett positivt s\u00e4tt.<\/p>\n<p><strong>Vi kan erbjuda boende f\u00f6r den studerande under praktiktiden:<br \/>\n<\/strong>Nej<\/p>\n<p><strong>Vi kan hj\u00e4lpa till att s\u00f6ka boende f\u00f6r den studerande under praktiktiden:<br \/>\n<\/strong>Nej<\/p>\n","protected":false},"excerpt":{"rendered":"<p>Kyrkbackens daghem Daghemmets ort: Karleby Daghemmets storlek: 6 avdelningar varav 4 finskspr\u00e5kiga och 2 svenskspr\u00e5kiga Vi verkar p\u00e5 f\u00f6ljande spr\u00e5k: Svenska och finska V\u00e5r pedagogiska grundsyn: Varje barn \u00e4r unikt. Vi str\u00e4var till att respektera och acceptera olikheter samt att se det enskilda barnet. Vi betonar barnens delaktighet. Inneh\u00e5llet i verksamheten styrs av barnens intressen. &hellip; <a href=\"https:\/\/blogs2.abo.fi\/ovningsdaghem\/kyrkbackens-daghem\/\" class=\"more-link\">Forts\u00e4tt l\u00e4sa <span class=\"screen-reader-text\">Kyrkbackens daghem<\/span><\/a><\/p>\n","protected":false},"author":530,"featured_media":0,"parent":0,"menu_order":0,"comment_status":"closed","ping_status":"closed","template":"","meta":{"footnotes":""},"class_list":["post-342","page","type-page","status-publish","hentry"],"_links":{"self":[{"href":"https:\/\/blogs2.abo.fi\/ovningsdaghem\/wp-json\/wp\/v2\/pages\/342","targetHints":{"allow":["GET"]}}],"collection":[{"href":"https:\/\/blogs2.abo.fi\/ovningsdaghem\/wp-json\/wp\/v2\/pages"}],"about":[{"href":"https:\/\/blogs2.abo.fi\/ovningsdaghem\/wp-json\/wp\/v2\/types\/page"}],"author":[{"embeddable":true,"href":"https:\/\/blogs2.abo.fi\/ovningsdaghem\/wp-json\/wp\/v2\/users\/530"}],"replies":[{"embeddable":true,"href":"https:\/\/blogs2.abo.fi\/ovningsdaghem\/wp-json\/wp\/v2\/comments?post=342"}],"version-history":[{"count":4,"href":"https:\/\/blogs2.abo.fi\/ovningsdaghem\/wp-json\/wp\/v2\/pages\/342\/revisions"}],"predecessor-version":[{"id":1336,"href":"https:\/\/blogs2.abo.fi\/ovningsdaghem\/wp-json\/wp\/v2\/pages\/342\/revisions\/1336"}],"wp:attachment":[{"href":"https:\/\/blogs2.abo.fi\/ovningsdaghem\/wp-json\/wp\/v2\/media?parent=342"}],"curies":[{"name":"wp","href":"https:\/\/api.w.org\/{rel}","templated":true}]}}