{"id":336,"date":"2021-06-16T14:41:37","date_gmt":"2021-06-16T11:41:37","guid":{"rendered":"https:\/\/blogs2.abo.fi\/ovningsdaghem\/?page_id=336"},"modified":"2024-06-25T11:10:14","modified_gmt":"2024-06-25T08:10:14","slug":"skogshyddans-daghem","status":"publish","type":"page","link":"https:\/\/blogs2.abo.fi\/ovningsdaghem\/skogshyddans-daghem\/","title":{"rendered":"Skogshyddans daghem"},"content":{"rendered":"<p><img loading=\"lazy\" decoding=\"async\" class=\"alignleft size-full wp-image-339\" src=\"http:\/\/blogs2.abo.fi\/ovningsdaghem\/wp-content\/uploads\/sites\/159\/2021\/06\/hanko2.jpg\" alt=\"\" width=\"826\" height=\"620\" srcset=\"https:\/\/blogs2.abo.fi\/ovningsdaghem\/wp-content\/uploads\/sites\/159\/2021\/06\/hanko2.jpg 826w, https:\/\/blogs2.abo.fi\/ovningsdaghem\/wp-content\/uploads\/sites\/159\/2021\/06\/hanko2-300x225.jpg 300w, https:\/\/blogs2.abo.fi\/ovningsdaghem\/wp-content\/uploads\/sites\/159\/2021\/06\/hanko2-768x576.jpg 768w, https:\/\/blogs2.abo.fi\/ovningsdaghem\/wp-content\/uploads\/sites\/159\/2021\/06\/hanko2-624x468.jpg 624w\" sizes=\"auto, (max-width: 826px) 100vw, 826px\" \/><\/p>\n<h1>Skogshyddans daghem<\/h1>\n<p><strong>Daghemmets ort:<br \/>\n<\/strong>Hang\u00f6<\/p>\n<p><strong>Daghemmets storlek:<br \/>\n<\/strong>Fr\u00e5n och med h\u00f6sten 2021 kommer det att finnas sju avdelningar vid Skogshyddans daghem.<br \/>\nCirka 95 barn.<\/p>\n<p><strong>Vi verkar p\u00e5 f\u00f6ljande spr\u00e5k:<br \/>\n<\/strong>Svenska och finska<\/p>\n<p><strong>V\u00e5r pedagogiska grundsyn:<br \/>\n<\/strong>Vi arbetar f\u00f6r att erbjuda alla barn en god v\u00e5rd i en trygg, varm och positiv omgivning. I samarbete med v\u00e5rdnadshavarna ser vi det individuella barnet och f\u00f6rs\u00f6ker g\u00f6ra vardagen s\u00e5 stressfri och harmonisk som m\u00f6jligt. Genom v\u00e4xelverkan och samarbete erbjuder vi barnen en kvalitativ dagv\u00e5rd d\u00e4r varje barn har r\u00e4tt att utvecklas i egen takt. F\u00f6r att barnen ska vara delaktiga tar vi vara p\u00e5 barnens id\u00e9er och intressen samt utg\u00e5r fr\u00e5n barnens tidigare erfarenheter och kunskaper. V\u00e5rdnadshavarna ges m\u00f6jlighet att vara delaktiga i v\u00e5r planering och verksamhet.<\/p>\n<p>Trygghet, j\u00e4mlikhet, respekt, empati, samarbete, n\u00e4rvaro och r\u00e4ttvisa \u00e4r Hang\u00f6 Stads v\u00e4rden inom sm\u00e5barnspedagogiken.<\/p>\n<p>L\u00e4rande genom lek \u00e4r v\u00e5r centrala tyngdpunkt. Vi erbjuder barnet m\u00f6jlighet att utveckla sin personlighet och sina f\u00f6ruts\u00e4ttningar via lek och verksamhet som utg\u00e5r fr\u00e5n barnet.<\/p>\n<p><strong>V\u00e5r pedagogik:<br \/>\n<\/strong>Tv\u00e5spr\u00e5kighet i Hang\u00f6 \u00e4r en rikedom och vi str\u00e4var till ett aktivt kultur- och spr\u00e5kutbyte.<br \/>\nHang\u00f6 Stad satsar p\u00e5 spr\u00e5kduschtandem nu inkommande h\u00f6st 2021.<\/p>\n<p><img loading=\"lazy\" decoding=\"async\" class=\"alignleft size-full wp-image-337\" src=\"http:\/\/blogs2.abo.fi\/ovningsdaghem\/wp-content\/uploads\/sites\/159\/2021\/06\/Hanko.jpg\" alt=\"\" width=\"772\" height=\"732\" srcset=\"https:\/\/blogs2.abo.fi\/ovningsdaghem\/wp-content\/uploads\/sites\/159\/2021\/06\/Hanko.jpg 772w, https:\/\/blogs2.abo.fi\/ovningsdaghem\/wp-content\/uploads\/sites\/159\/2021\/06\/Hanko-300x284.jpg 300w, https:\/\/blogs2.abo.fi\/ovningsdaghem\/wp-content\/uploads\/sites\/159\/2021\/06\/Hanko-768x728.jpg 768w, https:\/\/blogs2.abo.fi\/ovningsdaghem\/wp-content\/uploads\/sites\/159\/2021\/06\/Hanko-624x592.jpg 624w\" sizes=\"auto, (max-width: 772px) 100vw, 772px\" \/><\/p>\n<p><strong>Varf\u00f6r ska studerande g\u00f6ra praktik p\u00e5 v\u00e5rt daghem?<br \/>\n<\/strong>Skogshyddans daghem ligger natursk\u00f6nt bel\u00e4get n\u00e4ra skog och berg. Vi har en stor g\u00e5rd att r\u00f6ra oss p\u00e5. Naturen spelar en viktig roll i v\u00e5r verksamhet.<\/p>\n<p>Vi har en kompetent och samarbetsvillig personal. Vi \u00e4r positiva och glada. Vi st\u00f6der och hj\u00e4lper varandra. Vi har en bra gemenskap.<\/p>\n<p>V\u00e4lkommen till sydligaste staden i Finland, d\u00e4r solen alltid skiner!<\/p>\n<p><strong>Vi kan erbjuda boende f\u00f6r den studerande under praktiktiden:<br \/>\n<\/strong>Nej<\/p>\n<p><strong>Vi kan hj\u00e4lpa till att s\u00f6ka boende f\u00f6r den studerande under praktiktiden:<\/strong><br \/>\nJa<\/p>\n","protected":false},"excerpt":{"rendered":"<p>Skogshyddans daghem Daghemmets ort: Hang\u00f6 Daghemmets storlek: Fr\u00e5n och med h\u00f6sten 2021 kommer det att finnas sju avdelningar vid Skogshyddans daghem. Cirka 95 barn. Vi verkar p\u00e5 f\u00f6ljande spr\u00e5k: Svenska och finska V\u00e5r pedagogiska grundsyn: Vi arbetar f\u00f6r att erbjuda alla barn en god v\u00e5rd i en trygg, varm och positiv omgivning. I samarbete med &hellip; <a href=\"https:\/\/blogs2.abo.fi\/ovningsdaghem\/skogshyddans-daghem\/\" class=\"more-link\">Forts\u00e4tt l\u00e4sa <span class=\"screen-reader-text\">Skogshyddans daghem<\/span><\/a><\/p>\n","protected":false},"author":530,"featured_media":0,"parent":0,"menu_order":0,"comment_status":"closed","ping_status":"closed","template":"","meta":{"footnotes":""},"class_list":["post-336","page","type-page","status-publish","hentry"],"_links":{"self":[{"href":"https:\/\/blogs2.abo.fi\/ovningsdaghem\/wp-json\/wp\/v2\/pages\/336","targetHints":{"allow":["GET"]}}],"collection":[{"href":"https:\/\/blogs2.abo.fi\/ovningsdaghem\/wp-json\/wp\/v2\/pages"}],"about":[{"href":"https:\/\/blogs2.abo.fi\/ovningsdaghem\/wp-json\/wp\/v2\/types\/page"}],"author":[{"embeddable":true,"href":"https:\/\/blogs2.abo.fi\/ovningsdaghem\/wp-json\/wp\/v2\/users\/530"}],"replies":[{"embeddable":true,"href":"https:\/\/blogs2.abo.fi\/ovningsdaghem\/wp-json\/wp\/v2\/comments?post=336"}],"version-history":[{"count":3,"href":"https:\/\/blogs2.abo.fi\/ovningsdaghem\/wp-json\/wp\/v2\/pages\/336\/revisions"}],"predecessor-version":[{"id":1127,"href":"https:\/\/blogs2.abo.fi\/ovningsdaghem\/wp-json\/wp\/v2\/pages\/336\/revisions\/1127"}],"wp:attachment":[{"href":"https:\/\/blogs2.abo.fi\/ovningsdaghem\/wp-json\/wp\/v2\/media?parent=336"}],"curies":[{"name":"wp","href":"https:\/\/api.w.org\/{rel}","templated":true}]}}