{"id":330,"date":"2021-06-16T14:24:44","date_gmt":"2021-06-16T11:24:44","guid":{"rendered":"https:\/\/blogs2.abo.fi\/ovningsdaghem\/?page_id=330"},"modified":"2024-06-25T12:45:44","modified_gmt":"2024-06-25T09:45:44","slug":"folkhalsans-daghem-villekulla","status":"publish","type":"page","link":"https:\/\/blogs2.abo.fi\/ovningsdaghem\/folkhalsans-daghem-villekulla\/","title":{"rendered":"Folkh\u00e4lsans daghem Villekulla"},"content":{"rendered":"<h6><img loading=\"lazy\" decoding=\"async\" class=\"alignnone size-full wp-image-1090\" src=\"http:\/\/blogs2.abo.fi\/ovningsdaghem\/wp-content\/uploads\/sites\/159\/2024\/06\/villekulla_kouvola35.jpg\" alt=\"\" width=\"780\" height=\"500\" srcset=\"https:\/\/blogs2.abo.fi\/ovningsdaghem\/wp-content\/uploads\/sites\/159\/2024\/06\/villekulla_kouvola35.jpg 780w, https:\/\/blogs2.abo.fi\/ovningsdaghem\/wp-content\/uploads\/sites\/159\/2024\/06\/villekulla_kouvola35-300x192.jpg 300w, https:\/\/blogs2.abo.fi\/ovningsdaghem\/wp-content\/uploads\/sites\/159\/2024\/06\/villekulla_kouvola35-768x492.jpg 768w\" sizes=\"auto, (max-width: 780px) 100vw, 780px\" \/>Bilden h\u00e4mtad fr\u00e5n daghemmets sida p\u00e5<a href=\"https:\/\/www.folkhalsan.fi\/barn\/foraldrar\/daghem\/folkhalsans-daghem-villekulla\/\"> folkh\u00e4lsans hemsida.\u00a0<\/a><\/h6>\n<h1>Folkh\u00e4lsans daghem Villekulla<\/h1>\n<p><strong>Daghemmets ort:<br \/>\n<\/strong>Kouvola<\/p>\n<p><strong>Daghemmets storlek:<br \/>\n<\/strong>4 avdelningar, cirka 80 barn.<\/p>\n<p><strong>Vi verkar p\u00e5 f\u00f6ljande spr\u00e5k:<br \/>\n<\/strong>Finska och svenska<\/p>\n<p><strong>V\u00e5r pedagogiska grundsyn:<br \/>\n<\/strong>Vi erbjuder en trygg, lugn och m\u00e5ngsidig uppv\u00e4xtmilj\u00f6, d\u00e4r barnet f\u00e5r v\u00e4xa, uppleva och l\u00e4ra sig b\u00e5de som individ och som medlem i gruppgemenskapen.<\/p>\n<p>M\u00e5let med den spr\u00e5kberikade verksamheten \u00e4r att ge barnen m\u00f6jlighet att bekanta sig med ett nytt spr\u00e5k och l\u00e4ra sig grunderna i det samt att skapa en positiv attityd gentemot spr\u00e5ket genom trevliga upplevelser. Det ger st\u00f6d f\u00f6r inl\u00e4rningen i vardagen och skapar en stark grund f\u00f6r spr\u00e5kinl\u00e4rningen i framtiden.<\/p>\n<p><strong>V\u00e5r pedagogik:<br \/>\n<\/strong>Funktionellt l\u00e4rande b\u00e5de inomhus och utomhus \u00e4r en viktig del av v\u00e5r vardag. Vi utnyttjar den n\u00e4rliggande milj\u00f6n i programmet, bland annat m\u00f6jligg\u00f6r k\u00e5tan p\u00e5 daghemmets g\u00e5rd m\u00e5ngsidig verksamhet. Att tillsammans l\u00e4ra sig genom lek \u00e4r viktigt f\u00f6r oss och vi inkluderar pedagogiken i lekarna. P\u00e5 detta s\u00e4tt utvecklas barnets lekkunskaper, spr\u00e5kkunskaper och sociala kunskaper.<\/p>\n<p>L\u00e4s mer om oss p\u00e5 <a href=\"https:\/\/www.folkhalsan.fi\/vardochservice\/servicetjanster\/daghem\/folkhalsans-daghem-villekulla\/\">https:\/\/www.folkhalsan.fi\/vardochservice\/servicetjanster\/daghem\/folkhalsans-daghem-villekulla\/<\/a><\/p>\n<p><strong>Varf\u00f6r ska studerande g\u00f6ra praktik p\u00e5 v\u00e5rt daghem?<br \/>\n<\/strong>Hos oss f\u00e5r du bekanta dig med ett daghem med barn i alla \u00e5ldrar, fr\u00e5n de minsta till f\u00f6rskolebarn. Om du \u00e4r intresserad av spr\u00e5kberikande verksamhet, d\u00e4r barnen och pedagogerna anv\u00e4nder b\u00e5de finska och svenska, utomhuspedagogik och r\u00f6relse inom sm\u00e5barnspedagogiken \u00e4r du varmt v\u00e4lkommen till oss!<\/p>\n<p><strong>Vi kan erbjuda boende f\u00f6r den studerande under praktiktiden:<br \/>\n<\/strong>Nej<\/p>\n<p><strong>Vi kan hj\u00e4lpa till att s\u00f6ka boende f\u00f6r den studerande under praktiktiden:<br \/>\n<\/strong>Nej<\/p>\n","protected":false},"excerpt":{"rendered":"<p>Bilden h\u00e4mtad fr\u00e5n daghemmets sida p\u00e5 folkh\u00e4lsans hemsida.\u00a0 Folkh\u00e4lsans daghem Villekulla Daghemmets ort: Kouvola Daghemmets storlek: 4 avdelningar, cirka 80 barn. Vi verkar p\u00e5 f\u00f6ljande spr\u00e5k: Finska och svenska V\u00e5r pedagogiska grundsyn: Vi erbjuder en trygg, lugn och m\u00e5ngsidig uppv\u00e4xtmilj\u00f6, d\u00e4r barnet f\u00e5r v\u00e4xa, uppleva och l\u00e4ra sig b\u00e5de som individ och som medlem i &hellip; <a href=\"https:\/\/blogs2.abo.fi\/ovningsdaghem\/folkhalsans-daghem-villekulla\/\" class=\"more-link\">Forts\u00e4tt l\u00e4sa <span class=\"screen-reader-text\">Folkh\u00e4lsans daghem Villekulla<\/span><\/a><\/p>\n","protected":false},"author":530,"featured_media":0,"parent":0,"menu_order":0,"comment_status":"closed","ping_status":"closed","template":"","meta":{"footnotes":""},"class_list":["post-330","page","type-page","status-publish","hentry"],"_links":{"self":[{"href":"https:\/\/blogs2.abo.fi\/ovningsdaghem\/wp-json\/wp\/v2\/pages\/330","targetHints":{"allow":["GET"]}}],"collection":[{"href":"https:\/\/blogs2.abo.fi\/ovningsdaghem\/wp-json\/wp\/v2\/pages"}],"about":[{"href":"https:\/\/blogs2.abo.fi\/ovningsdaghem\/wp-json\/wp\/v2\/types\/page"}],"author":[{"embeddable":true,"href":"https:\/\/blogs2.abo.fi\/ovningsdaghem\/wp-json\/wp\/v2\/users\/530"}],"replies":[{"embeddable":true,"href":"https:\/\/blogs2.abo.fi\/ovningsdaghem\/wp-json\/wp\/v2\/comments?post=330"}],"version-history":[{"count":6,"href":"https:\/\/blogs2.abo.fi\/ovningsdaghem\/wp-json\/wp\/v2\/pages\/330\/revisions"}],"predecessor-version":[{"id":1187,"href":"https:\/\/blogs2.abo.fi\/ovningsdaghem\/wp-json\/wp\/v2\/pages\/330\/revisions\/1187"}],"wp:attachment":[{"href":"https:\/\/blogs2.abo.fi\/ovningsdaghem\/wp-json\/wp\/v2\/media?parent=330"}],"curies":[{"name":"wp","href":"https:\/\/api.w.org\/{rel}","templated":true}]}}