{"id":320,"date":"2021-06-16T14:10:16","date_gmt":"2021-06-16T11:10:16","guid":{"rendered":"https:\/\/blogs2.abo.fi\/ovningsdaghem\/?page_id=320"},"modified":"2024-06-25T12:13:44","modified_gmt":"2024-06-25T09:13:44","slug":"folkhalsans-svenska-daghem-i-lahtis","status":"publish","type":"page","link":"https:\/\/blogs2.abo.fi\/ovningsdaghem\/folkhalsans-svenska-daghem-i-lahtis\/","title":{"rendered":"Folkh\u00e4lsans svenska daghem i Lahtis"},"content":{"rendered":"<h6><img loading=\"lazy\" decoding=\"async\" class=\"alignnone wp-image-966 size-large\" src=\"http:\/\/blogs2.abo.fi\/ovningsdaghem\/wp-content\/uploads\/sites\/159\/2024\/06\/Folkhalsans-daghem-Lahtis-bild-1024x573.jpg\" alt=\"\" width=\"660\" height=\"369\" srcset=\"https:\/\/blogs2.abo.fi\/ovningsdaghem\/wp-content\/uploads\/sites\/159\/2024\/06\/Folkhalsans-daghem-Lahtis-bild-1024x573.jpg 1024w, https:\/\/blogs2.abo.fi\/ovningsdaghem\/wp-content\/uploads\/sites\/159\/2024\/06\/Folkhalsans-daghem-Lahtis-bild-300x168.jpg 300w, https:\/\/blogs2.abo.fi\/ovningsdaghem\/wp-content\/uploads\/sites\/159\/2024\/06\/Folkhalsans-daghem-Lahtis-bild-768x430.jpg 768w, https:\/\/blogs2.abo.fi\/ovningsdaghem\/wp-content\/uploads\/sites\/159\/2024\/06\/Folkhalsans-daghem-Lahtis-bild-624x349.jpg 624w, https:\/\/blogs2.abo.fi\/ovningsdaghem\/wp-content\/uploads\/sites\/159\/2024\/06\/Folkhalsans-daghem-Lahtis-bild.jpg 1361w\" sizes=\"auto, (max-width: 660px) 100vw, 660px\" \/><\/h6>\n<h1>Folkh\u00e4lsans svenska daghem i Lahtis<\/h1>\n<p><strong>Daghemmets ort:<br \/>\n<\/strong>Lahtis<\/p>\n<p><strong>Daghemmets storlek:<br \/>\n<\/strong>4 avdelningar + Eftis. Barn i sm\u00e5barnspedagogiken p\u00e5 h\u00f6sten 2024 : 69 barn och p\u00e5 Eftis 21 barn<\/p>\n<p><strong>Vi verkar p\u00e5 f\u00f6ljande spr\u00e5k: <\/strong>Vi \u00e4r ett svenskt daghem men har 10 barn med modersm\u00e5let finska. Vi pratar svenska.<\/p>\n<p><strong>V\u00e5r pedagogiska grundsyn:<\/strong><\/p>\n<p><span style=\"font-family: 'Helvetica',sans-serif;color: black\">Vi \u00e4r ett diplomerat h\u00e4lsofr\u00e4mjande daghem och st\u00f6der barnets fysiska, psykiska, sociala och spr\u00e5kliga utveckling. H\u00e4lsofr\u00e4mjande tankes\u00e4ttet genomsyrar v\u00e5r verksamhet, vi \u00f6var till exempel kompistalanger, uppmuntrar barnen att r\u00f6ra p\u00e5 sej mera \u00e4n tidigare \u00e4ven \u00e5terh\u00e4mtning \u00e4r en viktig kunskap f\u00f6r barnen att kunna i framtiden. Vi satsar alltid extra mycket p\u00e5 spr\u00e5kinl\u00e4rningen och den svenska kulturidentiteten eftersom vi \u00e4r en liten minoritet i Lahtis.<\/span><\/p>\n<p><span style=\"font-family: 'Helvetica',sans-serif;color: black\">Blomstrande, nyfikna barn \u00e4r v\u00e5rt m\u00e5l. Alla barn ges m\u00f6jlighet att v\u00e4xa upp under goda omst\u00e4ndigheter, vi v\u00e4rnar om alla m\u00e4nniskors lika v\u00e4rde och ger barnen goda f\u00f6ruts\u00e4ttningar f\u00f6r en god h\u00e4lsa p\u00e5 lika villkor. V\u00e5rt m\u00e5l \u00e4r att varje barn f\u00e5r den b\u00e4sta starten inf\u00f6r det livsl\u00e5nga l\u00e4randet. Vi har sensitivitet, tid och professionalitet att v\u00e4rna om de viktigaste \u00e5ren i barnets liv.<\/span><\/p>\n<p><strong>V\u00e5r pedagogik: <\/strong>Vi jobbar l\u00e4s\u00e5ret 2024-2025 speciellt med spr\u00e5ket och Pedagogisk dokumentering.<\/p>\n<p>Inom spr\u00e5ket kommer vi att fokusera oss p\u00e5 svenska spr\u00e5ket och olika s\u00e4tt hur barnet kan l\u00e4ra sig spr\u00e5k. Vi arbetar spr\u00e5kmedvetet och har utbildning i hur barnets hj\u00e4rna utvecklar sig. Johanna Sallinen (kunnig inom kommunikation) fr\u00e5n Folkh\u00e4lsan bes\u00f6ker v\u00e5ra grupper och deltar \u00e4ven i f\u00f6r\u00e4ldrakv\u00e4llen.<\/p>\n<p><strong>Varf\u00f6r ska studerande g\u00f6ra praktik p\u00e5 v\u00e5rt daghem? <\/strong>Lahtis \u00e4r en v\u00e4xande stad med bra f\u00f6rbindelser. 700 m fr\u00e5n t\u00e5get i en vacker idyllisk milj\u00f6. Vi utg\u00f6r svenska g\u00e5rden tillsammans med l\u00e5gstadiet och daghemmet. Vi har en egen Luckan verksamhet f\u00f6r det svenska i Lahtis som arrangerar svensk verksamhet i alla \u00e5ldrar i annars en finsk milj\u00f6.<\/p>\n<p>Vi \u00e4r ett omtyckt daghem som har vuxit under \u00e5ren i snabb takt. Vi har behov av kompetenta l\u00e4rare inom sm\u00e5barnspedagogik. Vi tar emot med gl\u00e4dje nya tankar och provar g\u00e4rna p\u00e5 nytt. Vi har brinner f\u00f6r det svenska spr\u00e5ket i v\u00e5r verksamhet tillika med r\u00f6relse och pedagogisk dokumentering. P\u00e5 v\u00e5rt daghem f\u00e5r praktikanten m\u00f6jlighet att jobba med barn mellan 1\u20136 \u00e5r.<\/p>\n<p>P\u00e5 Folkh\u00e4lsan daghem blir praktikanten bekant med det h\u00e4lsofr\u00e4mjande arbetss\u00e4ttet.<\/p>\n<p><strong>Vi kan erbjuda boende f\u00f6r den studerande under praktiktiden:<br \/>\n<\/strong>Nej<\/p>\n<p><strong>Vi kan hj\u00e4lpa till att s\u00f6ka boende f\u00f6r den studerande under praktiktiden:<br \/>\n<\/strong>Nej<\/p>\n","protected":false},"excerpt":{"rendered":"<p>Folkh\u00e4lsans svenska daghem i Lahtis Daghemmets ort: Lahtis Daghemmets storlek: 4 avdelningar + Eftis. Barn i sm\u00e5barnspedagogiken p\u00e5 h\u00f6sten 2024 : 69 barn och p\u00e5 Eftis 21 barn Vi verkar p\u00e5 f\u00f6ljande spr\u00e5k: Vi \u00e4r ett svenskt daghem men har 10 barn med modersm\u00e5let finska. Vi pratar svenska. V\u00e5r pedagogiska grundsyn: Vi \u00e4r ett diplomerat &hellip; <a href=\"https:\/\/blogs2.abo.fi\/ovningsdaghem\/folkhalsans-svenska-daghem-i-lahtis\/\" class=\"more-link\">Forts\u00e4tt l\u00e4sa <span class=\"screen-reader-text\">Folkh\u00e4lsans svenska daghem i Lahtis<\/span><\/a><\/p>\n","protected":false},"author":530,"featured_media":0,"parent":0,"menu_order":0,"comment_status":"closed","ping_status":"closed","template":"","meta":{"footnotes":""},"class_list":["post-320","page","type-page","status-publish","hentry"],"_links":{"self":[{"href":"https:\/\/blogs2.abo.fi\/ovningsdaghem\/wp-json\/wp\/v2\/pages\/320","targetHints":{"allow":["GET"]}}],"collection":[{"href":"https:\/\/blogs2.abo.fi\/ovningsdaghem\/wp-json\/wp\/v2\/pages"}],"about":[{"href":"https:\/\/blogs2.abo.fi\/ovningsdaghem\/wp-json\/wp\/v2\/types\/page"}],"author":[{"embeddable":true,"href":"https:\/\/blogs2.abo.fi\/ovningsdaghem\/wp-json\/wp\/v2\/users\/530"}],"replies":[{"embeddable":true,"href":"https:\/\/blogs2.abo.fi\/ovningsdaghem\/wp-json\/wp\/v2\/comments?post=320"}],"version-history":[{"count":6,"href":"https:\/\/blogs2.abo.fi\/ovningsdaghem\/wp-json\/wp\/v2\/pages\/320\/revisions"}],"predecessor-version":[{"id":1167,"href":"https:\/\/blogs2.abo.fi\/ovningsdaghem\/wp-json\/wp\/v2\/pages\/320\/revisions\/1167"}],"wp:attachment":[{"href":"https:\/\/blogs2.abo.fi\/ovningsdaghem\/wp-json\/wp\/v2\/media?parent=320"}],"curies":[{"name":"wp","href":"https:\/\/api.w.org\/{rel}","templated":true}]}}