{"id":305,"date":"2021-06-16T13:52:49","date_gmt":"2021-06-16T10:52:49","guid":{"rendered":"https:\/\/blogs2.abo.fi\/ovningsdaghem\/?page_id=305"},"modified":"2024-06-25T12:27:42","modified_gmt":"2024-06-25T09:27:42","slug":"folkhalsans-daghem-i-hyvinge","status":"publish","type":"page","link":"https:\/\/blogs2.abo.fi\/ovningsdaghem\/folkhalsans-daghem-i-hyvinge\/","title":{"rendered":"Folkh\u00e4lsans daghem i Hyvinge"},"content":{"rendered":"<h6><img loading=\"lazy\" decoding=\"async\" class=\"alignnone size-full wp-image-1183\" src=\"http:\/\/blogs2.abo.fi\/ovningsdaghem\/wp-content\/uploads\/sites\/159\/2024\/06\/hyvinge-dagis.jpg\" alt=\"\" width=\"780\" height=\"500\" srcset=\"https:\/\/blogs2.abo.fi\/ovningsdaghem\/wp-content\/uploads\/sites\/159\/2024\/06\/hyvinge-dagis.jpg 780w, https:\/\/blogs2.abo.fi\/ovningsdaghem\/wp-content\/uploads\/sites\/159\/2024\/06\/hyvinge-dagis-300x192.jpg 300w, https:\/\/blogs2.abo.fi\/ovningsdaghem\/wp-content\/uploads\/sites\/159\/2024\/06\/hyvinge-dagis-768x492.jpg 768w\" sizes=\"auto, (max-width: 780px) 100vw, 780px\" \/>Bilden h\u00e4mtad fr\u00e5n daghemmets sida p\u00e5 <a href=\"https:\/\/www.folkhalsan.fi\/vardochservice\/servicetjanster\/daghem\/folkhalsans-daghem-i-hyvinge\/\">Folkh\u00e4lsans webbsida<\/a><\/h6>\n<h1>Folkh\u00e4lsans daghem i Hyvinge<\/h1>\n<p><strong>Daghemmets ort:<br \/>\n<\/strong>Hyvinge<\/p>\n<p><strong>Daghemmets storlek: <\/strong>4 avdelningar med totalt 60 platser: Ekorrarna (sm\u00e5barnsavdelningen f\u00f6r barn oberoende modersm\u00e5l), Igelkottarna (svenska gruppen, f\u00f6r barn i \u00e5ldern 2-5 \u00e5r med svenska som modersm\u00e5l), Nyckelpigorna (spr\u00e5kbadsgruppen f\u00f6r barn i \u00e5ldern 2-5 \u00e5r med annat \u00e4n svenska som modersm\u00e5l), Myrorna (f\u00f6rskolegruppen). Dessutom har vi en eftisgrupp f\u00f6r barn i \u00e5rskurs 1-2 som h\u00f6r under v\u00e5r enhet.<\/p>\n<p><strong>Vi verkar p\u00e5 f\u00f6ljande spr\u00e5k:<br \/>\n<\/strong>Svenska (med kunder som pratar b\u00e5de finska och svenska)<\/p>\n<p><strong>V\u00e5r pedagogik:<\/strong><\/p>\n<p>Vi \u00e4r ett diplomerat h\u00e4lsofr\u00e4mjande daghem.<\/p>\n<p>Som h\u00e4lsofr\u00e4mjande daghem \u00e4r alltid respekt, relationer, uppmuntran, trygghet och delaktighet n\u00e4rvarande. Det h\u00e4r ger oss en r\u00f6d tr\u00e5d i helheten. Barnen har r\u00e4tt till obruten, sund, balanserad uppv\u00e4xt och utveckling, genom ett aktivt samarbete med v\u00e5rdnadshavarna. Vi har v\u00e4rderingar som st\u00e4ller barnet fr\u00e4mst.<\/p>\n<p>Blomstrande, nyfikna barn \u00e4r v\u00e5rt m\u00e5l. Alla barn ges m\u00f6jlighet att v\u00e4xa upp under goda omst\u00e4ndigheter, vi ska v\u00e4rna om alla m\u00e4nniskors lika v\u00e4rde och ge barnen goda f\u00f6ruts\u00e4ttningar f\u00f6r en god h\u00e4lsa p\u00e5 lika villkor. V\u00e5rt m\u00e5l \u00e4r att varje barn f\u00e5r den b\u00e4sta starten inf\u00f6r det livsl\u00e5nga l\u00e4randet. Vi har sensitivitet, tid och professionalitet att v\u00e4rna om de viktigaste \u00e5ren i barnets liv.<\/p>\n<p>Du kan bekanta dig med v\u00e5r pedagogik och oss p\u00e5 Instagram @hyvingedagis samt p\u00e5 Folkh\u00e4lsans webbsidor <a href=\"https:\/\/www.folkhalsan.fi\/vardochservice\/servicetjanster\/daghem\/folkhalsans-daghem-i-hyvinge\/\">https:\/\/www.folkhalsan.fi\/vardochservice\/servicetjanster\/daghem\/folkhalsans-daghem-i-hyvinge\/<\/a><\/p>\n<p><strong>Varf\u00f6r ska studerande g\u00f6ra praktik p\u00e5 v\u00e5rt daghem?<br \/>\n<\/strong><\/p>\n<p>Vi har en h\u00e4rlig teamanda och atmosf\u00e4r med engagerade och motiverade pedagoger. I v\u00e5r kundenk\u00e4t lyfts varje \u00e5r fram hur h\u00e4rlig st\u00e4mning vi har och att familjerna och barnen k\u00e4nner en stor trygghet. Vi \u00e4r en familj\u00e4r och relativt liten enhet d\u00e4r alla barn k\u00e4nner alla vuxna och vice versa.<\/p>\n<p><strong>Vi kan erbjuda boende f\u00f6r den studerande under praktiktiden:<br \/>\n<\/strong>Nej<\/p>\n<p><strong>Vi kan hj\u00e4lpa till att s\u00f6ka boende f\u00f6r den studerande under praktiktiden:<br \/>\n<\/strong>Eventuellt<\/p>\n<p>&nbsp;<\/p>\n","protected":false},"excerpt":{"rendered":"<p>Bilden h\u00e4mtad fr\u00e5n daghemmets sida p\u00e5 Folkh\u00e4lsans webbsida Folkh\u00e4lsans daghem i Hyvinge Daghemmets ort: Hyvinge Daghemmets storlek: 4 avdelningar med totalt 60 platser: Ekorrarna (sm\u00e5barnsavdelningen f\u00f6r barn oberoende modersm\u00e5l), Igelkottarna (svenska gruppen, f\u00f6r barn i \u00e5ldern 2-5 \u00e5r med svenska som modersm\u00e5l), Nyckelpigorna (spr\u00e5kbadsgruppen f\u00f6r barn i \u00e5ldern 2-5 \u00e5r med annat \u00e4n svenska som &hellip; <a href=\"https:\/\/blogs2.abo.fi\/ovningsdaghem\/folkhalsans-daghem-i-hyvinge\/\" class=\"more-link\">Forts\u00e4tt l\u00e4sa <span class=\"screen-reader-text\">Folkh\u00e4lsans daghem i Hyvinge<\/span><\/a><\/p>\n","protected":false},"author":530,"featured_media":0,"parent":0,"menu_order":0,"comment_status":"closed","ping_status":"closed","template":"","meta":{"footnotes":""},"class_list":["post-305","page","type-page","status-publish","hentry"],"_links":{"self":[{"href":"https:\/\/blogs2.abo.fi\/ovningsdaghem\/wp-json\/wp\/v2\/pages\/305","targetHints":{"allow":["GET"]}}],"collection":[{"href":"https:\/\/blogs2.abo.fi\/ovningsdaghem\/wp-json\/wp\/v2\/pages"}],"about":[{"href":"https:\/\/blogs2.abo.fi\/ovningsdaghem\/wp-json\/wp\/v2\/types\/page"}],"author":[{"embeddable":true,"href":"https:\/\/blogs2.abo.fi\/ovningsdaghem\/wp-json\/wp\/v2\/users\/530"}],"replies":[{"embeddable":true,"href":"https:\/\/blogs2.abo.fi\/ovningsdaghem\/wp-json\/wp\/v2\/comments?post=305"}],"version-history":[{"count":11,"href":"https:\/\/blogs2.abo.fi\/ovningsdaghem\/wp-json\/wp\/v2\/pages\/305\/revisions"}],"predecessor-version":[{"id":1184,"href":"https:\/\/blogs2.abo.fi\/ovningsdaghem\/wp-json\/wp\/v2\/pages\/305\/revisions\/1184"}],"wp:attachment":[{"href":"https:\/\/blogs2.abo.fi\/ovningsdaghem\/wp-json\/wp\/v2\/media?parent=305"}],"curies":[{"name":"wp","href":"https:\/\/api.w.org\/{rel}","templated":true}]}}