{"id":301,"date":"2021-06-16T10:39:30","date_gmt":"2021-06-16T07:39:30","guid":{"rendered":"https:\/\/blogs2.abo.fi\/ovningsdaghem\/?page_id=301"},"modified":"2024-06-25T12:22:47","modified_gmt":"2024-06-25T09:22:47","slug":"folkhalsans-daghem-bjornen","status":"publish","type":"page","link":"https:\/\/blogs2.abo.fi\/ovningsdaghem\/folkhalsans-daghem-bjornen\/","title":{"rendered":"Folkh\u00e4lsans daghem Bj\u00f6rnen"},"content":{"rendered":"<h6><img loading=\"lazy\" decoding=\"async\" class=\"alignleft wp-image-302 size-full\" src=\"http:\/\/blogs2.abo.fi\/ovningsdaghem\/wp-content\/uploads\/sites\/159\/2021\/06\/bjornen_kyrkslatt10.jpg\" alt=\"\" width=\"2000\" height=\"1334\" srcset=\"https:\/\/blogs2.abo.fi\/ovningsdaghem\/wp-content\/uploads\/sites\/159\/2021\/06\/bjornen_kyrkslatt10.jpg 2000w, https:\/\/blogs2.abo.fi\/ovningsdaghem\/wp-content\/uploads\/sites\/159\/2021\/06\/bjornen_kyrkslatt10-300x200.jpg 300w, https:\/\/blogs2.abo.fi\/ovningsdaghem\/wp-content\/uploads\/sites\/159\/2021\/06\/bjornen_kyrkslatt10-1024x683.jpg 1024w, https:\/\/blogs2.abo.fi\/ovningsdaghem\/wp-content\/uploads\/sites\/159\/2021\/06\/bjornen_kyrkslatt10-768x512.jpg 768w, https:\/\/blogs2.abo.fi\/ovningsdaghem\/wp-content\/uploads\/sites\/159\/2021\/06\/bjornen_kyrkslatt10-1536x1025.jpg 1536w, https:\/\/blogs2.abo.fi\/ovningsdaghem\/wp-content\/uploads\/sites\/159\/2021\/06\/bjornen_kyrkslatt10-624x416.jpg 624w\" sizes=\"auto, (max-width: 2000px) 100vw, 2000px\" \/><span style=\"letter-spacing: 0.1em\">Bilden h\u00e4mtad fr\u00e5n daghemmets sida p\u00e5 <\/span><a style=\"letter-spacing: 0.1em\" href=\"https:\/\/www.folkhalsan.fi\/vardochservice\/servicetjanster\/daghem\/daghemmet-bjornen\/\">folkh\u00e4lsans hemsida.\u00a0<\/a><\/h6>\n<h1>Kyrksl\u00e4tt, Folkh\u00e4lsans daghem Bj\u00f6rnen<\/h1>\n<p><strong>Daghemmets ort:<br \/>\n<\/strong>Kyrksl\u00e4tt\/Jorvas<\/p>\n<p><strong>Daghemmets storlek:<br \/>\n<\/strong>2 grupper 29 barn<\/p>\n<p><strong>Vi verkar p\u00e5 f\u00f6ljande spr\u00e5k:<br \/>\n<\/strong>Svenska<\/p>\n<p><strong>V\u00e5r pedagogiska grundsyn:<br \/>\n<\/strong>Vi vill ge barnen en s\u00e5 trygg start i livet som m\u00f6jligt. F\u00f6r att barnen ska kunna ta del av det goda i livets alla skeden vill vi framf\u00f6r allt jobba med barnens sj\u00e4lvf\u00f6rtroende. Bem\u00f6tandet \u00e4r v\u00e5rt ess i armen f\u00f6r att st\u00f6da och st\u00e4rka barnet i dess utveckling. Vi str\u00e4var till att alla barn skall bli sitt b\u00e4sta jag.<\/p>\n<p><strong>V\u00e5r pedagogik:<br \/>\n<\/strong>Det \u00e4r viktigt f\u00f6r oss att barnen \u00e4r delaktiga i verksamheten. De \u00e4ldre barnen f\u00e5r vara med och v\u00e4lja teman och p\u00e5verka mellanm\u00e5let, leken, regler, gymnastiken m.m. Medan de yngre barnen f\u00e5r p\u00e5verka mer via observationer. Vi arbetar mycket kring det svenska spr\u00e5ket genom att l\u00e4sa sagor, rim och ramsor, s\u00e5nger och drama.<\/p>\n<p>Naturen \u00e4r st\u00e4ndigt n\u00e4rvarande p\u00e5 daghemmet. Vi t\u00e4nker att allt vi kan g\u00f6ra inne kan vi ocks\u00e5 g\u00f6ra ute. Skogen som finns bredvid oss bes\u00f6ker vi aktivt och vi vistats n\u00e4rmare 6 timmar ute varje dag.<\/p>\n<p>En annan m\u00e5ls\u00e4ttning f\u00f6r oss \u00e4r att anv\u00e4nda digitaliseringens m\u00f6jligheter s\u00e5 m\u00e5ngsidigt som m\u00f6jligt. L\u00e4rplattorna anv\u00e4nds bland annat f\u00f6r att s\u00f6ka information, g\u00f6ra sm\u00e5 filmsnuttar, anv\u00e4nda pedagogiska appar, sagotering och dokumentering.<\/p>\n<p>Samarbetet med f\u00f6r\u00e4ldrarna \u00e4r ocks\u00e5 n\u00e5got vi satsar p\u00e5. Vi har gemensamma utflykter, fester och talkon.<\/p>\n<p><strong>Varf\u00f6r ska studerande g\u00f6ra praktik p\u00e5 v\u00e5rt daghem? <\/strong>Vi \u00e4r ett litet daghem med 6 i personalen som samarbetar bra. Alla k\u00e4nner alla barn.<\/p>\n<p>Hos oss f\u00e5r du utveckla din utomhuspedagogik och jobba med barnets b\u00e4sta i fokus.<\/p>\n<p><strong>Vi kan erbjuda boende f\u00f6r den studerande under praktiktiden:<br \/>\n<\/strong>Nej<\/p>\n<p><strong>Vi kan hj\u00e4lpa till att s\u00f6ka boende f\u00f6r den studerande under praktiktiden:<br \/>\n<\/strong>Nej<\/p>\n","protected":false},"excerpt":{"rendered":"<p>Bilden h\u00e4mtad fr\u00e5n daghemmets sida p\u00e5 folkh\u00e4lsans hemsida.\u00a0 Kyrksl\u00e4tt, Folkh\u00e4lsans daghem Bj\u00f6rnen Daghemmets ort: Kyrksl\u00e4tt\/Jorvas Daghemmets storlek: 2 grupper 29 barn Vi verkar p\u00e5 f\u00f6ljande spr\u00e5k: Svenska V\u00e5r pedagogiska grundsyn: Vi vill ge barnen en s\u00e5 trygg start i livet som m\u00f6jligt. F\u00f6r att barnen ska kunna ta del av det goda i livets alla &hellip; <a href=\"https:\/\/blogs2.abo.fi\/ovningsdaghem\/folkhalsans-daghem-bjornen\/\" class=\"more-link\">Forts\u00e4tt l\u00e4sa <span class=\"screen-reader-text\">Folkh\u00e4lsans daghem Bj\u00f6rnen<\/span><\/a><\/p>\n","protected":false},"author":530,"featured_media":0,"parent":0,"menu_order":0,"comment_status":"closed","ping_status":"closed","template":"","meta":{"footnotes":""},"class_list":["post-301","page","type-page","status-publish","hentry"],"_links":{"self":[{"href":"https:\/\/blogs2.abo.fi\/ovningsdaghem\/wp-json\/wp\/v2\/pages\/301","targetHints":{"allow":["GET"]}}],"collection":[{"href":"https:\/\/blogs2.abo.fi\/ovningsdaghem\/wp-json\/wp\/v2\/pages"}],"about":[{"href":"https:\/\/blogs2.abo.fi\/ovningsdaghem\/wp-json\/wp\/v2\/types\/page"}],"author":[{"embeddable":true,"href":"https:\/\/blogs2.abo.fi\/ovningsdaghem\/wp-json\/wp\/v2\/users\/530"}],"replies":[{"embeddable":true,"href":"https:\/\/blogs2.abo.fi\/ovningsdaghem\/wp-json\/wp\/v2\/comments?post=301"}],"version-history":[{"count":8,"href":"https:\/\/blogs2.abo.fi\/ovningsdaghem\/wp-json\/wp\/v2\/pages\/301\/revisions"}],"predecessor-version":[{"id":1177,"href":"https:\/\/blogs2.abo.fi\/ovningsdaghem\/wp-json\/wp\/v2\/pages\/301\/revisions\/1177"}],"wp:attachment":[{"href":"https:\/\/blogs2.abo.fi\/ovningsdaghem\/wp-json\/wp\/v2\/media?parent=301"}],"curies":[{"name":"wp","href":"https:\/\/api.w.org\/{rel}","templated":true}]}}