{"id":297,"date":"2021-06-16T10:10:13","date_gmt":"2021-06-16T07:10:13","guid":{"rendered":"https:\/\/blogs2.abo.fi\/ovningsdaghem\/?page_id=297"},"modified":"2024-06-25T10:55:01","modified_gmt":"2024-06-25T07:55:01","slug":"folkhalsans-daghem-i-traskanda","status":"publish","type":"page","link":"https:\/\/blogs2.abo.fi\/ovningsdaghem\/folkhalsans-daghem-i-traskanda\/","title":{"rendered":"Folkh\u00e4lsans daghem i Tr\u00e4sk\u00e4nda"},"content":{"rendered":"<h1><strong><img loading=\"lazy\" decoding=\"async\" class=\"alignleft size-full wp-image-298\" src=\"http:\/\/blogs2.abo.fi\/ovningsdaghem\/wp-content\/uploads\/sites\/159\/2021\/06\/traskanda_daghem4.jpg\" alt=\"\" width=\"780\" height=\"500\" srcset=\"https:\/\/blogs2.abo.fi\/ovningsdaghem\/wp-content\/uploads\/sites\/159\/2021\/06\/traskanda_daghem4.jpg 780w, https:\/\/blogs2.abo.fi\/ovningsdaghem\/wp-content\/uploads\/sites\/159\/2021\/06\/traskanda_daghem4-300x192.jpg 300w, https:\/\/blogs2.abo.fi\/ovningsdaghem\/wp-content\/uploads\/sites\/159\/2021\/06\/traskanda_daghem4-768x492.jpg 768w, https:\/\/blogs2.abo.fi\/ovningsdaghem\/wp-content\/uploads\/sites\/159\/2021\/06\/traskanda_daghem4-624x400.jpg 624w\" sizes=\"auto, (max-width: 780px) 100vw, 780px\" \/><br \/>\n<\/strong><\/h1>\n<h6 style=\"text-align: left\"><strong>BIlden h\u00e4mtad fr\u00e5n daghemmets <a href=\"https:\/\/www.folkhalsan.fi\/vardochservice\/servicetjanster\/daghem\/folkhalsans-daghem-i-traskanda\/\">hemsida<\/a><\/strong><\/h6>\n<h1><strong>Tr\u00e4sk\u00e4nda, Folkh\u00e4lsans daghem i Tr\u00e4sk\u00e4nda<\/strong><\/h1>\n<p style=\"text-align: left\"><strong><br \/>\nDaghemmets ort:<br \/>\n<\/strong>Tr\u00e4sk\u00e4nda (J\u00e4rvenp\u00e4\u00e4)<\/p>\n<p><strong>Daghemmets storlek: <\/strong>5 avdelningar: Undulaterna (1-2 \u00e5r), Regnb\u00e5garna \u00a0(2-5\u00e5r), L\u00e4mlarna (f\u00f6rskola) , Ninjorna (Spr\u00e5kbadsinriktad verksamhet 1-5 \u00e5ringar) och Kantareller (Utomhusverksamhet 3-5 \u00e5r)<br \/>\nca 65 barn<\/p>\n<p><strong>Vi verkar p\u00e5 f\u00f6ljande spr\u00e5k:<br \/>\n<\/strong>Svenska<\/p>\n<p><strong>V\u00e5r pedagogiska grundsyn:<\/strong><\/p>\n<p>Som h\u00e4lsofr\u00e4mjande daghem betonar vi respekt, relationer, uppmuntran, trygghet och delaktighet. Barnen har r\u00e4tt till en obruten, sund, balanserad uppv\u00e4xt och utveckling, och det vill vi ge dem i aktivt samarbete med v\u00e5rdnadshavarna. V\u00e5ra v\u00e4rderingar st\u00e4ller barnet fr\u00e4mst.<\/p>\n<p>Blomstrande, nyfikna barn \u00e4r v\u00e5rt m\u00e5l. Vi ska v\u00e4rna om alla m\u00e4nniskors lika v\u00e4rde, ge barnen m\u00f6jlighet att v\u00e4xa upp under goda f\u00f6rh\u00e5llanden och ge dem f\u00f6ruts\u00e4ttningar f\u00f6r en god h\u00e4lsa p\u00e5 lika villkor. V\u00e5rt m\u00e5l \u00e4r att ge varje barn den b\u00e4sta starten inf\u00f6r det livsl\u00e5nga l\u00e4randet.<\/p>\n<p><strong>V\u00e5r pedagogik:<\/strong><\/p>\n<p>Vi \u00e4r ett h\u00e4lsofr\u00e4mjande daghem, och fokuserar p\u00e5 s\u00e5v\u00e4l fysisk, psykisk som social h\u00e4lsa. Naturen och utemilj\u00f6n anv\u00e4nds aktivt som lek- och inl\u00e4rningsmilj\u00f6 och alla grupper g\u00e5r regelbundet till skogen.<\/p>\n<p>Milj\u00f6n hos oss \u00e4r spr\u00e5kligt berikande. Vi st\u00f6djer aktivt spr\u00e5kutvecklingen hos de barn som har svenska som modersm\u00e5l samt \u00f6ppnar d\u00f6rren till det svenska spr\u00e5ket och den finlandssvenska kulturen f\u00f6r de finskspr\u00e5kiga barnen.<\/p>\n<p>Vi har ett eget tillredningsk\u00f6k som \u00e4r husets hj\u00e4rta. Barnen f\u00e5r delta i planering, tillredning och utv\u00e4rdering av maten. De f\u00e5r baka och tillreda mellanm\u00e5l.<\/p>\n<p>H\u00f6sten 2024 startar en utegrupp sin verksamhet.<\/p>\n<p>L\u00e4s mer om oss p\u00e5 <a href=\"https:\/\/www.folkhalsan.fi\/vardochservice\/servicetjanster\/daghem\/folkhalsans-daghem-i-traskanda\/\">https:\/\/www.folkhalsan.fi\/vardochservice\/servicetjanster\/daghem\/folkhalsans-daghem-i-traskanda\/<\/a><\/p>\n<p><strong>Varf\u00f6r ska studerande g\u00f6ra praktik p\u00e5 v\u00e5rt daghem?\u00a0<\/strong><\/p>\n<p>Kom till oss och bekanta dig med Folkh\u00e4lsans h\u00e4lsofr\u00e4mjande sm\u00e5barnspedagogik! Vi \u00e4r ivriga och nyfikna p\u00e5 att f\u00e5 tr\u00e4ffa dig. H\u00e4r finns alla m\u00f6jligheter f\u00f6r dig att f\u00e5 en givande praktikperiod.<\/p>\n<p>Vi har m\u00e5ngsidig verksamhet. Vi erbjuder sm\u00e5barnspedagogik, f\u00f6rskoleundervisning, spr\u00e5kbadsinriktad verksamhet samt utomhusverksamhet i k\u00e5ta.<\/p>\n<p>Vi v\u00e4lkomnar \u00e4ven studerande som vill komma och h\u00e5lla verksamhet f\u00f6r barnen.<\/p>\n<p><strong>Vi kan erbjuda boende f\u00f6r den studerande under praktiktiden:<br \/>\n<\/strong>Nej<\/p>\n<p><strong>Vi kan hj\u00e4lpa till att s\u00f6ka boende f\u00f6r den studerande under praktiktiden:<br \/>\n<\/strong>Ja<\/p>\n","protected":false},"excerpt":{"rendered":"<p>BIlden h\u00e4mtad fr\u00e5n daghemmets hemsida Tr\u00e4sk\u00e4nda, Folkh\u00e4lsans daghem i Tr\u00e4sk\u00e4nda Daghemmets ort: Tr\u00e4sk\u00e4nda (J\u00e4rvenp\u00e4\u00e4) Daghemmets storlek: 5 avdelningar: Undulaterna (1-2 \u00e5r), Regnb\u00e5garna \u00a0(2-5\u00e5r), L\u00e4mlarna (f\u00f6rskola) , Ninjorna (Spr\u00e5kbadsinriktad verksamhet 1-5 \u00e5ringar) och Kantareller (Utomhusverksamhet 3-5 \u00e5r) ca 65 barn Vi verkar p\u00e5 f\u00f6ljande spr\u00e5k: Svenska V\u00e5r pedagogiska grundsyn: Som h\u00e4lsofr\u00e4mjande daghem betonar vi respekt, relationer, &hellip; <a href=\"https:\/\/blogs2.abo.fi\/ovningsdaghem\/folkhalsans-daghem-i-traskanda\/\" class=\"more-link\">Forts\u00e4tt l\u00e4sa <span class=\"screen-reader-text\">Folkh\u00e4lsans daghem i Tr\u00e4sk\u00e4nda<\/span><\/a><\/p>\n","protected":false},"author":530,"featured_media":0,"parent":0,"menu_order":0,"comment_status":"closed","ping_status":"closed","template":"","meta":{"footnotes":""},"class_list":["post-297","page","type-page","status-publish","hentry"],"_links":{"self":[{"href":"https:\/\/blogs2.abo.fi\/ovningsdaghem\/wp-json\/wp\/v2\/pages\/297","targetHints":{"allow":["GET"]}}],"collection":[{"href":"https:\/\/blogs2.abo.fi\/ovningsdaghem\/wp-json\/wp\/v2\/pages"}],"about":[{"href":"https:\/\/blogs2.abo.fi\/ovningsdaghem\/wp-json\/wp\/v2\/types\/page"}],"author":[{"embeddable":true,"href":"https:\/\/blogs2.abo.fi\/ovningsdaghem\/wp-json\/wp\/v2\/users\/530"}],"replies":[{"embeddable":true,"href":"https:\/\/blogs2.abo.fi\/ovningsdaghem\/wp-json\/wp\/v2\/comments?post=297"}],"version-history":[{"count":5,"href":"https:\/\/blogs2.abo.fi\/ovningsdaghem\/wp-json\/wp\/v2\/pages\/297\/revisions"}],"predecessor-version":[{"id":1113,"href":"https:\/\/blogs2.abo.fi\/ovningsdaghem\/wp-json\/wp\/v2\/pages\/297\/revisions\/1113"}],"wp:attachment":[{"href":"https:\/\/blogs2.abo.fi\/ovningsdaghem\/wp-json\/wp\/v2\/media?parent=297"}],"curies":[{"name":"wp","href":"https:\/\/api.w.org\/{rel}","templated":true}]}}