{"id":279,"date":"2021-06-01T13:21:57","date_gmt":"2021-06-01T10:21:57","guid":{"rendered":"https:\/\/blogs2.abo.fi\/ovningsdaghem\/?page_id=279"},"modified":"2024-09-03T08:11:40","modified_gmt":"2024-09-03T05:11:40","slug":"skogsbarens-daghem","status":"publish","type":"page","link":"https:\/\/blogs2.abo.fi\/ovningsdaghem\/skogsbarens-daghem\/","title":{"rendered":"Skogsb\u00e4rens daghem"},"content":{"rendered":"<h1><strong><img loading=\"lazy\" decoding=\"async\" class=\"alignleft size-full wp-image-280\" src=\"http:\/\/blogs2.abo.fi\/ovningsdaghem\/wp-content\/uploads\/sites\/159\/2021\/06\/Skogsbarens-daghemute.jpg\" alt=\"\" width=\"600\" height=\"350\" srcset=\"https:\/\/blogs2.abo.fi\/ovningsdaghem\/wp-content\/uploads\/sites\/159\/2021\/06\/Skogsbarens-daghemute.jpg 600w, https:\/\/blogs2.abo.fi\/ovningsdaghem\/wp-content\/uploads\/sites\/159\/2021\/06\/Skogsbarens-daghemute-300x175.jpg 300w\" sizes=\"auto, (max-width: 600px) 100vw, 600px\" \/><\/strong><\/h1>\n<h6>Bild h\u00e4mtad fr\u00e5n <a href=\"https:\/\/korsholm.fi\/barn-och-skola\/smabarnspedagogik\/vara-daghem\/kvevlaxomradet\/skogsbarens-daghem\">kommunens hemsida.<\/a><\/h6>\n<h1><strong>Skogsb\u00e4rens daghem<\/strong><\/h1>\n<p><strong>Daghemmets ort:<br \/>\n<\/strong>Kvevlax, Korsholm<\/p>\n<p><strong>Daghemmets storlek:<br \/>\n<\/strong>3 avdelningar, 63 barn<\/p>\n<p><strong>Vi verkar p\u00e5 f\u00f6ljande spr\u00e5k:<br \/>\n<\/strong>Svenska<\/p>\n<p><strong>V\u00e5r pedagogiska grundsyn:<br \/>\n<\/strong>Trygghet \u00e4r ett av de viktigaste begreppen i v\u00e5r verksamhet. Trygghet \u00e4r en f\u00f6ruts\u00e4ttning f\u00f6r att det \u00f6verhuvudtaget ska ske n\u00e5got l\u00e4rande. Vi s\u00e4tter ner mycket tid p\u00e5 att bygga upp en vi-k\u00e4nsla, skapa tillit och en trevlig atmosf\u00e4r i v\u00e5ra grupper. \u00a0Vi vill inspirera barnen till nyfikenhet och kreativitet genom att ta svara p\u00e5 deras fr\u00e5gor, tankar och funderingar.<\/p>\n<p>Vi lyssnar p\u00e5 barnen och \u00e4r n\u00e4rvarande som pedagoger och medm\u00e4nniskor. Vi anser att barnens l\u00e4rande bygger mycket p\u00e5 lek och p\u00e5 egna initiativ. Vi l\u00e5ter barnen delta i planeringen av v\u00e5r verksamhet vilket v\u00e4cker deras lust att l\u00e4ra och f\u00e5r dem att k\u00e4nna sig viktiga och delaktiga. Vi tror p\u00e5 barnen och anser att de kan och duger s\u00e5 som de \u00e4r.<\/p>\n<p>Att skapa ett gott samarbete med v\u00e5rdnadshavarna \u00e4r n\u00e5got som vi p\u00e5 Skogsb\u00e4ren finner betydelsefullt och vi l\u00e4gger stor vikt vid att barn och f\u00f6r\u00e4ldrar ska k\u00e4nna sig trygga med v\u00e5r verksamhet och att de blir bra bem\u00f6tta hos oss.<\/p>\n<p><strong>V\u00e5r pedagogik:<\/strong><\/p>\n<ul>\n<li>L\u00e5gaffektivt bem\u00f6tande<\/li>\n<li>Sm\u00e5gruppsverksamhet<\/li>\n<\/ul>\n<p><strong>Varf\u00f6r ska studerande g\u00f6ra praktik p\u00e5 v\u00e5rt daghem?<br \/>\n<\/strong>Ledord f\u00f6r oss \u00e4r en h\u00f6gkvalitativ sm\u00e5barnspedagogik och f\u00f6rskola d\u00e4r goda relationer och ett gott bem\u00f6tande p\u00e5 individniv\u00e5 uppr\u00e4tth\u00e5lls. V\u00e5ra studerande som kommer till oss k\u00e4nner sig varmt v\u00e4lkomna vid f\u00f6rsta steget in p\u00e5 avdelningarna. Vi \u00e4r en utvecklingsorienterad enhet d\u00e4r tid och utrymme ges \u00e5t de studerande. V\u00e5rt m\u00e5l \u00e4r att v\u00e4cka en stor lust f\u00f6r yrkesrollen hos de studerande och att som f\u00e4rdkost f\u00e5r de med sig inspiration att vidareutveckla sin yrkeskompetens. V\u00e5r syn p\u00e5 de studerande \u00e4r att de bidrar med senaste forskning till v\u00e5ra team och att de ska k\u00e4nna sig som en teammedlem i arbetsgemenskapen.<\/p>\n<p><strong>Vi kan erbjuda boende f\u00f6r den studerande under praktiktiden:<br \/>\n<\/strong>Nej<\/p>\n<p><strong>Vi kan hj\u00e4lpa till att s\u00f6ka boende f\u00f6r den studerande under praktiktiden:<br \/>\n<\/strong>Nej<\/p>\n<p><img loading=\"lazy\" decoding=\"async\" class=\"alignleft wp-image-281\" src=\"http:\/\/blogs2.abo.fi\/ovningsdaghem\/wp-content\/uploads\/sites\/159\/2021\/06\/Skogsbareninne1-scaled.jpg\" alt=\"\" width=\"339\" height=\"453\" srcset=\"https:\/\/blogs2.abo.fi\/ovningsdaghem\/wp-content\/uploads\/sites\/159\/2021\/06\/Skogsbareninne1-scaled.jpg 1920w, https:\/\/blogs2.abo.fi\/ovningsdaghem\/wp-content\/uploads\/sites\/159\/2021\/06\/Skogsbareninne1-225x300.jpg 225w, https:\/\/blogs2.abo.fi\/ovningsdaghem\/wp-content\/uploads\/sites\/159\/2021\/06\/Skogsbareninne1-768x1024.jpg 768w, https:\/\/blogs2.abo.fi\/ovningsdaghem\/wp-content\/uploads\/sites\/159\/2021\/06\/Skogsbareninne1-1152x1536.jpg 1152w, https:\/\/blogs2.abo.fi\/ovningsdaghem\/wp-content\/uploads\/sites\/159\/2021\/06\/Skogsbareninne1-1536x2048.jpg 1536w, https:\/\/blogs2.abo.fi\/ovningsdaghem\/wp-content\/uploads\/sites\/159\/2021\/06\/Skogsbareninne1-624x832.jpg 624w\" sizes=\"auto, (max-width: 339px) 100vw, 339px\" \/><img loading=\"lazy\" decoding=\"async\" class=\"wp-image-282 aligncenter\" src=\"http:\/\/blogs2.abo.fi\/ovningsdaghem\/wp-content\/uploads\/sites\/159\/2021\/06\/Skogsbareninne2-scaled.jpg\" alt=\"\" width=\"470\" height=\"353\" srcset=\"https:\/\/blogs2.abo.fi\/ovningsdaghem\/wp-content\/uploads\/sites\/159\/2021\/06\/Skogsbareninne2-scaled.jpg 2560w, https:\/\/blogs2.abo.fi\/ovningsdaghem\/wp-content\/uploads\/sites\/159\/2021\/06\/Skogsbareninne2-300x225.jpg 300w, https:\/\/blogs2.abo.fi\/ovningsdaghem\/wp-content\/uploads\/sites\/159\/2021\/06\/Skogsbareninne2-1024x768.jpg 1024w, https:\/\/blogs2.abo.fi\/ovningsdaghem\/wp-content\/uploads\/sites\/159\/2021\/06\/Skogsbareninne2-768x576.jpg 768w, https:\/\/blogs2.abo.fi\/ovningsdaghem\/wp-content\/uploads\/sites\/159\/2021\/06\/Skogsbareninne2-1536x1152.jpg 1536w, https:\/\/blogs2.abo.fi\/ovningsdaghem\/wp-content\/uploads\/sites\/159\/2021\/06\/Skogsbareninne2-2048x1536.jpg 2048w, https:\/\/blogs2.abo.fi\/ovningsdaghem\/wp-content\/uploads\/sites\/159\/2021\/06\/Skogsbareninne2-624x468.jpg 624w\" sizes=\"auto, (max-width: 470px) 100vw, 470px\" \/><\/p>\n","protected":false},"excerpt":{"rendered":"<p>Bild h\u00e4mtad fr\u00e5n kommunens hemsida. Skogsb\u00e4rens daghem Daghemmets ort: Kvevlax, Korsholm Daghemmets storlek: 3 avdelningar, 63 barn Vi verkar p\u00e5 f\u00f6ljande spr\u00e5k: Svenska V\u00e5r pedagogiska grundsyn: Trygghet \u00e4r ett av de viktigaste begreppen i v\u00e5r verksamhet. Trygghet \u00e4r en f\u00f6ruts\u00e4ttning f\u00f6r att det \u00f6verhuvudtaget ska ske n\u00e5got l\u00e4rande. Vi s\u00e4tter ner mycket tid p\u00e5 att &hellip; <a href=\"https:\/\/blogs2.abo.fi\/ovningsdaghem\/skogsbarens-daghem\/\" class=\"more-link\">Forts\u00e4tt l\u00e4sa <span class=\"screen-reader-text\">Skogsb\u00e4rens daghem<\/span><\/a><\/p>\n","protected":false},"author":530,"featured_media":0,"parent":0,"menu_order":0,"comment_status":"closed","ping_status":"closed","template":"","meta":{"footnotes":""},"class_list":["post-279","page","type-page","status-publish","hentry"],"_links":{"self":[{"href":"https:\/\/blogs2.abo.fi\/ovningsdaghem\/wp-json\/wp\/v2\/pages\/279","targetHints":{"allow":["GET"]}}],"collection":[{"href":"https:\/\/blogs2.abo.fi\/ovningsdaghem\/wp-json\/wp\/v2\/pages"}],"about":[{"href":"https:\/\/blogs2.abo.fi\/ovningsdaghem\/wp-json\/wp\/v2\/types\/page"}],"author":[{"embeddable":true,"href":"https:\/\/blogs2.abo.fi\/ovningsdaghem\/wp-json\/wp\/v2\/users\/530"}],"replies":[{"embeddable":true,"href":"https:\/\/blogs2.abo.fi\/ovningsdaghem\/wp-json\/wp\/v2\/comments?post=279"}],"version-history":[{"count":8,"href":"https:\/\/blogs2.abo.fi\/ovningsdaghem\/wp-json\/wp\/v2\/pages\/279\/revisions"}],"predecessor-version":[{"id":1242,"href":"https:\/\/blogs2.abo.fi\/ovningsdaghem\/wp-json\/wp\/v2\/pages\/279\/revisions\/1242"}],"wp:attachment":[{"href":"https:\/\/blogs2.abo.fi\/ovningsdaghem\/wp-json\/wp\/v2\/media?parent=279"}],"curies":[{"name":"wp","href":"https:\/\/api.w.org\/{rel}","templated":true}]}}