{"id":273,"date":"2021-06-01T13:07:56","date_gmt":"2021-06-01T10:07:56","guid":{"rendered":"https:\/\/blogs2.abo.fi\/ovningsdaghem\/?page_id=273"},"modified":"2024-09-03T08:12:05","modified_gmt":"2024-09-03T05:12:05","slug":"stjarnbackens-daghem","status":"publish","type":"page","link":"https:\/\/blogs2.abo.fi\/ovningsdaghem\/stjarnbackens-daghem\/","title":{"rendered":"Stj\u00e4rnbackens daghem"},"content":{"rendered":"<p><img loading=\"lazy\" decoding=\"async\" class=\"alignnone size-full wp-image-274\" src=\"http:\/\/blogs2.abo.fi\/ovningsdaghem\/wp-content\/uploads\/sites\/159\/2021\/06\/Stjarnbackenute1-scaled.jpg\" alt=\"\" width=\"2560\" height=\"1920\" srcset=\"https:\/\/blogs2.abo.fi\/ovningsdaghem\/wp-content\/uploads\/sites\/159\/2021\/06\/Stjarnbackenute1-scaled.jpg 2560w, https:\/\/blogs2.abo.fi\/ovningsdaghem\/wp-content\/uploads\/sites\/159\/2021\/06\/Stjarnbackenute1-300x225.jpg 300w, https:\/\/blogs2.abo.fi\/ovningsdaghem\/wp-content\/uploads\/sites\/159\/2021\/06\/Stjarnbackenute1-1024x768.jpg 1024w, https:\/\/blogs2.abo.fi\/ovningsdaghem\/wp-content\/uploads\/sites\/159\/2021\/06\/Stjarnbackenute1-768x576.jpg 768w, https:\/\/blogs2.abo.fi\/ovningsdaghem\/wp-content\/uploads\/sites\/159\/2021\/06\/Stjarnbackenute1-1536x1152.jpg 1536w, https:\/\/blogs2.abo.fi\/ovningsdaghem\/wp-content\/uploads\/sites\/159\/2021\/06\/Stjarnbackenute1-2048x1536.jpg 2048w, https:\/\/blogs2.abo.fi\/ovningsdaghem\/wp-content\/uploads\/sites\/159\/2021\/06\/Stjarnbackenute1-624x468.jpg 624w\" sizes=\"auto, (max-width: 2560px) 100vw, 2560px\" \/><\/p>\n<h1>Stj\u00e4rnbackens daghem<\/h1>\n<p><strong>Daghemmets ort:<br \/>\n<\/strong>Kvevlax, Korsholm<\/p>\n<p><strong>Daghemmets storlek:<br \/>\n<\/strong>3 avdelningar, 45 barn<\/p>\n<p><strong>Vi verkar p\u00e5 f\u00f6ljande spr\u00e5k:<br \/>\n<\/strong>Svenska<\/p>\n<p><strong>V\u00e5r pedagogiska grundsyn:<br \/>\n<\/strong>P\u00e5 Stj\u00e4rnbackens daghem vill vi ge barnen en trygg, inspirerande och lekfull milj\u00f6 att v\u00e4xa och utvecklas i. Vi i personalen vill ge varje enskilt barn en god v\u00e5rd, en trygg famn och en bra dagisdag med meningsfull verksamhet och m\u00f6jlighet till m\u00e5nga l\u00e4randesituationer<\/p>\n<p>Vi tar h\u00e4nsyn till varje barns egna f\u00f6ruts\u00e4ttningar, f\u00f6rm\u00e5gor och utvecklingsniv\u00e5 n\u00e4r vi formar och genomf\u00f6r v\u00e5r verksamhet. Ibland \u00e4r hela gruppen tillsammans, men ofta delas barnen in i mindre grupper, s\u00e5 att varje barn ses och aktiviteterna kan anpassas enligt barnens intressen och behov. Vi betonar vikten av samverkan med hemmet och den dagliga kontakten med v\u00e5rdnadshavarna<\/p>\n<p>Vi s\u00e4tter ord p\u00e5 goda handlingar barnen emellan och st\u00f6der samspel och kommunikation. Alla f\u00e5r n\u00e4rhet och blir sedda. I ledd aktivitet och fri lek g\u00f6r vi barnen uppm\u00e4rksamma p\u00e5 vad de l\u00e4rt sig och gl\u00e4ds med dem.<\/p>\n<p><strong>V\u00e5r pedagogik:<\/strong><\/p>\n<ul>\n<li>L\u00e5gaffektivt bem\u00f6tande<\/li>\n<li>Sm\u00e5gruppsverksamhet<\/li>\n<\/ul>\n<p><strong>Varf\u00f6r ska studerande g\u00f6ra praktik p\u00e5 v\u00e5rt daghem?<br \/>\n<\/strong>Ledord f\u00f6r oss \u00e4r en h\u00f6gkvalitativ sm\u00e5barnspedagogik och f\u00f6rskola d\u00e4r goda relationer och ett gott bem\u00f6tande p\u00e5 individniv\u00e5 uppr\u00e4tth\u00e5lls. V\u00e5ra studerande som kommer till oss k\u00e4nner sig varmt v\u00e4lkomna vid f\u00f6rsta steget in p\u00e5 avdelningarna. Vi \u00e4r en utvecklingsorienterad enhet d\u00e4r tid och utrymme ges \u00e5t de studerande. V\u00e5rt m\u00e5l \u00e4r att v\u00e4cka en stor lust f\u00f6r yrkesrollen hos de studerande och att som f\u00e4rdkost f\u00e5r de med sig inspiration att vidareutveckla sin yrkeskompetens. V\u00e5r syn p\u00e5 de studerande \u00e4r att de bidrar med senaste forskning till v\u00e5ra team och att de ska k\u00e4nna sig som en teammedlem i arbetsgemenskapen.<\/p>\n<p><strong>Vi kan erbjuda boende f\u00f6r den studerande under praktiktiden:<br \/>\n<\/strong>Nej<\/p>\n<p><strong>Vi kan hj\u00e4lpa till att s\u00f6ka boende f\u00f6r den studerande under praktiktiden:<\/strong><strong><br \/>\n<\/strong>Nej<\/p>\n<p><img loading=\"lazy\" decoding=\"async\" class=\"alignleft wp-image-275\" src=\"http:\/\/blogs2.abo.fi\/ovningsdaghem\/wp-content\/uploads\/sites\/159\/2021\/06\/Stjarnbackeninne1-225x300.jpg\" alt=\"\" width=\"293\" height=\"391\" srcset=\"https:\/\/blogs2.abo.fi\/ovningsdaghem\/wp-content\/uploads\/sites\/159\/2021\/06\/Stjarnbackeninne1-225x300.jpg 225w, https:\/\/blogs2.abo.fi\/ovningsdaghem\/wp-content\/uploads\/sites\/159\/2021\/06\/Stjarnbackeninne1-768x1024.jpg 768w, https:\/\/blogs2.abo.fi\/ovningsdaghem\/wp-content\/uploads\/sites\/159\/2021\/06\/Stjarnbackeninne1-1152x1536.jpg 1152w, https:\/\/blogs2.abo.fi\/ovningsdaghem\/wp-content\/uploads\/sites\/159\/2021\/06\/Stjarnbackeninne1-1536x2048.jpg 1536w, https:\/\/blogs2.abo.fi\/ovningsdaghem\/wp-content\/uploads\/sites\/159\/2021\/06\/Stjarnbackeninne1-624x832.jpg 624w, https:\/\/blogs2.abo.fi\/ovningsdaghem\/wp-content\/uploads\/sites\/159\/2021\/06\/Stjarnbackeninne1-scaled.jpg 1920w\" sizes=\"auto, (max-width: 293px) 100vw, 293px\" \/><\/p>\n<p>&nbsp;<\/p>\n<p>&nbsp;<\/p>\n<p><img loading=\"lazy\" decoding=\"async\" class=\"alignnone wp-image-276\" src=\"http:\/\/blogs2.abo.fi\/ovningsdaghem\/wp-content\/uploads\/sites\/159\/2021\/06\/Stjanrbackeninne3-225x300.jpg\" alt=\"\" width=\"297\" height=\"396\" srcset=\"https:\/\/blogs2.abo.fi\/ovningsdaghem\/wp-content\/uploads\/sites\/159\/2021\/06\/Stjanrbackeninne3-225x300.jpg 225w, https:\/\/blogs2.abo.fi\/ovningsdaghem\/wp-content\/uploads\/sites\/159\/2021\/06\/Stjanrbackeninne3-768x1024.jpg 768w, https:\/\/blogs2.abo.fi\/ovningsdaghem\/wp-content\/uploads\/sites\/159\/2021\/06\/Stjanrbackeninne3-1152x1536.jpg 1152w, https:\/\/blogs2.abo.fi\/ovningsdaghem\/wp-content\/uploads\/sites\/159\/2021\/06\/Stjanrbackeninne3-1536x2048.jpg 1536w, https:\/\/blogs2.abo.fi\/ovningsdaghem\/wp-content\/uploads\/sites\/159\/2021\/06\/Stjanrbackeninne3-624x832.jpg 624w, https:\/\/blogs2.abo.fi\/ovningsdaghem\/wp-content\/uploads\/sites\/159\/2021\/06\/Stjanrbackeninne3-scaled.jpg 1920w\" sizes=\"auto, (max-width: 297px) 100vw, 297px\" \/><\/p>\n","protected":false},"excerpt":{"rendered":"<p>Stj\u00e4rnbackens daghem Daghemmets ort: Kvevlax, Korsholm Daghemmets storlek: 3 avdelningar, 45 barn Vi verkar p\u00e5 f\u00f6ljande spr\u00e5k: Svenska V\u00e5r pedagogiska grundsyn: P\u00e5 Stj\u00e4rnbackens daghem vill vi ge barnen en trygg, inspirerande och lekfull milj\u00f6 att v\u00e4xa och utvecklas i. Vi i personalen vill ge varje enskilt barn en god v\u00e5rd, en trygg famn och en &hellip; <a href=\"https:\/\/blogs2.abo.fi\/ovningsdaghem\/stjarnbackens-daghem\/\" class=\"more-link\">Forts\u00e4tt l\u00e4sa <span class=\"screen-reader-text\">Stj\u00e4rnbackens daghem<\/span><\/a><\/p>\n","protected":false},"author":530,"featured_media":0,"parent":0,"menu_order":0,"comment_status":"closed","ping_status":"closed","template":"","meta":{"footnotes":""},"class_list":["post-273","page","type-page","status-publish","hentry"],"_links":{"self":[{"href":"https:\/\/blogs2.abo.fi\/ovningsdaghem\/wp-json\/wp\/v2\/pages\/273","targetHints":{"allow":["GET"]}}],"collection":[{"href":"https:\/\/blogs2.abo.fi\/ovningsdaghem\/wp-json\/wp\/v2\/pages"}],"about":[{"href":"https:\/\/blogs2.abo.fi\/ovningsdaghem\/wp-json\/wp\/v2\/types\/page"}],"author":[{"embeddable":true,"href":"https:\/\/blogs2.abo.fi\/ovningsdaghem\/wp-json\/wp\/v2\/users\/530"}],"replies":[{"embeddable":true,"href":"https:\/\/blogs2.abo.fi\/ovningsdaghem\/wp-json\/wp\/v2\/comments?post=273"}],"version-history":[{"count":4,"href":"https:\/\/blogs2.abo.fi\/ovningsdaghem\/wp-json\/wp\/v2\/pages\/273\/revisions"}],"predecessor-version":[{"id":1243,"href":"https:\/\/blogs2.abo.fi\/ovningsdaghem\/wp-json\/wp\/v2\/pages\/273\/revisions\/1243"}],"wp:attachment":[{"href":"https:\/\/blogs2.abo.fi\/ovningsdaghem\/wp-json\/wp\/v2\/media?parent=273"}],"curies":[{"name":"wp","href":"https:\/\/api.w.org\/{rel}","templated":true}]}}