{"id":267,"date":"2021-06-01T12:49:05","date_gmt":"2021-06-01T09:49:05","guid":{"rendered":"https:\/\/blogs2.abo.fi\/ovningsdaghem\/?page_id=267"},"modified":"2024-06-25T11:22:05","modified_gmt":"2024-06-25T08:22:05","slug":"daghemmet-tralaren","status":"publish","type":"page","link":"https:\/\/blogs2.abo.fi\/ovningsdaghem\/daghemmet-tralaren\/","title":{"rendered":"Daghemmet Tr\u00e5laren"},"content":{"rendered":"<h6><img loading=\"lazy\" decoding=\"async\" class=\"alignnone size-full wp-image-268\" src=\"http:\/\/blogs2.abo.fi\/ovningsdaghem\/wp-content\/uploads\/sites\/159\/2021\/06\/Tralaren1.jpg\" alt=\"\" width=\"1267\" height=\"630\" srcset=\"https:\/\/blogs2.abo.fi\/ovningsdaghem\/wp-content\/uploads\/sites\/159\/2021\/06\/Tralaren1.jpg 1267w, https:\/\/blogs2.abo.fi\/ovningsdaghem\/wp-content\/uploads\/sites\/159\/2021\/06\/Tralaren1-300x149.jpg 300w, https:\/\/blogs2.abo.fi\/ovningsdaghem\/wp-content\/uploads\/sites\/159\/2021\/06\/Tralaren1-1024x509.jpg 1024w, https:\/\/blogs2.abo.fi\/ovningsdaghem\/wp-content\/uploads\/sites\/159\/2021\/06\/Tralaren1-768x382.jpg 768w, https:\/\/blogs2.abo.fi\/ovningsdaghem\/wp-content\/uploads\/sites\/159\/2021\/06\/Tralaren1-624x310.jpg 624w\" sizes=\"auto, (max-width: 1267px) 100vw, 1267px\" \/><img loading=\"lazy\" decoding=\"async\" class=\"alignnone wp-image-269 size-full\" src=\"http:\/\/blogs2.abo.fi\/ovningsdaghem\/wp-content\/uploads\/sites\/159\/2021\/06\/Tralaren2-e1622540900721.jpg\" alt=\"\" width=\"1346\" height=\"710\" srcset=\"https:\/\/blogs2.abo.fi\/ovningsdaghem\/wp-content\/uploads\/sites\/159\/2021\/06\/Tralaren2-e1622540900721.jpg 1346w, https:\/\/blogs2.abo.fi\/ovningsdaghem\/wp-content\/uploads\/sites\/159\/2021\/06\/Tralaren2-e1622540900721-300x158.jpg 300w, https:\/\/blogs2.abo.fi\/ovningsdaghem\/wp-content\/uploads\/sites\/159\/2021\/06\/Tralaren2-e1622540900721-1024x540.jpg 1024w, https:\/\/blogs2.abo.fi\/ovningsdaghem\/wp-content\/uploads\/sites\/159\/2021\/06\/Tralaren2-e1622540900721-768x405.jpg 768w, https:\/\/blogs2.abo.fi\/ovningsdaghem\/wp-content\/uploads\/sites\/159\/2021\/06\/Tralaren2-e1622540900721-624x329.jpg 624w\" sizes=\"auto, (max-width: 1346px) 100vw, 1346px\" \/><br \/>\n<em>Artikel om Daghemmet Tr\u00e5laren i <a href=\"https:\/\/issuu.com\/larsmokommun\/docs\/larsmo_kommuntidning_2.2017\">Larsmo kommuntidning<\/a>. Tillg\u00e4nglig digitalt via l\u00e4nken (sidan 9).<\/em><\/h6>\n<h1>Daghemmet Tr\u00e5laren<\/h1>\n<p><strong>Daghemmets ort:<br \/>\n<\/strong>Bosund, Larsmo kommun<\/p>\n<p><strong>Daghemmets storlek (antal avdelningar, barn):<br \/>\n<\/strong>Abborren 1-2 \u00e5ringar, har plats f\u00f6r 12 barn.<br \/>\nSiken 3-4 \u00e5ringar, har plats f\u00f6r 21 barn.<br \/>\nLaxen 5-\u00e5ringar, har plats f\u00f6r 21 barn.<\/p>\n<p><strong>Vi verkar p\u00e5 f\u00f6ljande spr\u00e5k:<br \/>\n<\/strong>Svenska<\/p>\n<p><strong>V\u00e5r pedagogiska grundsyn:<br \/>\n<\/strong>Trygghet \u00e4r viktig b\u00e5de f\u00f6r barnen, familjerna men ocks\u00e5 f\u00f6r personalen. Tryggheten \u00e4r grunden f\u00f6r allt l\u00e4rande. Att som personal vara n\u00e4rvarande f\u00f6r barnen och ge dem tid och uppm\u00e4rksamhet en viktig del av detta. P\u00e5 Tr\u00e5laren bem\u00f6ter vi varandra med respekt, v\u00e4nlighet, t\u00e5lamod och gl\u00e4dje. Vi har barnets b\u00e4sta i fokus i v\u00e5rt arbete med barnen och familjerna. I planering och genomf\u00f6rande av v\u00e5r verksamhet s\u00e5 utg\u00e5r vi fr\u00e5n barnets utveckling, styrkor, intressen och behov. Vi jobbar med att g\u00f6ra barnen delaktiga i planeringen av verksamheten och att ge v\u00e5rdnadshavarna m\u00f6jlighet att p\u00e5verka verksamheten \u00e4r viktigt f\u00f6r oss.<\/p>\n<p><strong>V\u00e5r pedagogik:<br \/>\n<\/strong>P\u00e5 v\u00e5rt daghem jobbar vi med egenv\u00e5rdarmodellen f\u00f6r att skapa trygghet f\u00f6r barnet men ocks\u00e5 f\u00f6r familjerna. Varje barn har en egenv\u00e5rdare som har det ansvaret och sk\u00f6ter kontakten med familjerna. F\u00f6r oss \u00e4r spr\u00e5ket en v\u00e4ldigt naturlig men viktig del i verksamheten. Vi jobbar med att st\u00e4rka spr\u00e5ket, b\u00e5de svenska men ocks\u00e5 att skapa en positiv attityd till med finska. \u00a0I verksamheten f\u00f6rs\u00f6ker vi ta in finska i olika teman och projekt, genom s\u00e5nger, ramsor och sagor. Spr\u00e5kinl\u00e4rningen ska vara lekfull och rolig f\u00f6r att skapa en positiv attityd till det spr\u00e5ket.<\/p>\n<p><strong>Varf\u00f6r ska studerande g\u00f6ra praktik p\u00e5 v\u00e5rt daghem?:<br \/>\n<\/strong>Vi finns i en natursk\u00f6n by med b\u00e5de skogen, biblioteket, skolan och f\u00f6rskolan i n\u00e4rheten och d\u00e4r det finns naturliga m\u00f6jligheter till samarbete \u00f6ver stadiegr\u00e4nserna. Om du som studerande \u00e4r intresserad av att l\u00e4ra dig mer om hur man jobbar med utomhuspedagogik, och att kombinera digitala verktyg i sm\u00e5barnspedagogiken, eller trygghet och spr\u00e5kberikad sm\u00e5barnspedagogik, k\u00e4nslor och kompisskap &#8211; s\u00e5 \u00e4r v\u00e5rt daghem en bra praktikplats f\u00f6r att f\u00e5 ta del av detta.<\/p>\n<p><strong>Vi kan erbjuda boende f\u00f6r den studerande under praktiktiden:<br \/>\n<\/strong>Nej<br \/>\n<strong><br \/>\n<\/strong><strong>Vi kan hj\u00e4lpa till att s\u00f6ka boende f\u00f6r den studerande under praktiktiden:<br \/>\n<\/strong>Nej<\/p>\n","protected":false},"excerpt":{"rendered":"<p>Artikel om Daghemmet Tr\u00e5laren i Larsmo kommuntidning. Tillg\u00e4nglig digitalt via l\u00e4nken (sidan 9). Daghemmet Tr\u00e5laren Daghemmets ort: Bosund, Larsmo kommun Daghemmets storlek (antal avdelningar, barn): Abborren 1-2 \u00e5ringar, har plats f\u00f6r 12 barn. Siken 3-4 \u00e5ringar, har plats f\u00f6r 21 barn. Laxen 5-\u00e5ringar, har plats f\u00f6r 21 barn. Vi verkar p\u00e5 f\u00f6ljande spr\u00e5k: Svenska V\u00e5r &hellip; <a href=\"https:\/\/blogs2.abo.fi\/ovningsdaghem\/daghemmet-tralaren\/\" class=\"more-link\">Forts\u00e4tt l\u00e4sa <span class=\"screen-reader-text\">Daghemmet Tr\u00e5laren<\/span><\/a><\/p>\n","protected":false},"author":530,"featured_media":0,"parent":0,"menu_order":0,"comment_status":"closed","ping_status":"closed","template":"","meta":{"footnotes":""},"class_list":["post-267","page","type-page","status-publish","hentry"],"_links":{"self":[{"href":"https:\/\/blogs2.abo.fi\/ovningsdaghem\/wp-json\/wp\/v2\/pages\/267","targetHints":{"allow":["GET"]}}],"collection":[{"href":"https:\/\/blogs2.abo.fi\/ovningsdaghem\/wp-json\/wp\/v2\/pages"}],"about":[{"href":"https:\/\/blogs2.abo.fi\/ovningsdaghem\/wp-json\/wp\/v2\/types\/page"}],"author":[{"embeddable":true,"href":"https:\/\/blogs2.abo.fi\/ovningsdaghem\/wp-json\/wp\/v2\/users\/530"}],"replies":[{"embeddable":true,"href":"https:\/\/blogs2.abo.fi\/ovningsdaghem\/wp-json\/wp\/v2\/comments?post=267"}],"version-history":[{"count":4,"href":"https:\/\/blogs2.abo.fi\/ovningsdaghem\/wp-json\/wp\/v2\/pages\/267\/revisions"}],"predecessor-version":[{"id":1136,"href":"https:\/\/blogs2.abo.fi\/ovningsdaghem\/wp-json\/wp\/v2\/pages\/267\/revisions\/1136"}],"wp:attachment":[{"href":"https:\/\/blogs2.abo.fi\/ovningsdaghem\/wp-json\/wp\/v2\/media?parent=267"}],"curies":[{"name":"wp","href":"https:\/\/api.w.org\/{rel}","templated":true}]}}