{"id":262,"date":"2021-05-21T15:08:06","date_gmt":"2021-05-21T12:08:06","guid":{"rendered":"https:\/\/blogs2.abo.fi\/ovningsdaghem\/?page_id=262"},"modified":"2021-06-17T11:48:49","modified_gmt":"2021-06-17T08:48:49","slug":"hakalax-daghem-och-forskola","status":"publish","type":"page","link":"https:\/\/blogs2.abo.fi\/ovningsdaghem\/hakalax-daghem-och-forskola\/","title":{"rendered":"Hakalax daghem och f\u00f6rskola"},"content":{"rendered":"<h6><img loading=\"lazy\" decoding=\"async\" class=\"alignnone size-full wp-image-263\" src=\"http:\/\/blogs2.abo.fi\/ovningsdaghem\/wp-content\/uploads\/sites\/159\/2021\/05\/Hakalax-daghem.jpg\" alt=\"\" width=\"800\" height=\"545\" srcset=\"https:\/\/blogs2.abo.fi\/ovningsdaghem\/wp-content\/uploads\/sites\/159\/2021\/05\/Hakalax-daghem.jpg 800w, https:\/\/blogs2.abo.fi\/ovningsdaghem\/wp-content\/uploads\/sites\/159\/2021\/05\/Hakalax-daghem-300x204.jpg 300w, https:\/\/blogs2.abo.fi\/ovningsdaghem\/wp-content\/uploads\/sites\/159\/2021\/05\/Hakalax-daghem-768x523.jpg 768w, https:\/\/blogs2.abo.fi\/ovningsdaghem\/wp-content\/uploads\/sites\/159\/2021\/05\/Hakalax-daghem-624x425.jpg 624w\" sizes=\"auto, (max-width: 800px) 100vw, 800px\" \/><br \/>\nBild h\u00e4mtad fr\u00e5n <a href=\"https:\/\/www.keskipohjanmaa.fi\/uutiset\/514066\/hakalahden-paivakodille-mittava-laajennus\"><em>denna<\/em><\/a> l\u00e4nk.<\/h6>\n<h1><strong>Hakalax daghem och f\u00f6rskola<\/strong><\/h1>\n<p><strong>Daghemmets ort:\u00a0<\/strong><br \/>\nKarleby<\/p>\n<p><strong>Daghemmets storlek:\u00a0<\/strong><br \/>\n6 daghemsgrupper<br \/>\n2 f\u00f6rskolegrupper<\/p>\n<p><strong>Vi verkar p\u00e5 f\u00f6ljande spr\u00e5k;\u00a0<\/strong><br \/>\nSvenska<\/p>\n<p><strong>V\u00e5r pedagogiska grundsyn och pedagogik:\u00a0<\/strong><br \/>\n<em>Vi utg\u00e5r fr\u00e5n f\u00f6ljande ledord i v\u00e5r pedagogiska verksamhet<\/em><br \/>\n<strong>Trygg<\/strong> &#8211; Vi erbjuder en milj\u00f6 d\u00e4r varje barn f\u00e5r utvecklas i sin egen takt.\u00a0<strong><br \/>\nEngagemang <\/strong>&#8211; Barn och v\u00e5rdnadshavare ges m\u00f6jlighet att delta och p\u00e5verka.\u00a0<strong><br \/>\nPositivitet <\/strong>&#8211; Vi erbjuder varje barn en glad och uppmuntrande l\u00e4randemilj\u00f6. Vi skapar inspirerande och m\u00e5ngsidiga f\u00f6rh\u00e5llanden bland annat f\u00f6r lek.\u00a0<strong><br \/>\nLugn <\/strong>&#8211; Vi strukturerar dagen s\u00e5 att den \u00e4r lugn och stressfri\u00a0<strong><br \/>\nRespekt <\/strong>&#8211; Varje barn och vuxen godk\u00e4nns som en egen person. Alla barn och familjer bem\u00f6ts med respekt och behandlas j\u00e4mlikt.<\/p>\n<p>Varf\u00f6r ska studerande g\u00f6ra praktik p\u00e5 v\u00e5rt daghem eller f\u00f6rskola?<br \/>\nVi erbjuder en positiv milj\u00f6 att l\u00e4ra sig och utvecklas i. Vi har ocks\u00e5 utbildad och kompetent personal (1 pedagogie magister och 7 pedagogie kandidater). Personalen vill st\u00e4ndigt uppdatera och st\u00e4rka sin kompetens och kunnande. Vi tar g\u00e4rna emot den f\u00e4rskaste pedagogiken och den nyaste forskningen som finns inom sm\u00e5barnspedagogiken. Fr\u00e5n och med h\u00f6sten 2021 \u00e4r daghemmet helt svenskspr\u00e5kigt.<\/p>\n<p><strong>Vi kan erbjuda boende f\u00f6r den studerande under praktiktiden:\u00a0<\/strong><br \/>\nNej<\/p>\n<p><strong>Vi kan hj\u00e4lpa till att s\u00f6ka boende f\u00f6r den studerande under praktiktiden:\u00a0<\/strong><br \/>\nNej<\/p>\n<p>&nbsp;<\/p>\n","protected":false},"excerpt":{"rendered":"<p>Bild h\u00e4mtad fr\u00e5n denna l\u00e4nk. Hakalax daghem och f\u00f6rskola Daghemmets ort:\u00a0 Karleby Daghemmets storlek:\u00a0 6 daghemsgrupper 2 f\u00f6rskolegrupper Vi verkar p\u00e5 f\u00f6ljande spr\u00e5k;\u00a0 Svenska V\u00e5r pedagogiska grundsyn och pedagogik:\u00a0 Vi utg\u00e5r fr\u00e5n f\u00f6ljande ledord i v\u00e5r pedagogiska verksamhet Trygg &#8211; Vi erbjuder en milj\u00f6 d\u00e4r varje barn f\u00e5r utvecklas i sin egen takt.\u00a0 Engagemang &#8211; &hellip; <a href=\"https:\/\/blogs2.abo.fi\/ovningsdaghem\/hakalax-daghem-och-forskola\/\" class=\"more-link\">Forts\u00e4tt l\u00e4sa <span class=\"screen-reader-text\">Hakalax daghem och f\u00f6rskola<\/span><\/a><\/p>\n","protected":false},"author":530,"featured_media":0,"parent":0,"menu_order":0,"comment_status":"closed","ping_status":"closed","template":"","meta":{"footnotes":""},"class_list":["post-262","page","type-page","status-publish","hentry"],"_links":{"self":[{"href":"https:\/\/blogs2.abo.fi\/ovningsdaghem\/wp-json\/wp\/v2\/pages\/262","targetHints":{"allow":["GET"]}}],"collection":[{"href":"https:\/\/blogs2.abo.fi\/ovningsdaghem\/wp-json\/wp\/v2\/pages"}],"about":[{"href":"https:\/\/blogs2.abo.fi\/ovningsdaghem\/wp-json\/wp\/v2\/types\/page"}],"author":[{"embeddable":true,"href":"https:\/\/blogs2.abo.fi\/ovningsdaghem\/wp-json\/wp\/v2\/users\/530"}],"replies":[{"embeddable":true,"href":"https:\/\/blogs2.abo.fi\/ovningsdaghem\/wp-json\/wp\/v2\/comments?post=262"}],"version-history":[{"count":3,"href":"https:\/\/blogs2.abo.fi\/ovningsdaghem\/wp-json\/wp\/v2\/pages\/262\/revisions"}],"predecessor-version":[{"id":477,"href":"https:\/\/blogs2.abo.fi\/ovningsdaghem\/wp-json\/wp\/v2\/pages\/262\/revisions\/477"}],"wp:attachment":[{"href":"https:\/\/blogs2.abo.fi\/ovningsdaghem\/wp-json\/wp\/v2\/media?parent=262"}],"curies":[{"name":"wp","href":"https:\/\/api.w.org\/{rel}","templated":true}]}}