{"id":257,"date":"2021-05-20T14:07:46","date_gmt":"2021-05-20T11:07:46","guid":{"rendered":"https:\/\/blogs2.abo.fi\/ovningsdaghem\/?page_id=257"},"modified":"2024-06-25T11:36:08","modified_gmt":"2024-06-25T08:36:08","slug":"villekulla-daghem-sprakbad","status":"publish","type":"page","link":"https:\/\/blogs2.abo.fi\/ovningsdaghem\/villekulla-daghem-sprakbad\/","title":{"rendered":"Villekulla daghem, Spr\u00e5kbad"},"content":{"rendered":"<h6><img loading=\"lazy\" decoding=\"async\" class=\"alignnone wp-image-258 size-full\" src=\"http:\/\/blogs2.abo.fi\/ovningsdaghem\/wp-content\/uploads\/sites\/159\/2021\/05\/Villekulla-daghem-Vasa-e1621507606798.jpg\" alt=\"\" width=\"1600\" height=\"968\" srcset=\"https:\/\/blogs2.abo.fi\/ovningsdaghem\/wp-content\/uploads\/sites\/159\/2021\/05\/Villekulla-daghem-Vasa-e1621507606798.jpg 1600w, https:\/\/blogs2.abo.fi\/ovningsdaghem\/wp-content\/uploads\/sites\/159\/2021\/05\/Villekulla-daghem-Vasa-e1621507606798-300x182.jpg 300w, https:\/\/blogs2.abo.fi\/ovningsdaghem\/wp-content\/uploads\/sites\/159\/2021\/05\/Villekulla-daghem-Vasa-e1621507606798-1024x620.jpg 1024w, https:\/\/blogs2.abo.fi\/ovningsdaghem\/wp-content\/uploads\/sites\/159\/2021\/05\/Villekulla-daghem-Vasa-e1621507606798-768x465.jpg 768w, https:\/\/blogs2.abo.fi\/ovningsdaghem\/wp-content\/uploads\/sites\/159\/2021\/05\/Villekulla-daghem-Vasa-e1621507606798-1536x929.jpg 1536w, https:\/\/blogs2.abo.fi\/ovningsdaghem\/wp-content\/uploads\/sites\/159\/2021\/05\/Villekulla-daghem-Vasa-e1621507606798-624x378.jpg 624w\" sizes=\"auto, (max-width: 1600px) 100vw, 1600px\" \/>Bilden h\u00e4mtad fr\u00e5n <a href=\"https:\/\/www.vaasa.fi\/en\/living\/early-childhood-education-and-schools\/early-childhood-education\/daycare-centres\/huutoniemi-klemettila-melaniemi-purola-and-teeriniemi-daycare-centres\/huvikummun-paivakoti\/\">Vasa stads hemsida.\u00a0<\/a><\/h6>\n<h1><strong>Villekulla daghem, Vasa<\/strong><\/h1>\n<p><strong>Daghemmets ort:\u00a0<\/strong><br \/>\nVasa<\/p>\n<p><strong>Daghemmets storlek:<\/strong><br \/>\n3 avdelningar, 63 barn<\/p>\n<p><strong>Vi verkar p\u00e5 f\u00f6ljande spr\u00e5k:\u00a0<\/strong><br \/>\nFinska<br \/>\nSvenska (spr\u00e5kbad)<\/p>\n<p><strong>V\u00e5r pedagogiska grundsyn:\u00a0<\/strong><br \/>\nVerksamhetsid\u00e9n i Villekulla daghem \u00e4r att skapa en positiv milj\u00f6 f\u00f6r barnets uppv\u00e4xt med utg\u00e5ngspunkten i estetik och social gemenskap.<\/p>\n<p><strong>V\u00e5r pedagogik:\u00a0<\/strong><br \/>\nTyngdpunktomr\u00e5dena \u00e4r basv\u00e5rd, lek, l\u00e4ra sig genom att leka, spr\u00e5kliga f\u00e4rdigheter och social kompetens. Syftet med verksamheten \u00e4r att beakta barnets helhetsm\u00e4ssiga v\u00e4lbefinnande och individualitet. Villekulla daghem har fungerat som daghem sedan 1957. V\u00e5rt daghem \u00e4r finskspr\u00e5kigt, men spr\u00e5kbadsgrupperna \u00e4r svenskspr\u00e5kiga.<\/p>\n<p><strong>Varf\u00f6r ska studerande g\u00f6ra praktik p\u00e5 v\u00e5rt daghem?:\u00a0<\/strong><br \/>\nVi har en m\u00e5ngsidig verksamhet som ger studerande m\u00f6jlighet att delta i planering, f\u00f6rverkligande och utv\u00e4rdering av pedagogiska aktiviteter. Vi har engagerad och erfaren personal. P\u00e5 daghemmet finns flera l\u00e4rare inom sm\u00e5barnspedagogik som tidigare handlett studerande med goda reslutat och vi tar g\u00e4rna emot nya studerande.<\/p>\n<p><strong>Vi kan erbjuda boende f\u00f6r den studerande under praktiktiden:\u00a0<\/strong><br \/>\nNej<\/p>\n<p><strong>Vi kan hj\u00e4lpa till att s\u00f6ka boende f\u00f6r den studerande under praktiktiden:<\/strong><br \/>\nNej<\/p>\n","protected":false},"excerpt":{"rendered":"<p>Bilden h\u00e4mtad fr\u00e5n Vasa stads hemsida.\u00a0 Villekulla daghem, Vasa Daghemmets ort:\u00a0 Vasa Daghemmets storlek: 3 avdelningar, 63 barn Vi verkar p\u00e5 f\u00f6ljande spr\u00e5k:\u00a0 Finska Svenska (spr\u00e5kbad) V\u00e5r pedagogiska grundsyn:\u00a0 Verksamhetsid\u00e9n i Villekulla daghem \u00e4r att skapa en positiv milj\u00f6 f\u00f6r barnets uppv\u00e4xt med utg\u00e5ngspunkten i estetik och social gemenskap. V\u00e5r pedagogik:\u00a0 Tyngdpunktomr\u00e5dena \u00e4r basv\u00e5rd, lek, &hellip; <a href=\"https:\/\/blogs2.abo.fi\/ovningsdaghem\/villekulla-daghem-sprakbad\/\" class=\"more-link\">Forts\u00e4tt l\u00e4sa <span class=\"screen-reader-text\">Villekulla daghem, Spr\u00e5kbad<\/span><\/a><\/p>\n","protected":false},"author":530,"featured_media":0,"parent":0,"menu_order":0,"comment_status":"closed","ping_status":"closed","template":"","meta":{"footnotes":""},"class_list":["post-257","page","type-page","status-publish","hentry"],"_links":{"self":[{"href":"https:\/\/blogs2.abo.fi\/ovningsdaghem\/wp-json\/wp\/v2\/pages\/257","targetHints":{"allow":["GET"]}}],"collection":[{"href":"https:\/\/blogs2.abo.fi\/ovningsdaghem\/wp-json\/wp\/v2\/pages"}],"about":[{"href":"https:\/\/blogs2.abo.fi\/ovningsdaghem\/wp-json\/wp\/v2\/types\/page"}],"author":[{"embeddable":true,"href":"https:\/\/blogs2.abo.fi\/ovningsdaghem\/wp-json\/wp\/v2\/users\/530"}],"replies":[{"embeddable":true,"href":"https:\/\/blogs2.abo.fi\/ovningsdaghem\/wp-json\/wp\/v2\/comments?post=257"}],"version-history":[{"count":3,"href":"https:\/\/blogs2.abo.fi\/ovningsdaghem\/wp-json\/wp\/v2\/pages\/257\/revisions"}],"predecessor-version":[{"id":1150,"href":"https:\/\/blogs2.abo.fi\/ovningsdaghem\/wp-json\/wp\/v2\/pages\/257\/revisions\/1150"}],"wp:attachment":[{"href":"https:\/\/blogs2.abo.fi\/ovningsdaghem\/wp-json\/wp\/v2\/media?parent=257"}],"curies":[{"name":"wp","href":"https:\/\/api.w.org\/{rel}","templated":true}]}}