{"id":253,"date":"2021-05-20T13:08:06","date_gmt":"2021-05-20T10:08:06","guid":{"rendered":"https:\/\/blogs2.abo.fi\/ovningsdaghem\/?page_id=253"},"modified":"2025-06-24T12:30:06","modified_gmt":"2025-06-24T09:30:06","slug":"lyan-ab","status":"publish","type":"page","link":"https:\/\/blogs2.abo.fi\/ovningsdaghem\/grankulla\/lyan-ab\/","title":{"rendered":"Lyan, Stiftelsen Bensow"},"content":{"rendered":"<header class=\"entry-header\">\n<h1 class=\"entry-title\"><strong style=\"font-size: 1rem\"><img loading=\"lazy\" decoding=\"async\" class=\"alignnone size-full wp-image-241\" src=\"http:\/\/blogs2.abo.fi\/ovningsdaghem\/wp-content\/uploads\/sites\/159\/2021\/05\/Lyan-2.jpg\" alt=\"\" width=\"975\" height=\"661\" srcset=\"https:\/\/blogs2.abo.fi\/ovningsdaghem\/wp-content\/uploads\/sites\/159\/2021\/05\/Lyan-2.jpg 975w, https:\/\/blogs2.abo.fi\/ovningsdaghem\/wp-content\/uploads\/sites\/159\/2021\/05\/Lyan-2-300x203.jpg 300w, https:\/\/blogs2.abo.fi\/ovningsdaghem\/wp-content\/uploads\/sites\/159\/2021\/05\/Lyan-2-768x521.jpg 768w, https:\/\/blogs2.abo.fi\/ovningsdaghem\/wp-content\/uploads\/sites\/159\/2021\/05\/Lyan-2-624x423.jpg 624w\" sizes=\"auto, (max-width: 975px) 100vw, 975px\" \/> <\/strong><\/h1>\n<h1 class=\"entry-header\" style=\"text-align: left\">Lyan Ab<\/h1>\n<header><\/header>\n<div class=\"entry-content\">\n<p style=\"text-align: left\"><strong>Daghemmets ort: <\/strong>Grankulla<\/p>\n<p style=\"text-align: left\"><strong>Daghemmets storlek: <\/strong>Vi har 43 barn indelade i tv\u00e5 avdelningar; Lilla Lyan och Stora Lyan. Lilla Lyan har plats f\u00f6r 13 barn i 1-2 \u00e5rs \u00e5ldern och Stora Lyan har plats f\u00f6r 30 barn indelade i tv\u00e5 grupper Bamsar\/Bj\u00f6rnar f\u00f6r 2-3 \u00e5ringar och Harar\/Kaniner f\u00f6r 4-5 \u00e5ringar.<\/p>\n<p style=\"text-align: left\"><strong><br \/>\n<\/strong><strong>Vi verkar p\u00e5 f\u00f6ljande spr\u00e5k:<br \/>\n<\/strong>Svenska<strong><br \/>\n<\/strong><\/p>\n<p style=\"text-align: left\"><strong>V\u00e5r pedagogiska grundsyn: <\/strong>V\u00e5r vision \u00e4r <strong>Trygga uppv\u00e4xtvillkor f\u00f6r alla barn<\/strong> vilket inkluderar en <strong>v\u00e4rdegrund<\/strong> med<strong> trygghet, respekt och h\u00e4nsyn.<\/strong> V\u00e5r pedagogiska m\u00e5ls\u00e4ttning \u00e4r att barnen skall v\u00e4xa upp till trygga m\u00e4nniskor med en sund sj\u00e4lvk\u00e4nsla. Vi vill v\u00e4xa tillsammans med barnen i en sund samverkan mellan barn och vuxna. Vi vill l\u00e4ra barnen hur de kan lyckas.<\/p>\n<p style=\"text-align: left\">\nVi vill \u00e4ven verka f\u00f6r kompetensst\u00e4rkande av professionella som jobbar med barn. En kvalitativt god service skall d\u00e4rmed kunna erbjudas alla svenskspr\u00e5kiga barn p\u00e5 deras modersm\u00e5l. Kunniga professionella skall garantera att principen om barnets b\u00e4sta till\u00e4mpas i alla beslut som g\u00e4ller dem. G\u00e5 g\u00e4rna in p\u00e5 v\u00e5r <a href=\"http:\/\/www.bensow.fi\">hemsida<\/a>\u00a0och l\u00e4s mera om oss<strong>.<br \/>\n<\/strong><\/p>\n<p style=\"text-align: left\"><strong>V\u00e5r pedagogik: <\/strong>Leken \u00e4r det centrala i allt vi g\u00f6r. Musik, drama och \u00f6vrigt skapande har \u00e4ven en betydande roll. Vi \u00e4r ute i alla v\u00e4der och r\u00f6r oss mycket i skog och mark d\u00e4r vi tar vara p\u00e5 allt vad naturen har att bjuda p\u00e5.<strong><br \/>\n<\/strong><strong><br \/>\n<\/strong><\/p>\n<p style=\"text-align: left\"><strong>Varf\u00f6r ska studerande g\u00f6ra praktik p\u00e5 v\u00e5rt daghem?<br \/>\n<\/strong>P\u00e5 v\u00e5rt daghem har vi alltid sett det som en stor rikedom att f\u00e5 praktikanter. Vi l\u00e4r oss mycket via v\u00e5ra studerande samtidigt som vi f\u00e5r s\u00e4tta oss sj\u00e4lva p\u00e5 prov att kunna dela med oss av de kunskaper vi har. P\u00e5 Lyan blir man som studerande v\u00e4l mottagen i en milj\u00f6 d\u00e4r god arbetsanda r\u00e5der, d\u00e4r ingen \u00e4r r\u00e4dd f\u00f6r att ta itu d\u00e4r det beh\u00f6vs, d\u00e4r alla st\u00f6der och backar upp varandra.<\/p>\n<p style=\"text-align: left\"><strong>Vi kan erbjuda boende f\u00f6r den studerande under praktiktiden:<br \/>\n<\/strong>Tyv\u00e4rr inte<\/p>\n<p style=\"text-align: left\"><strong>Vi kan hj\u00e4lpa till att s\u00f6ka boende f\u00f6r den studerande under praktiktiden:\u00a0<\/strong><br \/>\nF\u00f6rs\u00f6ka kan vi vid behov, men g\u00e5r inte att lova.<\/p>\n<p><img loading=\"lazy\" decoding=\"async\" class=\"alignnone size-full wp-image-1296\" src=\"http:\/\/blogs2.abo.fi\/ovningsdaghem\/wp-content\/uploads\/sites\/159\/2025\/06\/Skarmbild-2025-06-24-122542.png\" alt=\"\" width=\"900\" height=\"598\" srcset=\"https:\/\/blogs2.abo.fi\/ovningsdaghem\/wp-content\/uploads\/sites\/159\/2025\/06\/Skarmbild-2025-06-24-122542.png 900w, https:\/\/blogs2.abo.fi\/ovningsdaghem\/wp-content\/uploads\/sites\/159\/2025\/06\/Skarmbild-2025-06-24-122542-300x199.png 300w, https:\/\/blogs2.abo.fi\/ovningsdaghem\/wp-content\/uploads\/sites\/159\/2025\/06\/Skarmbild-2025-06-24-122542-768x510.png 768w\" sizes=\"auto, (max-width: 900px) 100vw, 900px\" \/><\/p>\n<\/div>\n<\/header>\n","protected":false},"excerpt":{"rendered":"<p>Lyan Ab Daghemmets ort: Grankulla Daghemmets storlek: Vi har 43 barn indelade i tv\u00e5 avdelningar; Lilla Lyan och Stora Lyan. Lilla Lyan har plats f\u00f6r 13 barn i 1-2 \u00e5rs \u00e5ldern och Stora Lyan har plats f\u00f6r 30 barn indelade i tv\u00e5 grupper Bamsar\/Bj\u00f6rnar f\u00f6r 2-3 \u00e5ringar och Harar\/Kaniner f\u00f6r 4-5 \u00e5ringar. Vi verkar p\u00e5 &hellip; <a href=\"https:\/\/blogs2.abo.fi\/ovningsdaghem\/grankulla\/lyan-ab\/\" class=\"more-link\">Forts\u00e4tt l\u00e4sa <span class=\"screen-reader-text\">Lyan, Stiftelsen Bensow<\/span><\/a><\/p>\n","protected":false},"author":530,"featured_media":0,"parent":91,"menu_order":0,"comment_status":"closed","ping_status":"closed","template":"","meta":{"footnotes":""},"class_list":["post-253","page","type-page","status-publish","hentry"],"_links":{"self":[{"href":"https:\/\/blogs2.abo.fi\/ovningsdaghem\/wp-json\/wp\/v2\/pages\/253","targetHints":{"allow":["GET"]}}],"collection":[{"href":"https:\/\/blogs2.abo.fi\/ovningsdaghem\/wp-json\/wp\/v2\/pages"}],"about":[{"href":"https:\/\/blogs2.abo.fi\/ovningsdaghem\/wp-json\/wp\/v2\/types\/page"}],"author":[{"embeddable":true,"href":"https:\/\/blogs2.abo.fi\/ovningsdaghem\/wp-json\/wp\/v2\/users\/530"}],"replies":[{"embeddable":true,"href":"https:\/\/blogs2.abo.fi\/ovningsdaghem\/wp-json\/wp\/v2\/comments?post=253"}],"version-history":[{"count":7,"href":"https:\/\/blogs2.abo.fi\/ovningsdaghem\/wp-json\/wp\/v2\/pages\/253\/revisions"}],"predecessor-version":[{"id":1297,"href":"https:\/\/blogs2.abo.fi\/ovningsdaghem\/wp-json\/wp\/v2\/pages\/253\/revisions\/1297"}],"up":[{"embeddable":true,"href":"https:\/\/blogs2.abo.fi\/ovningsdaghem\/wp-json\/wp\/v2\/pages\/91"}],"wp:attachment":[{"href":"https:\/\/blogs2.abo.fi\/ovningsdaghem\/wp-json\/wp\/v2\/media?parent=253"}],"curies":[{"name":"wp","href":"https:\/\/api.w.org\/{rel}","templated":true}]}}