{"id":15,"date":"2020-06-16T14:37:38","date_gmt":"2020-06-16T11:37:38","guid":{"rendered":"http:\/\/blogs2.abo.fi\/ovningsdaghem\/?page_id=15"},"modified":"2024-06-25T12:48:55","modified_gmt":"2024-06-25T09:48:55","slug":"vara-ovningsdaghem","status":"publish","type":"page","link":"https:\/\/blogs2.abo.fi\/ovningsdaghem\/vara-ovningsdaghem\/","title":{"rendered":"V\u00e5ra \u00d6vningsdaghem"},"content":{"rendered":"<p>Bekanta dig med v\u00e5ra \u00d6vningsdaghem i listan till v\u00e4nster. Anv\u00e4nd pilen ned\u00e5t f\u00f6r att l\u00e4sa mer om de olika daghemmen enligt stad\/kommun.<\/p>\n<p>&nbsp;<\/p>\n<p>&nbsp;<\/p>\n<p>&nbsp;<\/p>\n<p>&nbsp;<\/p>\n<p>&nbsp;<\/p>\n<p>&nbsp;<\/p>\n<p>&nbsp;<\/p>\n<p>&nbsp;<\/p>\n<p>&nbsp;<\/p>\n<p>&nbsp;<\/p>\n<p>&nbsp;<\/p>\n","protected":false},"excerpt":{"rendered":"<p>Bekanta dig med v\u00e5ra \u00d6vningsdaghem i listan till v\u00e4nster. Anv\u00e4nd pilen ned\u00e5t f\u00f6r att l\u00e4sa mer om de olika daghemmen enligt stad\/kommun. &nbsp; &nbsp; &nbsp; &nbsp; &nbsp; &nbsp; &nbsp; &nbsp; &nbsp; &nbsp; &nbsp;<\/p>\n","protected":false},"author":530,"featured_media":0,"parent":0,"menu_order":0,"comment_status":"closed","ping_status":"closed","template":"","meta":{"footnotes":""},"class_list":["post-15","page","type-page","status-publish","hentry"],"_links":{"self":[{"href":"https:\/\/blogs2.abo.fi\/ovningsdaghem\/wp-json\/wp\/v2\/pages\/15","targetHints":{"allow":["GET"]}}],"collection":[{"href":"https:\/\/blogs2.abo.fi\/ovningsdaghem\/wp-json\/wp\/v2\/pages"}],"about":[{"href":"https:\/\/blogs2.abo.fi\/ovningsdaghem\/wp-json\/wp\/v2\/types\/page"}],"author":[{"embeddable":true,"href":"https:\/\/blogs2.abo.fi\/ovningsdaghem\/wp-json\/wp\/v2\/users\/530"}],"replies":[{"embeddable":true,"href":"https:\/\/blogs2.abo.fi\/ovningsdaghem\/wp-json\/wp\/v2\/comments?post=15"}],"version-history":[{"count":8,"href":"https:\/\/blogs2.abo.fi\/ovningsdaghem\/wp-json\/wp\/v2\/pages\/15\/revisions"}],"predecessor-version":[{"id":1189,"href":"https:\/\/blogs2.abo.fi\/ovningsdaghem\/wp-json\/wp\/v2\/pages\/15\/revisions\/1189"}],"wp:attachment":[{"href":"https:\/\/blogs2.abo.fi\/ovningsdaghem\/wp-json\/wp\/v2\/media?parent=15"}],"curies":[{"name":"wp","href":"https:\/\/api.w.org\/{rel}","templated":true}]}}