{"id":1319,"date":"2025-06-24T13:07:45","date_gmt":"2025-06-24T10:07:45","guid":{"rendered":"https:\/\/blogs2.abo.fi\/ovningsdaghem\/?page_id=1319"},"modified":"2025-06-24T13:07:45","modified_gmt":"2025-06-24T10:07:45","slug":"guldvinge","status":"publish","type":"page","link":"https:\/\/blogs2.abo.fi\/ovningsdaghem\/guldvinge\/","title":{"rendered":"Guldvinge"},"content":{"rendered":"<p><img loading=\"lazy\" decoding=\"async\" class=\"alignnone size-large wp-image-1325\" src=\"http:\/\/blogs2.abo.fi\/ovningsdaghem\/wp-content\/uploads\/sites\/159\/2025\/06\/bild-20-1024x768.jpg\" alt=\"\" width=\"660\" height=\"495\" srcset=\"https:\/\/blogs2.abo.fi\/ovningsdaghem\/wp-content\/uploads\/sites\/159\/2025\/06\/bild-20-1024x768.jpg 1024w, https:\/\/blogs2.abo.fi\/ovningsdaghem\/wp-content\/uploads\/sites\/159\/2025\/06\/bild-20-300x225.jpg 300w, https:\/\/blogs2.abo.fi\/ovningsdaghem\/wp-content\/uploads\/sites\/159\/2025\/06\/bild-20-768x576.jpg 768w, https:\/\/blogs2.abo.fi\/ovningsdaghem\/wp-content\/uploads\/sites\/159\/2025\/06\/bild-20-1536x1152.jpg 1536w, https:\/\/blogs2.abo.fi\/ovningsdaghem\/wp-content\/uploads\/sites\/159\/2025\/06\/bild-20.jpg 2016w\" sizes=\"auto, (max-width: 660px) 100vw, 660px\" \/><\/p>\n<h1>Daghemmet Guldvinge<\/h1>\n<p><strong>Daghemmets ort: <\/strong>Nykarleby<\/p>\n<p><strong>Daghemmets storlek:<\/strong> 7 avdelningar, 113 barn<\/p>\n<p><strong>Vi verkar p\u00e5 f\u00f6ljande spr\u00e5k: <\/strong>Svenska, finska, engelska<\/p>\n<p><strong>V\u00e5r pedagogiska grundsyn<\/strong><strong>:<\/strong> Med natur, milj\u00f6 och h\u00e4lsa som ledord vill vi skapa en trygg, j\u00e4mlik och upplevelsefylld tillvaro d\u00e4r leken, v\u00e4lm\u00e5endet och uppt\u00e4ckargl\u00e4djen st\u00e5r i fokus. P\u00e5 Guldvinge respekterar och behandlar vi alla likv\u00e4rdigt enligt deras behov. Vi skapar trygga, inspirerande milj\u00f6er f\u00f6r barnen att leka och utvecklas i. Vi vill ge barnen redskap s\u00e5 att de kan uttrycka sig, sina tankar och \u00e5sikter. Vi vill st\u00f6da deras sociala kompetens och motarbeta alla tecken p\u00e5 mobbning.<\/p>\n<p>Personalens flexibilitet och samarbetsf\u00f6rm\u00e5ga \u00e4r en av Guldvinges st\u00f6rsta styrkor. Personalen \u00e4r trygg i sin profession och har ett positivt f\u00f6rh\u00e5llningss\u00e4tt till utveckling och l\u00e4rande. Sm\u00e5gruppsarbete \u00e4r ett naturligt och grundl\u00e4ggande arbetss\u00e4tt p\u00e5 Guldvinge. Vi arbetar hela tiden f\u00f6r h\u00e5llbara val, vare sig det g\u00e4ller personal, barn, ink\u00f6p eller klimatavtryck<\/p>\n<p><strong>V\u00e5r pedagogik: <\/strong>P\u00e5 Guldvinge v\u00e4rdes\u00e4tter vi den pedagogiska processen som l\u00e4randet inneb\u00e4r. V\u00e4gen till m\u00e5let f\u00e5r ta tid och har ett eget v\u00e4rde. Pedagogerna ska ge barnen m\u00f6jlighet att misslyckas och lyckas i en trygg, j\u00e4mlik och kravl\u00f6s milj\u00f6, d\u00e4r verksamheten genomsyras av respekt, integritet och m\u00e5lmedvetenhet.<\/p>\n<p>Guldvinges verksamhet fokuserar p\u00e5 natur och h\u00e5llbarhet och som en del i det arbetet arbetar vi med gr\u00f6n flagg. Vi har \u00e4ven en utepedagogikavdelning f\u00f6r fem-\u00e5ringar.<\/p>\n<p><strong>Varf\u00f6r ska studerande g\u00f6ra praktik p\u00e5 v\u00e5rt daghem?: <\/strong>Vi verkar i moderna utrymmen byggda f\u00f6r sm\u00e5gruppsarbete. Vi vurmar f\u00f6r utveckling och arbetar aktivt f\u00f6r personalens fortbildning och v\u00e4lm\u00e5ende. Guldvinge \u00e4r ett popul\u00e4rt praktikdaghem f\u00f6r andra utbildningar och personalen v\u00e4lkomnar och v\u00e4rdes\u00e4tter de studerandes insikter och l\u00e4rande.\u00a0 Hj\u00e4rtligt v\u00e4lkommen till oss!<\/p>\n<p><strong>Vi kan erbjuda boende f\u00f6r den studerande under praktiktiden: <\/strong>nej<\/p>\n<p><strong>Vi kan hj\u00e4lpa till att s\u00f6ka boende f\u00f6r den studerande under praktiktiden:\u00a0 <\/strong>ja<\/p>\n<p><img loading=\"lazy\" decoding=\"async\" class=\"alignnone wp-image-1322 size-large\" src=\"http:\/\/blogs2.abo.fi\/ovningsdaghem\/wp-content\/uploads\/sites\/159\/2025\/06\/bild26-768x1024.jpg\" alt=\"\" width=\"660\" height=\"880\" srcset=\"https:\/\/blogs2.abo.fi\/ovningsdaghem\/wp-content\/uploads\/sites\/159\/2025\/06\/bild26-768x1024.jpg 768w, https:\/\/blogs2.abo.fi\/ovningsdaghem\/wp-content\/uploads\/sites\/159\/2025\/06\/bild26-225x300.jpg 225w, https:\/\/blogs2.abo.fi\/ovningsdaghem\/wp-content\/uploads\/sites\/159\/2025\/06\/bild26-1152x1536.jpg 1152w, https:\/\/blogs2.abo.fi\/ovningsdaghem\/wp-content\/uploads\/sites\/159\/2025\/06\/bild26.jpg 1512w\" sizes=\"auto, (max-width: 660px) 100vw, 660px\" \/><\/p>\n","protected":false},"excerpt":{"rendered":"<p>Daghemmet Guldvinge Daghemmets ort: Nykarleby Daghemmets storlek: 7 avdelningar, 113 barn Vi verkar p\u00e5 f\u00f6ljande spr\u00e5k: Svenska, finska, engelska V\u00e5r pedagogiska grundsyn: Med natur, milj\u00f6 och h\u00e4lsa som ledord vill vi skapa en trygg, j\u00e4mlik och upplevelsefylld tillvaro d\u00e4r leken, v\u00e4lm\u00e5endet och uppt\u00e4ckargl\u00e4djen st\u00e5r i fokus. P\u00e5 Guldvinge respekterar och behandlar vi alla likv\u00e4rdigt enligt &hellip; <a href=\"https:\/\/blogs2.abo.fi\/ovningsdaghem\/guldvinge\/\" class=\"more-link\">Forts\u00e4tt l\u00e4sa <span class=\"screen-reader-text\">Guldvinge<\/span><\/a><\/p>\n","protected":false},"author":707,"featured_media":0,"parent":0,"menu_order":0,"comment_status":"closed","ping_status":"closed","template":"","meta":{"footnotes":""},"class_list":["post-1319","page","type-page","status-publish","hentry"],"_links":{"self":[{"href":"https:\/\/blogs2.abo.fi\/ovningsdaghem\/wp-json\/wp\/v2\/pages\/1319","targetHints":{"allow":["GET"]}}],"collection":[{"href":"https:\/\/blogs2.abo.fi\/ovningsdaghem\/wp-json\/wp\/v2\/pages"}],"about":[{"href":"https:\/\/blogs2.abo.fi\/ovningsdaghem\/wp-json\/wp\/v2\/types\/page"}],"author":[{"embeddable":true,"href":"https:\/\/blogs2.abo.fi\/ovningsdaghem\/wp-json\/wp\/v2\/users\/707"}],"replies":[{"embeddable":true,"href":"https:\/\/blogs2.abo.fi\/ovningsdaghem\/wp-json\/wp\/v2\/comments?post=1319"}],"version-history":[{"count":8,"href":"https:\/\/blogs2.abo.fi\/ovningsdaghem\/wp-json\/wp\/v2\/pages\/1319\/revisions"}],"predecessor-version":[{"id":1331,"href":"https:\/\/blogs2.abo.fi\/ovningsdaghem\/wp-json\/wp\/v2\/pages\/1319\/revisions\/1331"}],"wp:attachment":[{"href":"https:\/\/blogs2.abo.fi\/ovningsdaghem\/wp-json\/wp\/v2\/media?parent=1319"}],"curies":[{"name":"wp","href":"https:\/\/api.w.org\/{rel}","templated":true}]}}