{"id":1300,"date":"2025-06-24T12:43:27","date_gmt":"2025-06-24T09:43:27","guid":{"rendered":"https:\/\/blogs2.abo.fi\/ovningsdaghem\/?page_id=1300"},"modified":"2025-06-24T12:43:27","modified_gmt":"2025-06-24T09:43:27","slug":"kastanjen","status":"publish","type":"page","link":"https:\/\/blogs2.abo.fi\/ovningsdaghem\/kastanjen\/","title":{"rendered":"Kastanjen"},"content":{"rendered":"<h1>Daghemmet Kastanjen<\/h1>\n<p><strong>Daghemmets ort: <\/strong>\u00c5bo<\/p>\n<p><strong>Daghemmets storlek:<\/strong><\/p>\n<p>Lilla sidan (1-3 \u00e5ringar): 12 platser<br \/>\nStora sidan (3-5 \u00e5ringar): 21 platser<\/p>\n<p><strong>Vi verkar p\u00e5 f\u00f6ljande spr\u00e5k: <\/strong>Vi \u00e4r ett svenskspr\u00e5kigt daghem, men vi har tv\u00e5spr\u00e5kiga barn.<\/p>\n<p><strong>V\u00e5r pedagogiska grundsyn: <\/strong>Verksamheten utg\u00e5r fr\u00e5n barnets egna erfarenheter, intressen, behov och \u00e5sikter. V\u00e5r verksamhet genomf\u00f6rs s\u00e5 den stimulerar och utmanar barnets utveckling och l\u00e4rande. Pedagogerna jobbar f\u00f6r barnets b\u00e4sta och f\u00f6r att barnet ska m\u00e5 bra och k\u00e4nna sig tryggt. Verksamheten st\u00f6der barnet d\u00e5 hen v\u00e4xer, utvecklas och l\u00e4r sig.<\/p>\n<p>Daghemmet jobbar utg\u00e5ende fr\u00e5n Folkh\u00e4lsans husmodell och har f\u00e5tt h\u00e4lsofr\u00e4mjande certifiering f\u00f6r sitt j\u00e4mst\u00e4lldhetsarbete och f\u00f6r fysisk aktivitet, vila och avslappning.<\/p>\n<p><strong>V\u00e5r pedagogik: <\/strong>Pedagogerna i v\u00e5r verksamhet jobbar med barnen i sm\u00e5grupper. Sm\u00e5gruppsverksamhet fr\u00e4mjar barnets v\u00e4lm\u00e5ende, inl\u00e4rning och utveckling. Genom sm\u00e5gruppsverksamhet kan vi \u00f6ka barnets m\u00f6jlighet att lyckas och att bli sett och h\u00f6rt varje dag. Pedagogerna jobbar \u00e4ven f\u00f6r att skapa en trygg vardagspedagogik och vi \u00e4r \u00e4ven f\u00f6reg\u00e5ngare i j\u00e4mlikhetsarbete med barn.<\/p>\n<p>Ledda lekar planeras och genomf\u00f6rs s\u00e5 att de st\u00f6der olika spr\u00e5komr\u00e5den. Genom att skapa inspirerande lekstunder med barnen skapar vi stunder d\u00e4r barnen f\u00e5r l\u00e4ra sig att uppfatta instruktioner, anv\u00e4nda kroppsspr\u00e5k, gester och miner.<\/p>\n<p><strong>Varf\u00f6r ska studerande g\u00f6ra praktik p\u00e5 v\u00e5rt daghem? <\/strong>P\u00e5 v\u00e5rt daghem erbjuder vi en trygg och h\u00e4lsosam arbetskultur. Vi erbjuder kunskap och handledning av pedagoger med l\u00e5ng erfarenhet och nyfiket sinne. Vi har ett hemtrevligt daghem som ligger i universitethj\u00e4rtat av \u00c5bo.<\/p>\n<p>Vi v\u00e4lkomnar nya id\u00e9er och lyssnar g\u00e4rna p\u00e5 nya syns\u00e4tt inom sm\u00e5barnspedagogiken.<\/p>\n<p><strong>Vi kan erbjuda boende f\u00f6r den studerande under praktiktiden:<\/strong> Nej<\/p>\n<p><strong>Vi kan hj\u00e4lpa till att s\u00f6ka boende f\u00f6r den studerande under praktiktiden:\u00a0 <\/strong>Nej<\/p>\n<p><img loading=\"lazy\" decoding=\"async\" class=\"alignnone size-full wp-image-1301\" src=\"http:\/\/blogs2.abo.fi\/ovningsdaghem\/wp-content\/uploads\/sites\/159\/2025\/06\/Picture1.png\" alt=\"\" width=\"361\" height=\"590\" srcset=\"https:\/\/blogs2.abo.fi\/ovningsdaghem\/wp-content\/uploads\/sites\/159\/2025\/06\/Picture1.png 361w, https:\/\/blogs2.abo.fi\/ovningsdaghem\/wp-content\/uploads\/sites\/159\/2025\/06\/Picture1-184x300.png 184w\" sizes=\"auto, (max-width: 361px) 100vw, 361px\" \/><\/p>\n","protected":false},"excerpt":{"rendered":"<p>Daghemmet Kastanjen Daghemmets ort: \u00c5bo Daghemmets storlek: Lilla sidan (1-3 \u00e5ringar): 12 platser Stora sidan (3-5 \u00e5ringar): 21 platser Vi verkar p\u00e5 f\u00f6ljande spr\u00e5k: Vi \u00e4r ett svenskspr\u00e5kigt daghem, men vi har tv\u00e5spr\u00e5kiga barn. V\u00e5r pedagogiska grundsyn: Verksamheten utg\u00e5r fr\u00e5n barnets egna erfarenheter, intressen, behov och \u00e5sikter. V\u00e5r verksamhet genomf\u00f6rs s\u00e5 den stimulerar och utmanar &hellip; <a href=\"https:\/\/blogs2.abo.fi\/ovningsdaghem\/kastanjen\/\" class=\"more-link\">Forts\u00e4tt l\u00e4sa <span class=\"screen-reader-text\">Kastanjen<\/span><\/a><\/p>\n","protected":false},"author":707,"featured_media":0,"parent":0,"menu_order":0,"comment_status":"closed","ping_status":"closed","template":"","meta":{"footnotes":""},"class_list":["post-1300","page","type-page","status-publish","hentry"],"_links":{"self":[{"href":"https:\/\/blogs2.abo.fi\/ovningsdaghem\/wp-json\/wp\/v2\/pages\/1300","targetHints":{"allow":["GET"]}}],"collection":[{"href":"https:\/\/blogs2.abo.fi\/ovningsdaghem\/wp-json\/wp\/v2\/pages"}],"about":[{"href":"https:\/\/blogs2.abo.fi\/ovningsdaghem\/wp-json\/wp\/v2\/types\/page"}],"author":[{"embeddable":true,"href":"https:\/\/blogs2.abo.fi\/ovningsdaghem\/wp-json\/wp\/v2\/users\/707"}],"replies":[{"embeddable":true,"href":"https:\/\/blogs2.abo.fi\/ovningsdaghem\/wp-json\/wp\/v2\/comments?post=1300"}],"version-history":[{"count":1,"href":"https:\/\/blogs2.abo.fi\/ovningsdaghem\/wp-json\/wp\/v2\/pages\/1300\/revisions"}],"predecessor-version":[{"id":1302,"href":"https:\/\/blogs2.abo.fi\/ovningsdaghem\/wp-json\/wp\/v2\/pages\/1300\/revisions\/1302"}],"wp:attachment":[{"href":"https:\/\/blogs2.abo.fi\/ovningsdaghem\/wp-json\/wp\/v2\/media?parent=1300"}],"curies":[{"name":"wp","href":"https:\/\/api.w.org\/{rel}","templated":true}]}}