{"id":1203,"date":"2024-08-01T10:03:43","date_gmt":"2024-08-01T07:03:43","guid":{"rendered":"https:\/\/blogs2.abo.fi\/ovningsdaghem\/?page_id=1203"},"modified":"2024-08-01T10:15:05","modified_gmt":"2024-08-01T07:15:05","slug":"daghemmet-anna","status":"publish","type":"page","link":"https:\/\/blogs2.abo.fi\/ovningsdaghem\/daghemmet-anna\/","title":{"rendered":"Daghemmet Anna"},"content":{"rendered":"<h1>Daghemmet Anna<\/h1>\n<p><strong>Daghemmets ort: <\/strong>Helsingfors<\/p>\n<p><strong>Daghemmets storlek: <\/strong>35 barnplatser, 2 grupper och 5 i v\u00e5rdpersonalen<\/p>\n<p><strong>Vi verkar p\u00e5 f\u00f6ljande spr\u00e5k: <\/strong>Svenska<\/p>\n<p><strong>V\u00e5r pedagogiska grundsyn: <\/strong>P\u00e5 v\u00e5ra daghem betonar vi barnens styrkor och behov. Vi uppm\u00e4rksammar det barnen kan och att de f\u00e5r m\u00f6jlighet att l\u00e4ra sig av varandra. Det \u00e4r viktigt att barnen f\u00e5r k\u00e4nna att de lyckas och att de har det roligt. Hos oss \u00e4r barn och vuxna likv\u00e4rdiga och tillsammans ser vi v\u00e4rlden ur barnets perspektiv. Tillsammans skapar vi en vi-k\u00e4nsla d\u00e4r alla blir sedda och h\u00f6rda, vilket \u00e4r en viktig grund i v\u00e5rt arbete. Vi ser m\u00e5ngfald som en rikedom och vi visar v\u00e4gen mot ett inkluderande samh\u00e4lle. Vi \u00e4r alla v\u00e4rdefulla och respekterade f\u00f6r den vi \u00e4r. Hos oss \u00e4r vuxna positiva f\u00f6rebilder, lyh\u00f6rda v\u00e4gledare och inbjudande medforskare.<\/p>\n<p><strong>V\u00e5r pedagogik: <\/strong>Vi utg\u00e5r ifr\u00e5n barnets styrkor och behov i all planering och vi uppmuntrar alla barn att f\u00e5 sin r\u00f6st h\u00f6rd. Den kommande tiden kommer vi att l\u00e4gga extra fokus p\u00e5 spr\u00e5kmedvetenhet, sj\u00e4lvledarskap och positiv pedagogik.<\/p>\n<p><strong>Varf\u00f6r ska studerande g\u00f6ra praktik p\u00e5 v\u00e5rt daghem? <\/strong>Genom att utf\u00f6ra praktik p\u00e5 ett av v\u00e5ra daghem f\u00f6rs\u00e4krar du en plats d\u00e4r du blir v\u00e4l bem\u00f6tt och ges m\u00f6jlighet att utveckla dig i din professionella roll i samr\u00e5d med kunnig personal. Via praktik p\u00e5 Barnav\u00e5rdsf\u00f6reningens daghem har du \u00e4ven m\u00f6jlighet att f\u00e5 en insyn i det \u00f6vriga arbetet som sker p\u00e5 f\u00f6reningen som kan vara av nytta i de kommande studierna samt i arbetslivet.<\/p>\n<p><strong>Vi kan erbjuda boende f\u00f6r den studerande under praktiktiden: <\/strong>Nej<\/p>\n<p><strong>Vi kan hj\u00e4lpa till att s\u00f6ka boende f\u00f6r den studerande under praktiktiden: <\/strong>Nej<\/p>\n<p><img loading=\"lazy\" decoding=\"async\" class=\"alignnone size-full wp-image-1205\" src=\"http:\/\/blogs2.abo.fi\/ovningsdaghem\/wp-content\/uploads\/sites\/159\/2024\/08\/Picture5.jpg\" alt=\"\" width=\"481\" height=\"319\" srcset=\"https:\/\/blogs2.abo.fi\/ovningsdaghem\/wp-content\/uploads\/sites\/159\/2024\/08\/Picture5.jpg 481w, https:\/\/blogs2.abo.fi\/ovningsdaghem\/wp-content\/uploads\/sites\/159\/2024\/08\/Picture5-300x199.jpg 300w\" sizes=\"auto, (max-width: 481px) 100vw, 481px\" \/><\/p>\n<p><img loading=\"lazy\" decoding=\"async\" class=\"alignnone size-full wp-image-1206\" src=\"http:\/\/blogs2.abo.fi\/ovningsdaghem\/wp-content\/uploads\/sites\/159\/2024\/08\/Picture1.jpg\" alt=\"\" width=\"280\" height=\"498\" srcset=\"https:\/\/blogs2.abo.fi\/ovningsdaghem\/wp-content\/uploads\/sites\/159\/2024\/08\/Picture1.jpg 280w, https:\/\/blogs2.abo.fi\/ovningsdaghem\/wp-content\/uploads\/sites\/159\/2024\/08\/Picture1-169x300.jpg 169w\" sizes=\"auto, (max-width: 280px) 100vw, 280px\" \/><\/p>\n","protected":false},"excerpt":{"rendered":"<p>Daghemmet Anna Daghemmets ort: Helsingfors Daghemmets storlek: 35 barnplatser, 2 grupper och 5 i v\u00e5rdpersonalen Vi verkar p\u00e5 f\u00f6ljande spr\u00e5k: Svenska V\u00e5r pedagogiska grundsyn: P\u00e5 v\u00e5ra daghem betonar vi barnens styrkor och behov. Vi uppm\u00e4rksammar det barnen kan och att de f\u00e5r m\u00f6jlighet att l\u00e4ra sig av varandra. Det \u00e4r viktigt att barnen f\u00e5r k\u00e4nna &hellip; <a href=\"https:\/\/blogs2.abo.fi\/ovningsdaghem\/daghemmet-anna\/\" class=\"more-link\">Forts\u00e4tt l\u00e4sa <span class=\"screen-reader-text\">Daghemmet Anna<\/span><\/a><\/p>\n","protected":false},"author":707,"featured_media":0,"parent":0,"menu_order":0,"comment_status":"closed","ping_status":"closed","template":"","meta":{"footnotes":""},"class_list":["post-1203","page","type-page","status-publish","hentry"],"_links":{"self":[{"href":"https:\/\/blogs2.abo.fi\/ovningsdaghem\/wp-json\/wp\/v2\/pages\/1203","targetHints":{"allow":["GET"]}}],"collection":[{"href":"https:\/\/blogs2.abo.fi\/ovningsdaghem\/wp-json\/wp\/v2\/pages"}],"about":[{"href":"https:\/\/blogs2.abo.fi\/ovningsdaghem\/wp-json\/wp\/v2\/types\/page"}],"author":[{"embeddable":true,"href":"https:\/\/blogs2.abo.fi\/ovningsdaghem\/wp-json\/wp\/v2\/users\/707"}],"replies":[{"embeddable":true,"href":"https:\/\/blogs2.abo.fi\/ovningsdaghem\/wp-json\/wp\/v2\/comments?post=1203"}],"version-history":[{"count":5,"href":"https:\/\/blogs2.abo.fi\/ovningsdaghem\/wp-json\/wp\/v2\/pages\/1203\/revisions"}],"predecessor-version":[{"id":1225,"href":"https:\/\/blogs2.abo.fi\/ovningsdaghem\/wp-json\/wp\/v2\/pages\/1203\/revisions\/1225"}],"wp:attachment":[{"href":"https:\/\/blogs2.abo.fi\/ovningsdaghem\/wp-json\/wp\/v2\/media?parent=1203"}],"curies":[{"name":"wp","href":"https:\/\/api.w.org\/{rel}","templated":true}]}}