{"id":1197,"date":"2024-08-01T09:47:48","date_gmt":"2024-08-01T06:47:48","guid":{"rendered":"https:\/\/blogs2.abo.fi\/ovningsdaghem\/?page_id=1197"},"modified":"2024-08-01T09:50:29","modified_gmt":"2024-08-01T06:50:29","slug":"oja-daghem-och-forskola","status":"publish","type":"page","link":"https:\/\/blogs2.abo.fi\/ovningsdaghem\/oja-daghem-och-forskola\/","title":{"rendered":"\u00d6ja daghem och f\u00f6rskola"},"content":{"rendered":"<h1>\u00d6ja daghem och f\u00f6rskola<\/h1>\n<p><strong>Daghemmets ort:<\/strong> Karleby<\/p>\n<p><strong>Daghemmets storlek:<\/strong> 1 daghemsgrupp (1-4 \u00e5ringar), 1 f\u00f6rskolegrupp (5 \u00e5ringar \u00e4r tillsammans med 6\u2013\u00e5ringar)<\/p>\n<p><strong>Vi verkar p\u00e5 f\u00f6ljande spr\u00e5k:<\/strong> Svenska<\/p>\n<p><strong>V\u00e5r pedagogiska grundsyn:<\/strong> V\u00e5r v\u00e4rdegrund \u00e4r stabil. Vi v\u00e4rnar om ett rikt svenskt spr\u00e5k. Vi satsar p\u00e5 fysisk aktivitet och ger barnen utrymme att utveckla sin sj\u00e4lvst\u00e4ndighet. Pedagogisk dokumentation \u00e4r en kontinuerlig process. Dokumenten kan vara anteckningar, fotografier, barnens alster, observationer. En del av dokumentationen \u00e4r avsedd att endast anv\u00e4ndas av personalen i deras arbete. Trygghetsfostran- vi har konsekventa rutiner som ger barnen trygghet. Sunda relationer personalen emellan. Vi tar tillvara personalens olika styrkor i verksamheten och str\u00e4var till ett gott samarbete med hemmen och \u00f6vriga samarbetspartners. Vi satsar p\u00e5 att st\u00e4rka de sociala sidorna ( vardagsrutiner, social samvaro och lek). Barnen \u00e4r delaktiga hela \u00e5ret i olika teman och projekt. Vi uppm\u00e4rksammar olika h\u00f6gtider. Leken \u00e4r v\u00e5r viktigaste redskap, vi uppmuntrar till fantasifull lek. Materialet anpassas enligt \u00e5ldern \u00e4ven l\u00e4rmilj\u00f6erna utformas s\u00e5 de \u00e4r trivsamma och tillg\u00e4ngliga.<\/p>\n<p><strong>V\u00e5r pedagogik:<\/strong> Ett rikt svenskt spr\u00e5k, vi vill v\u00e4cka barnens naturliga nyfikenhet och viljan att l\u00e4ra sig = sj\u00e4lvst\u00e4ndighet. Barnen ska ha m\u00f6jlighet att utforska v\u00e4rlden med alla sina sinnen och med hela kroppen.<\/p>\n<p><strong>Varf\u00f6r ska studerande g\u00f6ra praktik p\u00e5 v\u00e5rt daghem?<\/strong> En liten hemlik enhet vid havet med fin n\u00e4rmilj\u00f6. Kompetent personal med fina id\u00e9er, vi har en \u00f6ppen och \u00e4rlig kommunikation och respekt f\u00f6r andra individer.<\/p>\n<p><strong>Vi kan erbjuda boende f\u00f6r den studerande under praktiktiden:<\/strong> Nej<\/p>\n<p><strong>Vi kan hj\u00e4lpa till att s\u00f6ka boende f\u00f6r den studerande under praktiktiden:<\/strong> Nej<\/p>\n","protected":false},"excerpt":{"rendered":"<p>\u00d6ja daghem och f\u00f6rskola Daghemmets ort: Karleby Daghemmets storlek: 1 daghemsgrupp (1-4 \u00e5ringar), 1 f\u00f6rskolegrupp (5 \u00e5ringar \u00e4r tillsammans med 6\u2013\u00e5ringar) Vi verkar p\u00e5 f\u00f6ljande spr\u00e5k: Svenska V\u00e5r pedagogiska grundsyn: V\u00e5r v\u00e4rdegrund \u00e4r stabil. Vi v\u00e4rnar om ett rikt svenskt spr\u00e5k. Vi satsar p\u00e5 fysisk aktivitet och ger barnen utrymme att utveckla sin sj\u00e4lvst\u00e4ndighet. Pedagogisk &hellip; <a href=\"https:\/\/blogs2.abo.fi\/ovningsdaghem\/oja-daghem-och-forskola\/\" class=\"more-link\">Forts\u00e4tt l\u00e4sa <span class=\"screen-reader-text\">\u00d6ja daghem och f\u00f6rskola<\/span><\/a><\/p>\n","protected":false},"author":707,"featured_media":0,"parent":0,"menu_order":0,"comment_status":"closed","ping_status":"closed","template":"","meta":{"footnotes":""},"class_list":["post-1197","page","type-page","status-publish","hentry"],"_links":{"self":[{"href":"https:\/\/blogs2.abo.fi\/ovningsdaghem\/wp-json\/wp\/v2\/pages\/1197","targetHints":{"allow":["GET"]}}],"collection":[{"href":"https:\/\/blogs2.abo.fi\/ovningsdaghem\/wp-json\/wp\/v2\/pages"}],"about":[{"href":"https:\/\/blogs2.abo.fi\/ovningsdaghem\/wp-json\/wp\/v2\/types\/page"}],"author":[{"embeddable":true,"href":"https:\/\/blogs2.abo.fi\/ovningsdaghem\/wp-json\/wp\/v2\/users\/707"}],"replies":[{"embeddable":true,"href":"https:\/\/blogs2.abo.fi\/ovningsdaghem\/wp-json\/wp\/v2\/comments?post=1197"}],"version-history":[{"count":4,"href":"https:\/\/blogs2.abo.fi\/ovningsdaghem\/wp-json\/wp\/v2\/pages\/1197\/revisions"}],"predecessor-version":[{"id":1202,"href":"https:\/\/blogs2.abo.fi\/ovningsdaghem\/wp-json\/wp\/v2\/pages\/1197\/revisions\/1202"}],"wp:attachment":[{"href":"https:\/\/blogs2.abo.fi\/ovningsdaghem\/wp-json\/wp\/v2\/media?parent=1197"}],"curies":[{"name":"wp","href":"https:\/\/api.w.org\/{rel}","templated":true}]}}