{"id":1128,"date":"2024-06-25T11:13:25","date_gmt":"2024-06-25T08:13:25","guid":{"rendered":"https:\/\/blogs2.abo.fi\/ovningsdaghem\/?page_id=1128"},"modified":"2024-06-25T11:18:18","modified_gmt":"2024-06-25T08:18:18","slug":"nyangen","status":"publish","type":"page","link":"https:\/\/blogs2.abo.fi\/ovningsdaghem\/nyangen\/","title":{"rendered":"Ny\u00e4ngen"},"content":{"rendered":"<p><img loading=\"lazy\" decoding=\"async\" class=\"alignnone size-full wp-image-1129\" src=\"http:\/\/blogs2.abo.fi\/ovningsdaghem\/wp-content\/uploads\/sites\/159\/2024\/06\/Picture1.jpg\" alt=\"\" width=\"363\" height=\"484\" srcset=\"https:\/\/blogs2.abo.fi\/ovningsdaghem\/wp-content\/uploads\/sites\/159\/2024\/06\/Picture1.jpg 363w, https:\/\/blogs2.abo.fi\/ovningsdaghem\/wp-content\/uploads\/sites\/159\/2024\/06\/Picture1-225x300.jpg 225w\" sizes=\"auto, (max-width: 363px) 100vw, 363px\" \/><\/p>\n<h1>Ny\u00e4ngen<\/h1>\n<p><strong>Daghemmets ort: <\/strong>Mariehamn<\/p>\n<p><strong>Daghemmets storlek: <\/strong><\/p>\n<p>1 avdelning f\u00f6r barn 1-3 \u00e5r<\/p>\n<p>2 avdelningar f\u00f6r barn 3-5 \u00e5r<\/p>\n<p>1 avdelning f\u00f6r barn 5-6 \u00e5r (\u00e4ven f\u00f6rundervisning)<\/p>\n<p><strong>Vi arbetar p\u00e5 f\u00f6ljande spr\u00e5k: <\/strong>Svenska<\/p>\n<p><strong>V\u00e5r pedagogiska grundsyn: <\/strong>Vi vill skapa en trygg milj\u00f6 d\u00e4r barnet f\u00e5r utvecklas enligt sina egna f\u00f6ruts\u00e4ttningar. Vi v\u00e4rdes\u00e4tter leken och ett lekbaserat l\u00e4rande d\u00e4r barnen \u00e4r delaktiga i planeringen av verksamheten och deras vardag. Vi str\u00e4var efter att jobba s\u00e5 mycket som m\u00f6jligt i sm\u00e5 grupper under dagen. Vi skapar f\u00f6ruts\u00e4ttningar f\u00f6r att barnen ska f\u00e5 utvecklas i sin egen takt d\u00e4r vi till\u00e5ter barn att pr\u00f6va p\u00e5 och utveckla sina f\u00e4rdigheter. Vi ser till det enskilda barnets m\u00e5ngsidiga utveckling genom god omv\u00e5rdnad, bra lekm\u00f6jligheter och en planerad pedagogisk verksamhet.<\/p>\n<p>\u00c5ret innan barnen b\u00f6rjar skolan f\u00f6rbereds de f\u00f6r skolstarten genom f\u00f6rundervisningsverksamhet (f\u00f6rskolan). D\u00e4r f\u00e5r barnen grundl\u00e4ggande kunskaper och f\u00e4rdigheter som de beh\u00f6ver i skolan. F\u00f6rundervisningen \u00e4r integrerad med den \u00f6vriga verksamheten p\u00e5 daghemmet och utg\u00e5r fr\u00e5n\u00a0<a href=\"https:\/\/www.laroplan.ax\/\">den \u00e5l\u00e4ndska l\u00e4roplanen f\u00f6r barnomsorgen<\/a>.<\/p>\n<p><strong>V\u00e5r pedagogik: <\/strong>P\u00e5 daghemmet Ny\u00e4ngen fokuserar vi under verksamhets\u00e5ret s\u00e4rskilt p\u00e5 att personalen har en pedagogisk samsyn. V\u00e4rdegrundsarbetet fortg\u00e5r kontinuerligt under hela verksamhets\u00e5ret. Vi l\u00e4gger stor tyngd vid att st\u00e4rka det sociala samspelet i barngrupperna. Under verksamhets\u00e5ret l\u00e4ggs extra fokus p\u00e5 det professionella l\u00e4randet som st\u00f6ds av det kollegiala samarbetet personalen emellan.<\/p>\n<p><strong>Varf\u00f6r ska studerande g\u00f6ra praktik p\u00e5 v\u00e5rt daghem? <\/strong>Ett unikt tillf\u00e4lle att f\u00e5 bekanta sig med den \u00c5l\u00e4ndska kulturen och samtidigt f\u00e5 ta del av vad Mariehamn har att erbjuda. Vi arbetar m\u00e5ngkulturellt och inkluderande. Mariehamns Stad \u00e4r en stad i utveckling som str\u00e4var efter att sm\u00e5barnspedagogiken ska h\u00e5lla h\u00f6g kvalitet. Vi har h\u00f6g personalbemanning med beh\u00f6riga l\u00e4rare\/barnsk\u00f6tare\/assistenter p\u00e5 Ny\u00e4ngens daghem.<\/p>\n<p><strong>Vi kan erbjuda boende f\u00f6r den studerande under praktiktiden: <\/strong>Nej<\/p>\n<p><strong>Vi kan hj\u00e4lpa till att s\u00f6ka boende f\u00f6r den studerande under praktiktiden:\u00a0<\/strong>Nej<\/p>\n","protected":false},"excerpt":{"rendered":"<p>Ny\u00e4ngen Daghemmets ort: Mariehamn Daghemmets storlek: 1 avdelning f\u00f6r barn 1-3 \u00e5r 2 avdelningar f\u00f6r barn 3-5 \u00e5r 1 avdelning f\u00f6r barn 5-6 \u00e5r (\u00e4ven f\u00f6rundervisning) Vi arbetar p\u00e5 f\u00f6ljande spr\u00e5k: Svenska V\u00e5r pedagogiska grundsyn: Vi vill skapa en trygg milj\u00f6 d\u00e4r barnet f\u00e5r utvecklas enligt sina egna f\u00f6ruts\u00e4ttningar. Vi v\u00e4rdes\u00e4tter leken och ett lekbaserat &hellip; <a href=\"https:\/\/blogs2.abo.fi\/ovningsdaghem\/nyangen\/\" class=\"more-link\">Forts\u00e4tt l\u00e4sa <span class=\"screen-reader-text\">Ny\u00e4ngen<\/span><\/a><\/p>\n","protected":false},"author":707,"featured_media":0,"parent":0,"menu_order":0,"comment_status":"closed","ping_status":"closed","template":"","meta":{"footnotes":""},"class_list":["post-1128","page","type-page","status-publish","hentry"],"_links":{"self":[{"href":"https:\/\/blogs2.abo.fi\/ovningsdaghem\/wp-json\/wp\/v2\/pages\/1128","targetHints":{"allow":["GET"]}}],"collection":[{"href":"https:\/\/blogs2.abo.fi\/ovningsdaghem\/wp-json\/wp\/v2\/pages"}],"about":[{"href":"https:\/\/blogs2.abo.fi\/ovningsdaghem\/wp-json\/wp\/v2\/types\/page"}],"author":[{"embeddable":true,"href":"https:\/\/blogs2.abo.fi\/ovningsdaghem\/wp-json\/wp\/v2\/users\/707"}],"replies":[{"embeddable":true,"href":"https:\/\/blogs2.abo.fi\/ovningsdaghem\/wp-json\/wp\/v2\/comments?post=1128"}],"version-history":[{"count":4,"href":"https:\/\/blogs2.abo.fi\/ovningsdaghem\/wp-json\/wp\/v2\/pages\/1128\/revisions"}],"predecessor-version":[{"id":1134,"href":"https:\/\/blogs2.abo.fi\/ovningsdaghem\/wp-json\/wp\/v2\/pages\/1128\/revisions\/1134"}],"wp:attachment":[{"href":"https:\/\/blogs2.abo.fi\/ovningsdaghem\/wp-json\/wp\/v2\/media?parent=1128"}],"curies":[{"name":"wp","href":"https:\/\/api.w.org\/{rel}","templated":true}]}}