{"id":1015,"date":"2024-06-25T08:33:50","date_gmt":"2024-06-25T05:33:50","guid":{"rendered":"https:\/\/blogs2.abo.fi\/ovningsdaghem\/?page_id=1015"},"modified":"2024-06-25T11:43:01","modified_gmt":"2024-06-25T08:43:01","slug":"silva-daghem","status":"publish","type":"page","link":"https:\/\/blogs2.abo.fi\/ovningsdaghem\/silva-daghem\/","title":{"rendered":"Silva daghem"},"content":{"rendered":"<h1><img loading=\"lazy\" decoding=\"async\" class=\"wp-image-1017 size-full aligncenter\" src=\"http:\/\/blogs2.abo.fi\/ovningsdaghem\/wp-content\/uploads\/sites\/159\/2024\/06\/Silva-daghem-fasad-scaled.jpeg\" alt=\"\" width=\"2560\" height=\"1707\" srcset=\"https:\/\/blogs2.abo.fi\/ovningsdaghem\/wp-content\/uploads\/sites\/159\/2024\/06\/Silva-daghem-fasad-scaled.jpeg 2560w, https:\/\/blogs2.abo.fi\/ovningsdaghem\/wp-content\/uploads\/sites\/159\/2024\/06\/Silva-daghem-fasad-300x200.jpeg 300w, https:\/\/blogs2.abo.fi\/ovningsdaghem\/wp-content\/uploads\/sites\/159\/2024\/06\/Silva-daghem-fasad-1024x683.jpeg 1024w, https:\/\/blogs2.abo.fi\/ovningsdaghem\/wp-content\/uploads\/sites\/159\/2024\/06\/Silva-daghem-fasad-768x512.jpeg 768w, https:\/\/blogs2.abo.fi\/ovningsdaghem\/wp-content\/uploads\/sites\/159\/2024\/06\/Silva-daghem-fasad-1536x1024.jpeg 1536w, https:\/\/blogs2.abo.fi\/ovningsdaghem\/wp-content\/uploads\/sites\/159\/2024\/06\/Silva-daghem-fasad-2048x1365.jpeg 2048w\" sizes=\"auto, (max-width: 2560px) 100vw, 2560px\" \/><\/h1>\n<h1>Silva Daghem<\/h1>\n<p><strong>Daghemmets ort: <\/strong>Kimito i Kimito\u00f6ns kommun<\/p>\n<p><strong>Daghemmets storlek: <\/strong>7 avdelningar, ca 100 barn<\/p>\n<p><strong>Vi verkar p\u00e5 f\u00f6ljande spr\u00e5k: <\/strong>Svenska och finska<\/p>\n<p><strong>V\u00e5r pedagogiska grundsyn:<\/strong><\/p>\n<ul>\n<li>En trygg vardag<\/li>\n<li>Meningsfull verksamhet och lekfullt l\u00e4rande<\/li>\n<li>Gemenskap<\/li>\n<li>N\u00e4rvarande vuxna<\/li>\n<li>Se styrkor<\/li>\n<li>St\u00f6da barnen i deras individuella utveckling<\/li>\n<\/ul>\n<p><strong>V\u00e5r pedagogik:<\/strong> N\u00e4rhet till skogen, naturen, Kotan och Amosparken i Kimito ger oss m\u00f6jligheter till att satsa p\u00e5 Utomhuspedagogik och R\u00f6relse.<\/p>\n<p><strong>Varf\u00f6r ska studerande g\u00f6ra praktik p\u00e5 v\u00e5rt daghem? <\/strong><\/p>\n<p>Personalen \u00e4r beh\u00f6riga i sitt arbete och intresserade av att fortbilda sig. Vi satsar p\u00e5 att g\u00f6ra det tryggt f\u00f6r barnen, undviker att flytta p\u00e5 personal och f\u00f6rs\u00f6ker f\u00e5 \u201dgoda\u201d vikarier in i arbetet- s\u00e5 att en fin verksamhet f\u00f6r barnen kan garanteras. Vi satsar p\u00e5 utomhuspedagogik och att barn r\u00f6r sig tillr\u00e4ckligt och varierat.<\/p>\n<p><strong>Vi kan erbjuda boende f\u00f6r den studerande under praktiktiden: <\/strong>\u00a0Nej<\/p>\n<p><strong>Vi kan hj\u00e4lpa till att s\u00f6ka boende f\u00f6r den studerande under praktiktiden:\u00a0 <\/strong>Ja<\/p>\n","protected":false},"excerpt":{"rendered":"<p>Silva Daghem Daghemmets ort: Kimito i Kimito\u00f6ns kommun Daghemmets storlek: 7 avdelningar, ca 100 barn Vi verkar p\u00e5 f\u00f6ljande spr\u00e5k: Svenska och finska V\u00e5r pedagogiska grundsyn: En trygg vardag Meningsfull verksamhet och lekfullt l\u00e4rande Gemenskap N\u00e4rvarande vuxna Se styrkor St\u00f6da barnen i deras individuella utveckling V\u00e5r pedagogik: N\u00e4rhet till skogen, naturen, Kotan och Amosparken i &hellip; <a href=\"https:\/\/blogs2.abo.fi\/ovningsdaghem\/silva-daghem\/\" class=\"more-link\">Forts\u00e4tt l\u00e4sa <span class=\"screen-reader-text\">Silva daghem<\/span><\/a><\/p>\n","protected":false},"author":707,"featured_media":0,"parent":0,"menu_order":0,"comment_status":"closed","ping_status":"closed","template":"","meta":{"footnotes":""},"class_list":["post-1015","page","type-page","status-publish","hentry"],"_links":{"self":[{"href":"https:\/\/blogs2.abo.fi\/ovningsdaghem\/wp-json\/wp\/v2\/pages\/1015","targetHints":{"allow":["GET"]}}],"collection":[{"href":"https:\/\/blogs2.abo.fi\/ovningsdaghem\/wp-json\/wp\/v2\/pages"}],"about":[{"href":"https:\/\/blogs2.abo.fi\/ovningsdaghem\/wp-json\/wp\/v2\/types\/page"}],"author":[{"embeddable":true,"href":"https:\/\/blogs2.abo.fi\/ovningsdaghem\/wp-json\/wp\/v2\/users\/707"}],"replies":[{"embeddable":true,"href":"https:\/\/blogs2.abo.fi\/ovningsdaghem\/wp-json\/wp\/v2\/comments?post=1015"}],"version-history":[{"count":4,"href":"https:\/\/blogs2.abo.fi\/ovningsdaghem\/wp-json\/wp\/v2\/pages\/1015\/revisions"}],"predecessor-version":[{"id":1163,"href":"https:\/\/blogs2.abo.fi\/ovningsdaghem\/wp-json\/wp\/v2\/pages\/1015\/revisions\/1163"}],"wp:attachment":[{"href":"https:\/\/blogs2.abo.fi\/ovningsdaghem\/wp-json\/wp\/v2\/media?parent=1015"}],"curies":[{"name":"wp","href":"https:\/\/api.w.org\/{rel}","templated":true}]}}