{"id":1008,"date":"2024-06-25T08:24:32","date_gmt":"2024-06-25T05:24:32","guid":{"rendered":"https:\/\/blogs2.abo.fi\/ovningsdaghem\/?page_id=1008"},"modified":"2024-06-25T12:19:56","modified_gmt":"2024-06-25T09:19:56","slug":"daghemmet-pilten","status":"publish","type":"page","link":"https:\/\/blogs2.abo.fi\/ovningsdaghem\/daghemmet-pilten\/","title":{"rendered":"Daghemmet Pilten"},"content":{"rendered":"<h6><img loading=\"lazy\" decoding=\"async\" class=\"alignnone size-large wp-image-1173\" src=\"http:\/\/blogs2.abo.fi\/ovningsdaghem\/wp-content\/uploads\/sites\/159\/2024\/06\/dh-pilten_0-1024x683.jpg\" alt=\"\" width=\"660\" height=\"440\" srcset=\"https:\/\/blogs2.abo.fi\/ovningsdaghem\/wp-content\/uploads\/sites\/159\/2024\/06\/dh-pilten_0-1024x683.jpg 1024w, https:\/\/blogs2.abo.fi\/ovningsdaghem\/wp-content\/uploads\/sites\/159\/2024\/06\/dh-pilten_0-300x200.jpg 300w, https:\/\/blogs2.abo.fi\/ovningsdaghem\/wp-content\/uploads\/sites\/159\/2024\/06\/dh-pilten_0-768x512.jpg 768w, https:\/\/blogs2.abo.fi\/ovningsdaghem\/wp-content\/uploads\/sites\/159\/2024\/06\/dh-pilten_0.jpg 1440w\" sizes=\"auto, (max-width: 660px) 100vw, 660px\" \/>Bilden \u00e4r h\u00e4mtad fr\u00e5n<a href=\"https:\/\/www.hel.fi\/sv\/fostran-och-utbildning\/daghemmet-pilten\"> Helsingfors stads hemsida<\/a><\/h6>\n<h1><strong>Daghemmet Pilten<\/strong><\/h1>\n<p><strong>Daghemmets ort: <\/strong>Helsingfors, Deger\u00f6<\/p>\n<p><strong>Daghemmets storlek: <\/strong>Fyra daghemsgrupper och tv\u00e5 f\u00f6rskolegrupper. 85 barn.<\/p>\n<p><strong>\u00a0<\/strong><strong>Vi verkar p\u00e5 f\u00f6ljande spr\u00e5k: <\/strong>Svenska<\/p>\n<p><strong>V\u00e5r pedagogiska grundsyn: <\/strong><\/p>\n<p>Skapa trygghet, sprida l\u00e4randets gl\u00e4dje och barnets b\u00e4sta.<\/p>\n<p><strong>V\u00e5r pedagogik:<\/strong> Daghemmet och f\u00f6rskolan arbetar med Gr\u00f6n Flagg verksamhet. Svenska sektorn inom Helsingfors stads sm\u00e5barnspedagogik arbetar \u00e4ven med projektet Se det goda!.<\/p>\n<p>Vi arbetar ut\u00f6ver gruppgr\u00e4nserna och samarbetar dagligen. V\u00e5r n\u00e4rmilj\u00f6 och natur runt omkring oss visats vi i n\u00e4stan dagligen!<\/p>\n<p><strong>Varf\u00f6r ska studerande g\u00f6ra praktik p\u00e5 v\u00e5rt daghem? <\/strong><\/p>\n<p>Beh\u00f6righeten i daghemmet och f\u00f6rskolan \u00e4r h\u00f6g d\u00e4r med har vi kunnig personal som g\u00e4rna handleder studerande och m\u00f6jligen blivande kollegor!<\/p>\n<p><strong>Vi kan erbjuda boende f\u00f6r den studerande under praktiktiden: <\/strong>Nej<\/p>\n<p><strong>Vi kan hj\u00e4lpa till att s\u00f6ka boende f\u00f6r den studerande under praktiktiden: <\/strong>Nej<\/p>\n","protected":false},"excerpt":{"rendered":"<p>Bilden \u00e4r h\u00e4mtad fr\u00e5n Helsingfors stads hemsida Daghemmet Pilten Daghemmets ort: Helsingfors, Deger\u00f6 Daghemmets storlek: Fyra daghemsgrupper och tv\u00e5 f\u00f6rskolegrupper. 85 barn. \u00a0Vi verkar p\u00e5 f\u00f6ljande spr\u00e5k: Svenska V\u00e5r pedagogiska grundsyn: Skapa trygghet, sprida l\u00e4randets gl\u00e4dje och barnets b\u00e4sta. V\u00e5r pedagogik: Daghemmet och f\u00f6rskolan arbetar med Gr\u00f6n Flagg verksamhet. Svenska sektorn inom Helsingfors stads sm\u00e5barnspedagogik &hellip; <a href=\"https:\/\/blogs2.abo.fi\/ovningsdaghem\/daghemmet-pilten\/\" class=\"more-link\">Forts\u00e4tt l\u00e4sa <span class=\"screen-reader-text\">Daghemmet Pilten<\/span><\/a><\/p>\n","protected":false},"author":707,"featured_media":0,"parent":0,"menu_order":0,"comment_status":"closed","ping_status":"closed","template":"","meta":{"footnotes":""},"class_list":["post-1008","page","type-page","status-publish","hentry"],"_links":{"self":[{"href":"https:\/\/blogs2.abo.fi\/ovningsdaghem\/wp-json\/wp\/v2\/pages\/1008","targetHints":{"allow":["GET"]}}],"collection":[{"href":"https:\/\/blogs2.abo.fi\/ovningsdaghem\/wp-json\/wp\/v2\/pages"}],"about":[{"href":"https:\/\/blogs2.abo.fi\/ovningsdaghem\/wp-json\/wp\/v2\/types\/page"}],"author":[{"embeddable":true,"href":"https:\/\/blogs2.abo.fi\/ovningsdaghem\/wp-json\/wp\/v2\/users\/707"}],"replies":[{"embeddable":true,"href":"https:\/\/blogs2.abo.fi\/ovningsdaghem\/wp-json\/wp\/v2\/comments?post=1008"}],"version-history":[{"count":4,"href":"https:\/\/blogs2.abo.fi\/ovningsdaghem\/wp-json\/wp\/v2\/pages\/1008\/revisions"}],"predecessor-version":[{"id":1175,"href":"https:\/\/blogs2.abo.fi\/ovningsdaghem\/wp-json\/wp\/v2\/pages\/1008\/revisions\/1175"}],"wp:attachment":[{"href":"https:\/\/blogs2.abo.fi\/ovningsdaghem\/wp-json\/wp\/v2\/media?parent=1008"}],"curies":[{"name":"wp","href":"https:\/\/api.w.org\/{rel}","templated":true}]}}