{"id":1004,"date":"2024-06-25T08:15:33","date_gmt":"2024-06-25T05:15:33","guid":{"rendered":"https:\/\/blogs2.abo.fi\/ovningsdaghem\/?page_id=1004"},"modified":"2024-06-25T12:18:31","modified_gmt":"2024-06-25T09:18:31","slug":"daghem-lokki-forskolan-delfiner","status":"publish","type":"page","link":"https:\/\/blogs2.abo.fi\/ovningsdaghem\/daghem-lokki-forskolan-delfiner\/","title":{"rendered":"Daghemmet Lokki &#8211; f\u00f6rskolan Delfiner"},"content":{"rendered":"<h6><img loading=\"lazy\" decoding=\"async\" class=\"alignnone size-large wp-image-1171\" src=\"http:\/\/blogs2.abo.fi\/ovningsdaghem\/wp-content\/uploads\/sites\/159\/2024\/06\/pk-Lokki-1024x683.jpg\" alt=\"\" width=\"660\" height=\"440\" srcset=\"https:\/\/blogs2.abo.fi\/ovningsdaghem\/wp-content\/uploads\/sites\/159\/2024\/06\/pk-Lokki-1024x683.jpg 1024w, https:\/\/blogs2.abo.fi\/ovningsdaghem\/wp-content\/uploads\/sites\/159\/2024\/06\/pk-Lokki-300x200.jpg 300w, https:\/\/blogs2.abo.fi\/ovningsdaghem\/wp-content\/uploads\/sites\/159\/2024\/06\/pk-Lokki-768x512.jpg 768w, https:\/\/blogs2.abo.fi\/ovningsdaghem\/wp-content\/uploads\/sites\/159\/2024\/06\/pk-Lokki.jpg 1440w\" sizes=\"auto, (max-width: 660px) 100vw, 660px\" \/>Bild h\u00e4mtad fr\u00e5n <a href=\"https:\/\/www.hel.fi\/fi\/kasvatus-ja-koulutus\/paivakoti-lokki\">Helsingfors stads hemsida<\/a><\/h6>\n<h1>Daghemmet Lokki &#8211; f\u00f6rskolan Delfiner<\/h1>\n<p><strong>Daghemmets ort: <\/strong>Helsingfors<\/p>\n<p><strong>Daghemmets storlek: <\/strong>7 avdelningar, 110 barn<\/p>\n<p><strong>Vi verkar p\u00e5 f\u00f6ljande spr\u00e5k: <\/strong>finska, svenska<\/p>\n<p><strong>V\u00e5r pedagogiska grundsyn: <\/strong>Leken som grund f\u00f6r utveckling, l\u00e4rande och v\u00e4lbefinnande. Leken \u00e4r central inom den sm\u00e5barnspedagogiska verksamheten och dess m\u00f6jligheter utnyttjas m\u00e5ngsidigt dagligen. Leken ses som varje barns r\u00e4ttighet och som ett viktigt pedagogiskt verktyg.<\/p>\n<p>Pedagogisk dokumentation \u00e4r central arbetsmetod f\u00f6r att planera, genomf\u00f6ra, utv\u00e4rdera och utveckla den sm\u00e5barnspedagogiska verksamheten. Den pedagogiska dokumentationen m\u00f6jligg\u00f6r att barnen och v\u00e5rdnadshavarna kan delta i utv\u00e4rdering, planering och utvecklingen av verksamheten.<\/p>\n<p><strong>V\u00e5r pedagogik:<\/strong><\/p>\n<p>Spr\u00e5kbad<\/p>\n<p>Spr\u00e5kbadet b\u00f6rjar n\u00e4r barnet \u00e4r fem \u00e5r och fortg\u00e5r under hela den grundl\u00e4ggande utbildningen. Syftet \u00e4r att erbjuda finskspr\u00e5kiga barn en m\u00f6jlighet att f\u00e5 starka kunskaper i svenska.<\/p>\n<p>I spr\u00e5kbadet anv\u00e4nder l\u00e4rarna och barnsk\u00f6tarna inom sm\u00e5barnspedagogiken svenska som undervisningsspr\u00e5k, och barnen kan anv\u00e4nda b\u00e5de finska och svenska.<\/p>\n<p><strong>Varf\u00f6r ska studerande g\u00f6ra praktik p\u00e5 v\u00e5rt daghem? <\/strong>Om man vill veta mera om spr\u00e5kbad (och l\u00e4ra ett effektivt s\u00e4tt att l\u00e4ra sig spr\u00e5k)<\/p>\n<p><strong>Vi kan erbjuda boende f\u00f6r den studerande under praktiktiden: <\/strong>nej<\/p>\n<p><strong>Vi kan hj\u00e4lpa till att s\u00f6ka boende f\u00f6r den studerande under praktiktiden:\u00a0 <\/strong>nej<\/p>\n<p>&nbsp;<\/p>\n","protected":false},"excerpt":{"rendered":"<p>Bild h\u00e4mtad fr\u00e5n Helsingfors stads hemsida Daghemmet Lokki &#8211; f\u00f6rskolan Delfiner Daghemmets ort: Helsingfors Daghemmets storlek: 7 avdelningar, 110 barn Vi verkar p\u00e5 f\u00f6ljande spr\u00e5k: finska, svenska V\u00e5r pedagogiska grundsyn: Leken som grund f\u00f6r utveckling, l\u00e4rande och v\u00e4lbefinnande. Leken \u00e4r central inom den sm\u00e5barnspedagogiska verksamheten och dess m\u00f6jligheter utnyttjas m\u00e5ngsidigt dagligen. Leken ses som varje &hellip; <a href=\"https:\/\/blogs2.abo.fi\/ovningsdaghem\/daghem-lokki-forskolan-delfiner\/\" class=\"more-link\">Forts\u00e4tt l\u00e4sa <span class=\"screen-reader-text\">Daghemmet Lokki &#8211; f\u00f6rskolan Delfiner<\/span><\/a><\/p>\n","protected":false},"author":707,"featured_media":0,"parent":0,"menu_order":0,"comment_status":"closed","ping_status":"closed","template":"","meta":{"footnotes":""},"class_list":["post-1004","page","type-page","status-publish","hentry"],"_links":{"self":[{"href":"https:\/\/blogs2.abo.fi\/ovningsdaghem\/wp-json\/wp\/v2\/pages\/1004","targetHints":{"allow":["GET"]}}],"collection":[{"href":"https:\/\/blogs2.abo.fi\/ovningsdaghem\/wp-json\/wp\/v2\/pages"}],"about":[{"href":"https:\/\/blogs2.abo.fi\/ovningsdaghem\/wp-json\/wp\/v2\/types\/page"}],"author":[{"embeddable":true,"href":"https:\/\/blogs2.abo.fi\/ovningsdaghem\/wp-json\/wp\/v2\/users\/707"}],"replies":[{"embeddable":true,"href":"https:\/\/blogs2.abo.fi\/ovningsdaghem\/wp-json\/wp\/v2\/comments?post=1004"}],"version-history":[{"count":5,"href":"https:\/\/blogs2.abo.fi\/ovningsdaghem\/wp-json\/wp\/v2\/pages\/1004\/revisions"}],"predecessor-version":[{"id":1172,"href":"https:\/\/blogs2.abo.fi\/ovningsdaghem\/wp-json\/wp\/v2\/pages\/1004\/revisions\/1172"}],"wp:attachment":[{"href":"https:\/\/blogs2.abo.fi\/ovningsdaghem\/wp-json\/wp\/v2\/media?parent=1004"}],"curies":[{"name":"wp","href":"https:\/\/api.w.org\/{rel}","templated":true}]}}