{"id":95,"date":"2017-03-27T07:34:09","date_gmt":"2017-03-27T07:34:09","guid":{"rendered":"http:\/\/blogs2.abo.fi\/ostersjopusslet\/?page_id=95"},"modified":"2017-03-27T07:34:09","modified_gmt":"2017-03-27T07:34:09","slug":"pusselbitarna-filmmaterial","status":"publish","type":"page","link":"https:\/\/blogs2.abo.fi\/ostersjopusslet\/pusselbitarna-filmmaterial\/","title":{"rendered":"Pusselbitarna (filmmaterial)"},"content":{"rendered":"<p>P\u00e5 v\u00e5r youtubekanal &#8221;Skolresurs&#8221; hittar du spellistan &#8221;\u00d6stersj\u00f6pusslet&#8221; d\u00e4r du kan hitta alla filmer.<\/p>\n<p><iframe loading=\"lazy\"  id=\"_ytid_51343\"  width=\"640\" height=\"360\"  data-origwidth=\"640\" data-origheight=\"360\" src=\"https:\/\/www.youtube.com\/embed\/?enablejsapi=1&#038;list=PLPvtXVqUU_9ZMfq7ryWjVZfV6SQa-vrGv&#038;autoplay=0&#038;cc_load_policy=0&#038;cc_lang_pref=&#038;iv_load_policy=1&#038;loop=0&#038;rel=1&#038;fs=1&#038;playsinline=0&#038;autohide=2&#038;theme=dark&#038;color=red&#038;controls=1&#038;disablekb=0&#038;\" class=\"__youtube_prefs__  epyt-is-override  no-lazyload\" title=\"YouTube player\"  allow=\"fullscreen; accelerometer; autoplay; clipboard-write; encrypted-media; gyroscope; picture-in-picture; web-share\" referrerpolicy=\"strict-origin-when-cross-origin\" allowfullscreen data-no-lazy=\"1\" data-skipgform_ajax_framebjll=\"\"><\/iframe><\/p>\n","protected":false},"excerpt":{"rendered":"<p>P\u00e5 v\u00e5r youtubekanal &#8221;Skolresurs&#8221; hittar du spellistan &#8221;\u00d6stersj\u00f6pusslet&#8221; d\u00e4r du kan hitta alla filmer.<\/p>\n","protected":false},"author":255,"featured_media":0,"parent":0,"menu_order":0,"comment_status":"closed","ping_status":"closed","template":"","meta":{"footnotes":""},"class_list":["post-95","page","type-page","status-publish","hentry"],"_links":{"self":[{"href":"https:\/\/blogs2.abo.fi\/ostersjopusslet\/wp-json\/wp\/v2\/pages\/95","targetHints":{"allow":["GET"]}}],"collection":[{"href":"https:\/\/blogs2.abo.fi\/ostersjopusslet\/wp-json\/wp\/v2\/pages"}],"about":[{"href":"https:\/\/blogs2.abo.fi\/ostersjopusslet\/wp-json\/wp\/v2\/types\/page"}],"author":[{"embeddable":true,"href":"https:\/\/blogs2.abo.fi\/ostersjopusslet\/wp-json\/wp\/v2\/users\/255"}],"replies":[{"embeddable":true,"href":"https:\/\/blogs2.abo.fi\/ostersjopusslet\/wp-json\/wp\/v2\/comments?post=95"}],"version-history":[{"count":1,"href":"https:\/\/blogs2.abo.fi\/ostersjopusslet\/wp-json\/wp\/v2\/pages\/95\/revisions"}],"predecessor-version":[{"id":96,"href":"https:\/\/blogs2.abo.fi\/ostersjopusslet\/wp-json\/wp\/v2\/pages\/95\/revisions\/96"}],"wp:attachment":[{"href":"https:\/\/blogs2.abo.fi\/ostersjopusslet\/wp-json\/wp\/v2\/media?parent=95"}],"curies":[{"name":"wp","href":"https:\/\/api.w.org\/{rel}","templated":true}]}}