{"id":130,"date":"2017-03-27T10:52:00","date_gmt":"2017-03-27T10:52:00","guid":{"rendered":"http:\/\/blogs2.abo.fi\/ostersjopusslet\/?page_id=130"},"modified":"2017-03-27T11:14:21","modified_gmt":"2017-03-27T11:14:21","slug":"vem-ar-vi","status":"publish","type":"page","link":"https:\/\/blogs2.abo.fi\/ostersjopusslet\/vem-ar-vi\/","title":{"rendered":"Vem \u00e4r vi?"},"content":{"rendered":"<p>Resurscenter f\u00f6r matematik, naturvetenskap och teknik i skolan (Skolresurs.fi) \u00e4r ett finlandssvenskt samarbetsprojekt f\u00f6r alla landets svenska skolor. V\u00e5r ledstj\u00e4rna \u00e4r intresset f\u00f6r matematik, naturvetenskap och teknik och de m\u00f6jligheter dessa \u00e4mnesomr\u00e5den har f\u00f6r fortsatta studier och en kommande yrkeskarri\u00e4r.<\/p>\n<p>Mer information hittar du h\u00e4r:<\/p>\n<p><a href=\"http:\/\/skolresurs.fi\/\" target=\"_blank\"><img loading=\"lazy\" decoding=\"async\" class=\"alignnone wp-image-142 size-medium\" src=\"http:\/\/blogs2.abo.fi\/ostersjopusslet\/wp-content\/uploads\/sites\/46\/2017\/03\/Logo1-300x68.jpg\" alt=\"\" width=\"300\" height=\"68\" srcset=\"https:\/\/blogs2.abo.fi\/ostersjopusslet\/wp-content\/uploads\/sites\/46\/2017\/03\/Logo1-300x68.jpg 300w, https:\/\/blogs2.abo.fi\/ostersjopusslet\/wp-content\/uploads\/sites\/46\/2017\/03\/Logo1-768x173.jpg 768w, https:\/\/blogs2.abo.fi\/ostersjopusslet\/wp-content\/uploads\/sites\/46\/2017\/03\/Logo1-1024x230.jpg 1024w, https:\/\/blogs2.abo.fi\/ostersjopusslet\/wp-content\/uploads\/sites\/46\/2017\/03\/Logo1.jpg 1920w\" sizes=\"auto, (max-width: 300px) 100vw, 300px\" \/><\/a><\/p>\n","protected":false},"excerpt":{"rendered":"<p>Resurscenter f\u00f6r matematik, naturvetenskap och teknik i skolan (Skolresurs.fi) \u00e4r ett finlandssvenskt samarbetsprojekt f\u00f6r alla landets svenska skolor. V\u00e5r ledstj\u00e4rna \u00e4r intresset f\u00f6r matematik, naturvetenskap och teknik och de m\u00f6jligheter dessa \u00e4mnesomr\u00e5den har f\u00f6r fortsatta studier och en kommande yrkeskarri\u00e4r. &hellip; <a href=\"https:\/\/blogs2.abo.fi\/ostersjopusslet\/vem-ar-vi\/\">Forts\u00e4tt l\u00e4sa <span class=\"meta-nav\">&rarr;<\/span><\/a><\/p>\n","protected":false},"author":255,"featured_media":0,"parent":0,"menu_order":0,"comment_status":"closed","ping_status":"closed","template":"","meta":{"footnotes":""},"class_list":["post-130","page","type-page","status-publish","hentry"],"_links":{"self":[{"href":"https:\/\/blogs2.abo.fi\/ostersjopusslet\/wp-json\/wp\/v2\/pages\/130","targetHints":{"allow":["GET"]}}],"collection":[{"href":"https:\/\/blogs2.abo.fi\/ostersjopusslet\/wp-json\/wp\/v2\/pages"}],"about":[{"href":"https:\/\/blogs2.abo.fi\/ostersjopusslet\/wp-json\/wp\/v2\/types\/page"}],"author":[{"embeddable":true,"href":"https:\/\/blogs2.abo.fi\/ostersjopusslet\/wp-json\/wp\/v2\/users\/255"}],"replies":[{"embeddable":true,"href":"https:\/\/blogs2.abo.fi\/ostersjopusslet\/wp-json\/wp\/v2\/comments?post=130"}],"version-history":[{"count":3,"href":"https:\/\/blogs2.abo.fi\/ostersjopusslet\/wp-json\/wp\/v2\/pages\/130\/revisions"}],"predecessor-version":[{"id":143,"href":"https:\/\/blogs2.abo.fi\/ostersjopusslet\/wp-json\/wp\/v2\/pages\/130\/revisions\/143"}],"wp:attachment":[{"href":"https:\/\/blogs2.abo.fi\/ostersjopusslet\/wp-json\/wp\/v2\/media?parent=130"}],"curies":[{"name":"wp","href":"https:\/\/api.w.org\/{rel}","templated":true}]}}