{"id":123,"date":"2017-03-27T08:09:38","date_gmt":"2017-03-27T08:09:38","guid":{"rendered":"http:\/\/blogs2.abo.fi\/ostersjopusslet\/?page_id=123"},"modified":"2017-03-27T08:10:45","modified_gmt":"2017-03-27T08:10:45","slug":"gallup","status":"publish","type":"page","link":"https:\/\/blogs2.abo.fi\/ostersjopusslet\/uppgifter\/gallup\/","title":{"rendered":"Gallup"},"content":{"rendered":"<p>Viktigaste fr\u00e5gan att arbeta med, med tanke p\u00e5 \u00d6stersj\u00f6ns framtid?<\/p>\n<p><a href=\"https:\/\/www.qzzr.com\/c\/poll\/dFk0bqki2Z8hRxsMv-0a2JPYZyL\" target=\"_blank\">Viktigaste f\u00f6r \u00d6stersj\u00f6ns framtid<\/a><\/p>\n<p>&nbsp;<\/p>\n","protected":false},"excerpt":{"rendered":"<p>Viktigaste fr\u00e5gan att arbeta med, med tanke p\u00e5 \u00d6stersj\u00f6ns framtid? Viktigaste f\u00f6r \u00d6stersj\u00f6ns framtid &nbsp;<\/p>\n","protected":false},"author":255,"featured_media":0,"parent":80,"menu_order":0,"comment_status":"closed","ping_status":"closed","template":"","meta":{"footnotes":""},"class_list":["post-123","page","type-page","status-publish","hentry"],"_links":{"self":[{"href":"https:\/\/blogs2.abo.fi\/ostersjopusslet\/wp-json\/wp\/v2\/pages\/123","targetHints":{"allow":["GET"]}}],"collection":[{"href":"https:\/\/blogs2.abo.fi\/ostersjopusslet\/wp-json\/wp\/v2\/pages"}],"about":[{"href":"https:\/\/blogs2.abo.fi\/ostersjopusslet\/wp-json\/wp\/v2\/types\/page"}],"author":[{"embeddable":true,"href":"https:\/\/blogs2.abo.fi\/ostersjopusslet\/wp-json\/wp\/v2\/users\/255"}],"replies":[{"embeddable":true,"href":"https:\/\/blogs2.abo.fi\/ostersjopusslet\/wp-json\/wp\/v2\/comments?post=123"}],"version-history":[{"count":3,"href":"https:\/\/blogs2.abo.fi\/ostersjopusslet\/wp-json\/wp\/v2\/pages\/123\/revisions"}],"predecessor-version":[{"id":126,"href":"https:\/\/blogs2.abo.fi\/ostersjopusslet\/wp-json\/wp\/v2\/pages\/123\/revisions\/126"}],"up":[{"embeddable":true,"href":"https:\/\/blogs2.abo.fi\/ostersjopusslet\/wp-json\/wp\/v2\/pages\/80"}],"wp:attachment":[{"href":"https:\/\/blogs2.abo.fi\/ostersjopusslet\/wp-json\/wp\/v2\/media?parent=123"}],"curies":[{"name":"wp","href":"https:\/\/api.w.org\/{rel}","templated":true}]}}