{"id":115,"date":"2017-03-27T07:58:06","date_gmt":"2017-03-27T07:58:06","guid":{"rendered":"http:\/\/blogs2.abo.fi\/ostersjopusslet\/?page_id=115"},"modified":"2017-03-27T08:01:18","modified_gmt":"2017-03-27T08:01:18","slug":"data-och-information","status":"publish","type":"page","link":"https:\/\/blogs2.abo.fi\/ostersjopusslet\/pusselbitarna-filmmaterial\/data-och-information\/","title":{"rendered":"Data och information"},"content":{"rendered":"<p><iframe loading=\"lazy\"  id=\"_ytid_95959\"  width=\"640\" height=\"360\"  data-origwidth=\"640\" data-origheight=\"360\" src=\"https:\/\/www.youtube.com\/embed\/cO0ogz9NUJY?enablejsapi=1&#038;autoplay=0&#038;cc_load_policy=0&#038;cc_lang_pref=&#038;iv_load_policy=1&#038;loop=0&#038;rel=1&#038;fs=1&#038;playsinline=0&#038;autohide=2&#038;theme=dark&#038;color=red&#038;controls=1&#038;disablekb=0&#038;\" class=\"__youtube_prefs__  epyt-is-override  no-lazyload\" title=\"YouTube player\"  allow=\"fullscreen; accelerometer; autoplay; clipboard-write; encrypted-media; gyroscope; picture-in-picture; web-share\" referrerpolicy=\"strict-origin-when-cross-origin\" allowfullscreen data-no-lazy=\"1\" data-skipgform_ajax_framebjll=\"\"><\/iframe><\/p>\n<p>Neil Holdsworth, chef f\u00f6r data- och informationsavdelningen vid International Council for the Exploration of the Seas (ICES), ber\u00e4ttar om sitt jobb. Filmernas spr\u00e5k \u00e4r engelska.<\/p>\n<p>N\u00e5gra exempel p\u00e5 om hur data- och informationsbehandling \u00e4r viktiga delar av arbetet f\u00f6r friskare hav.<\/p>\n<p><iframe loading=\"lazy\"  id=\"_ytid_70914\"  width=\"640\" height=\"360\"  data-origwidth=\"640\" data-origheight=\"360\" src=\"https:\/\/www.youtube.com\/embed\/_Gf70CakrEI?enablejsapi=1&#038;autoplay=0&#038;cc_load_policy=0&#038;cc_lang_pref=&#038;iv_load_policy=1&#038;loop=0&#038;rel=1&#038;fs=1&#038;playsinline=0&#038;autohide=2&#038;theme=dark&#038;color=red&#038;controls=1&#038;disablekb=0&#038;\" class=\"__youtube_prefs__  epyt-is-override  no-lazyload\" title=\"YouTube player\"  allow=\"fullscreen; accelerometer; autoplay; clipboard-write; encrypted-media; gyroscope; picture-in-picture; web-share\" referrerpolicy=\"strict-origin-when-cross-origin\" allowfullscreen data-no-lazy=\"1\" data-skipgform_ajax_framebjll=\"\"><\/iframe><\/p>\n<p>&nbsp;<\/p>\n","protected":false},"excerpt":{"rendered":"<p>Neil Holdsworth, chef f\u00f6r data- och informationsavdelningen vid International Council for the Exploration of the Seas (ICES), ber\u00e4ttar om sitt jobb. Filmernas spr\u00e5k \u00e4r engelska. N\u00e5gra exempel p\u00e5 om hur data- och informationsbehandling \u00e4r viktiga delar av arbetet f\u00f6r friskare &hellip; <a href=\"https:\/\/blogs2.abo.fi\/ostersjopusslet\/pusselbitarna-filmmaterial\/data-och-information\/\">Forts\u00e4tt l\u00e4sa <span class=\"meta-nav\">&rarr;<\/span><\/a><\/p>\n","protected":false},"author":255,"featured_media":0,"parent":95,"menu_order":0,"comment_status":"closed","ping_status":"closed","template":"","meta":{"footnotes":""},"class_list":["post-115","page","type-page","status-publish","hentry"],"_links":{"self":[{"href":"https:\/\/blogs2.abo.fi\/ostersjopusslet\/wp-json\/wp\/v2\/pages\/115","targetHints":{"allow":["GET"]}}],"collection":[{"href":"https:\/\/blogs2.abo.fi\/ostersjopusslet\/wp-json\/wp\/v2\/pages"}],"about":[{"href":"https:\/\/blogs2.abo.fi\/ostersjopusslet\/wp-json\/wp\/v2\/types\/page"}],"author":[{"embeddable":true,"href":"https:\/\/blogs2.abo.fi\/ostersjopusslet\/wp-json\/wp\/v2\/users\/255"}],"replies":[{"embeddable":true,"href":"https:\/\/blogs2.abo.fi\/ostersjopusslet\/wp-json\/wp\/v2\/comments?post=115"}],"version-history":[{"count":2,"href":"https:\/\/blogs2.abo.fi\/ostersjopusslet\/wp-json\/wp\/v2\/pages\/115\/revisions"}],"predecessor-version":[{"id":117,"href":"https:\/\/blogs2.abo.fi\/ostersjopusslet\/wp-json\/wp\/v2\/pages\/115\/revisions\/117"}],"up":[{"embeddable":true,"href":"https:\/\/blogs2.abo.fi\/ostersjopusslet\/wp-json\/wp\/v2\/pages\/95"}],"wp:attachment":[{"href":"https:\/\/blogs2.abo.fi\/ostersjopusslet\/wp-json\/wp\/v2\/media?parent=115"}],"curies":[{"name":"wp","href":"https:\/\/api.w.org\/{rel}","templated":true}]}}