{"id":105,"date":"2017-03-27T07:47:04","date_gmt":"2017-03-27T07:47:04","guid":{"rendered":"http:\/\/blogs2.abo.fi\/ostersjopusslet\/?page_id=105"},"modified":"2017-03-27T07:47:46","modified_gmt":"2017-03-27T07:47:46","slug":"diplomingenjor-vid-trafikverket","status":"publish","type":"page","link":"https:\/\/blogs2.abo.fi\/ostersjopusslet\/pusselbitarna-filmmaterial\/diplomingenjor-vid-trafikverket\/","title":{"rendered":"Diplomingenj\u00f6r vid trafikverket"},"content":{"rendered":"<p><iframe loading=\"lazy\"  id=\"_ytid_61676\"  width=\"640\" height=\"360\"  data-origwidth=\"640\" data-origheight=\"360\" src=\"https:\/\/www.youtube.com\/embed\/ehBfkouC_UY?enablejsapi=1&#038;autoplay=0&#038;cc_load_policy=0&#038;cc_lang_pref=&#038;iv_load_policy=1&#038;loop=0&#038;rel=1&#038;fs=1&#038;playsinline=0&#038;autohide=2&#038;theme=dark&#038;color=red&#038;controls=1&#038;disablekb=0&#038;\" class=\"__youtube_prefs__  epyt-is-override  no-lazyload\" title=\"YouTube player\"  allow=\"fullscreen; accelerometer; autoplay; clipboard-write; encrypted-media; gyroscope; picture-in-picture; web-share\" referrerpolicy=\"strict-origin-when-cross-origin\" allowfullscreen data-no-lazy=\"1\" data-skipgform_ajax_framebjll=\"\"><\/iframe><\/p>\n<p>En diplomingenj\u00f6r som jobbar f\u00f6r en tryggare sj\u00f6fart. Filmernas spr\u00e5k \u00e4r finska.<\/p>\n<p>Vad skall man ta i beaktande d\u00e5 man planerar farleder?<\/p>\n<p><iframe loading=\"lazy\"  id=\"_ytid_11042\"  width=\"640\" height=\"360\"  data-origwidth=\"640\" data-origheight=\"360\" src=\"https:\/\/www.youtube.com\/embed\/DL0nH7BDQkA?enablejsapi=1&#038;autoplay=0&#038;cc_load_policy=0&#038;cc_lang_pref=&#038;iv_load_policy=1&#038;loop=0&#038;rel=1&#038;fs=1&#038;playsinline=0&#038;autohide=2&#038;theme=dark&#038;color=red&#038;controls=1&#038;disablekb=0&#038;\" class=\"__youtube_prefs__  epyt-is-override  no-lazyload\" title=\"YouTube player\"  allow=\"fullscreen; accelerometer; autoplay; clipboard-write; encrypted-media; gyroscope; picture-in-picture; web-share\" referrerpolicy=\"strict-origin-when-cross-origin\" allowfullscreen data-no-lazy=\"1\" data-skipgform_ajax_framebjll=\"\"><\/iframe><\/p>\n","protected":false},"excerpt":{"rendered":"<p>En diplomingenj\u00f6r som jobbar f\u00f6r en tryggare sj\u00f6fart. Filmernas spr\u00e5k \u00e4r finska. Vad skall man ta i beaktande d\u00e5 man planerar farleder?<\/p>\n","protected":false},"author":255,"featured_media":0,"parent":95,"menu_order":0,"comment_status":"closed","ping_status":"closed","template":"","meta":{"footnotes":""},"class_list":["post-105","page","type-page","status-publish","hentry"],"_links":{"self":[{"href":"https:\/\/blogs2.abo.fi\/ostersjopusslet\/wp-json\/wp\/v2\/pages\/105","targetHints":{"allow":["GET"]}}],"collection":[{"href":"https:\/\/blogs2.abo.fi\/ostersjopusslet\/wp-json\/wp\/v2\/pages"}],"about":[{"href":"https:\/\/blogs2.abo.fi\/ostersjopusslet\/wp-json\/wp\/v2\/types\/page"}],"author":[{"embeddable":true,"href":"https:\/\/blogs2.abo.fi\/ostersjopusslet\/wp-json\/wp\/v2\/users\/255"}],"replies":[{"embeddable":true,"href":"https:\/\/blogs2.abo.fi\/ostersjopusslet\/wp-json\/wp\/v2\/comments?post=105"}],"version-history":[{"count":1,"href":"https:\/\/blogs2.abo.fi\/ostersjopusslet\/wp-json\/wp\/v2\/pages\/105\/revisions"}],"predecessor-version":[{"id":106,"href":"https:\/\/blogs2.abo.fi\/ostersjopusslet\/wp-json\/wp\/v2\/pages\/105\/revisions\/106"}],"up":[{"embeddable":true,"href":"https:\/\/blogs2.abo.fi\/ostersjopusslet\/wp-json\/wp\/v2\/pages\/95"}],"wp:attachment":[{"href":"https:\/\/blogs2.abo.fi\/ostersjopusslet\/wp-json\/wp\/v2\/media?parent=105"}],"curies":[{"name":"wp","href":"https:\/\/api.w.org\/{rel}","templated":true}]}}