{"id":101,"date":"2017-03-27T07:43:01","date_gmt":"2017-03-27T07:43:01","guid":{"rendered":"http:\/\/blogs2.abo.fi\/ostersjopusslet\/?page_id=101"},"modified":"2017-03-27T07:43:08","modified_gmt":"2017-03-27T07:43:08","slug":"fiskare","status":"publish","type":"page","link":"https:\/\/blogs2.abo.fi\/ostersjopusslet\/pusselbitarna-filmmaterial\/fiskare\/","title":{"rendered":"Fiskare"},"content":{"rendered":"<p><iframe loading=\"lazy\"  id=\"_ytid_82120\"  width=\"640\" height=\"360\"  data-origwidth=\"640\" data-origheight=\"360\" src=\"https:\/\/www.youtube.com\/embed\/CQGUKeZl1dM?enablejsapi=1&#038;autoplay=0&#038;cc_load_policy=0&#038;cc_lang_pref=&#038;iv_load_policy=1&#038;loop=0&#038;rel=1&#038;fs=1&#038;playsinline=0&#038;autohide=2&#038;theme=dark&#038;color=red&#038;controls=1&#038;disablekb=0&#038;\" class=\"__youtube_prefs__  epyt-is-override  no-lazyload\" title=\"YouTube player\"  allow=\"fullscreen; accelerometer; autoplay; clipboard-write; encrypted-media; gyroscope; picture-in-picture; web-share\" referrerpolicy=\"strict-origin-when-cross-origin\" allowfullscreen data-no-lazy=\"1\" data-skipgform_ajax_framebjll=\"\"><\/iframe><\/p>\n<p>Kan fiskare p\u00e5verka \u00d6stersj\u00f6ns tillst\u00e5nd?<\/p>\n","protected":false},"excerpt":{"rendered":"<p>Kan fiskare p\u00e5verka \u00d6stersj\u00f6ns tillst\u00e5nd?<\/p>\n","protected":false},"author":255,"featured_media":0,"parent":95,"menu_order":0,"comment_status":"closed","ping_status":"closed","template":"","meta":{"footnotes":""},"class_list":["post-101","page","type-page","status-publish","hentry"],"_links":{"self":[{"href":"https:\/\/blogs2.abo.fi\/ostersjopusslet\/wp-json\/wp\/v2\/pages\/101","targetHints":{"allow":["GET"]}}],"collection":[{"href":"https:\/\/blogs2.abo.fi\/ostersjopusslet\/wp-json\/wp\/v2\/pages"}],"about":[{"href":"https:\/\/blogs2.abo.fi\/ostersjopusslet\/wp-json\/wp\/v2\/types\/page"}],"author":[{"embeddable":true,"href":"https:\/\/blogs2.abo.fi\/ostersjopusslet\/wp-json\/wp\/v2\/users\/255"}],"replies":[{"embeddable":true,"href":"https:\/\/blogs2.abo.fi\/ostersjopusslet\/wp-json\/wp\/v2\/comments?post=101"}],"version-history":[{"count":1,"href":"https:\/\/blogs2.abo.fi\/ostersjopusslet\/wp-json\/wp\/v2\/pages\/101\/revisions"}],"predecessor-version":[{"id":102,"href":"https:\/\/blogs2.abo.fi\/ostersjopusslet\/wp-json\/wp\/v2\/pages\/101\/revisions\/102"}],"up":[{"embeddable":true,"href":"https:\/\/blogs2.abo.fi\/ostersjopusslet\/wp-json\/wp\/v2\/pages\/95"}],"wp:attachment":[{"href":"https:\/\/blogs2.abo.fi\/ostersjopusslet\/wp-json\/wp\/v2\/media?parent=101"}],"curies":[{"name":"wp","href":"https:\/\/api.w.org\/{rel}","templated":true}]}}