{"id":80,"date":"2017-03-24T12:20:58","date_gmt":"2017-03-24T10:20:58","guid":{"rendered":"http:\/\/blogs2.abo.fi\/oppnalaborationer\/?page_id=80"},"modified":"2017-03-28T14:54:01","modified_gmt":"2017-03-28T12:54:01","slug":"kontakta-oss","status":"publish","type":"page","link":"https:\/\/blogs2.abo.fi\/oppnalaborationer\/kontakta-oss\/","title":{"rendered":"Kontakta oss"},"content":{"rendered":"<p>Har du fr\u00e5gor eller \u00f6nskem\u00e5l om nya verktygsfilmer kan du kontakta<\/p>\n<p><strong>Berit Kurt\u00e9n<\/strong>, akademilektor i kemins didaktik vid \u00c5bo Akademi<\/p>\n<p>E-post: <a href=\"mailto:berit.kurten@abo.fi\" target=\"_blank\">berit.kurten@abo.fi<\/a><\/p>\n<p>&nbsp;<\/p>\n<p><a href=\"https:\/\/blogs2.abo.fi\/skolresurs\/\" target=\"_blank\"><img loading=\"lazy\" decoding=\"async\" class=\"alignnone wp-image-118\" src=\"http:\/\/blogs2.abo.fi\/oppnalaborationer\/wp-content\/uploads\/sites\/58\/2017\/03\/Skolresurs_logo1.png\" alt=\"\" width=\"371\" height=\"77\" srcset=\"https:\/\/blogs2.abo.fi\/oppnalaborationer\/wp-content\/uploads\/sites\/58\/2017\/03\/Skolresurs_logo1.png 545w, https:\/\/blogs2.abo.fi\/oppnalaborationer\/wp-content\/uploads\/sites\/58\/2017\/03\/Skolresurs_logo1-300x62.png 300w\" sizes=\"auto, (max-width: 371px) 100vw, 371px\" \/><\/a><\/p>\n<p>Resurscenter f\u00f6r matematik, naturvetenskap och teknik i skolan (RC) \u00e4r ett finlandssvenskt samarbetsprojekt f\u00f6r alla landets svenska skolor. V\u00e5r ledstj\u00e4rna \u00e4r intresset f\u00f6r matematik, naturvetenskap och teknik och de m\u00f6jligheter dessa \u00e4mnesomr\u00e5den har f\u00f6r fortsatta studier och en kommande yrkeskarri\u00e4r.<\/p>\n","protected":false},"excerpt":{"rendered":"<p>Har du fr\u00e5gor eller \u00f6nskem\u00e5l om nya verktygsfilmer kan du kontakta Berit Kurt\u00e9n, akademilektor i kemins didaktik vid \u00c5bo Akademi E-post: berit.kurten@abo.fi &nbsp; Resurscenter f\u00f6r matematik, naturvetenskap och teknik i skolan (RC) \u00e4r ett finlandssvenskt samarbetsprojekt f\u00f6r alla landets svenska skolor. V\u00e5r ledstj\u00e4rna \u00e4r intresset f\u00f6r matematik, naturvetenskap och teknik och de m\u00f6jligheter dessa \u00e4mnesomr\u00e5den [&hellip;]<\/p>\n","protected":false},"author":255,"featured_media":0,"parent":0,"menu_order":4,"comment_status":"closed","ping_status":"closed","template":"","meta":{"footnotes":""},"class_list":["post-80","page","type-page","status-publish","hentry"],"_links":{"self":[{"href":"https:\/\/blogs2.abo.fi\/oppnalaborationer\/wp-json\/wp\/v2\/pages\/80","targetHints":{"allow":["GET"]}}],"collection":[{"href":"https:\/\/blogs2.abo.fi\/oppnalaborationer\/wp-json\/wp\/v2\/pages"}],"about":[{"href":"https:\/\/blogs2.abo.fi\/oppnalaborationer\/wp-json\/wp\/v2\/types\/page"}],"author":[{"embeddable":true,"href":"https:\/\/blogs2.abo.fi\/oppnalaborationer\/wp-json\/wp\/v2\/users\/255"}],"replies":[{"embeddable":true,"href":"https:\/\/blogs2.abo.fi\/oppnalaborationer\/wp-json\/wp\/v2\/comments?post=80"}],"version-history":[{"count":5,"href":"https:\/\/blogs2.abo.fi\/oppnalaborationer\/wp-json\/wp\/v2\/pages\/80\/revisions"}],"predecessor-version":[{"id":120,"href":"https:\/\/blogs2.abo.fi\/oppnalaborationer\/wp-json\/wp\/v2\/pages\/80\/revisions\/120"}],"wp:attachment":[{"href":"https:\/\/blogs2.abo.fi\/oppnalaborationer\/wp-json\/wp\/v2\/media?parent=80"}],"curies":[{"name":"wp","href":"https:\/\/api.w.org\/{rel}","templated":true}]}}