{"id":69,"date":"2017-03-24T10:53:01","date_gmt":"2017-03-24T08:53:01","guid":{"rendered":"http:\/\/blogs2.abo.fi\/oppnalaborationer\/?page_id=69"},"modified":"2017-03-24T12:20:02","modified_gmt":"2017-03-24T10:20:02","slug":"rostindikatorn","status":"publish","type":"page","link":"https:\/\/blogs2.abo.fi\/oppnalaborationer\/material\/rostindikatorn\/","title":{"rendered":"Rostindikatorn"},"content":{"rendered":"<p>Recept rostindikator (<a href=\"http:\/\/blogs2.abo.fi\/oppnalaborationer\/wp-content\/uploads\/sites\/58\/2017\/03\/Recept-rostindikator.pdf\" target=\"_blank\">pdf<\/a>)<\/p>\n<p>L\u00f6s 1 g NaCl och 0,2 g K<sub>3<\/sub>[Fe(CN)<sub>6<\/sub>] (kaliumferricyanid) i 100 ml kranvatten. Tills\u00e4tt 1 ml 1 % fenolftalein. Skaka l\u00f6sningen ordentligt, s\u00e5 att \u00e4ven syre l\u00f6ser sig i l\u00f6sningen.<\/p>\n<p>Kaliumferricyanid: \u00a0 \u00a0 \u00a0 \u00a0 \u00a0 \u00a0 <img loading=\"lazy\" decoding=\"async\" class=\"alignnone wp-image-70\" src=\"http:\/\/blogs2.abo.fi\/oppnalaborationer\/wp-content\/uploads\/sites\/58\/2017\/03\/1024px-GHS-pictogram-exclam.svg_.png\" alt=\"\" width=\"86\" height=\"86\" srcset=\"https:\/\/blogs2.abo.fi\/oppnalaborationer\/wp-content\/uploads\/sites\/58\/2017\/03\/1024px-GHS-pictogram-exclam.svg_.png 1024w, https:\/\/blogs2.abo.fi\/oppnalaborationer\/wp-content\/uploads\/sites\/58\/2017\/03\/1024px-GHS-pictogram-exclam.svg_-150x150.png 150w, https:\/\/blogs2.abo.fi\/oppnalaborationer\/wp-content\/uploads\/sites\/58\/2017\/03\/1024px-GHS-pictogram-exclam.svg_-300x300.png 300w, https:\/\/blogs2.abo.fi\/oppnalaborationer\/wp-content\/uploads\/sites\/58\/2017\/03\/1024px-GHS-pictogram-exclam.svg_-768x768.png 768w, https:\/\/blogs2.abo.fi\/oppnalaborationer\/wp-content\/uploads\/sites\/58\/2017\/03\/1024px-GHS-pictogram-exclam.svg_-624x624.png 624w\" sizes=\"auto, (max-width: 86px) 100vw, 86px\" \/><\/p>\n","protected":false},"excerpt":{"rendered":"<p>Recept rostindikator (pdf) L\u00f6s 1 g NaCl och 0,2 g K3[Fe(CN)6] (kaliumferricyanid) i 100 ml kranvatten. Tills\u00e4tt 1 ml 1 % fenolftalein. Skaka l\u00f6sningen ordentligt, s\u00e5 att \u00e4ven syre l\u00f6ser sig i l\u00f6sningen. Kaliumferricyanid: \u00a0 \u00a0 \u00a0 \u00a0 \u00a0 \u00a0<\/p>\n","protected":false},"author":255,"featured_media":0,"parent":2,"menu_order":0,"comment_status":"closed","ping_status":"closed","template":"","meta":{"footnotes":""},"class_list":["post-69","page","type-page","status-publish","hentry"],"_links":{"self":[{"href":"https:\/\/blogs2.abo.fi\/oppnalaborationer\/wp-json\/wp\/v2\/pages\/69","targetHints":{"allow":["GET"]}}],"collection":[{"href":"https:\/\/blogs2.abo.fi\/oppnalaborationer\/wp-json\/wp\/v2\/pages"}],"about":[{"href":"https:\/\/blogs2.abo.fi\/oppnalaborationer\/wp-json\/wp\/v2\/types\/page"}],"author":[{"embeddable":true,"href":"https:\/\/blogs2.abo.fi\/oppnalaborationer\/wp-json\/wp\/v2\/users\/255"}],"replies":[{"embeddable":true,"href":"https:\/\/blogs2.abo.fi\/oppnalaborationer\/wp-json\/wp\/v2\/comments?post=69"}],"version-history":[{"count":3,"href":"https:\/\/blogs2.abo.fi\/oppnalaborationer\/wp-json\/wp\/v2\/pages\/69\/revisions"}],"predecessor-version":[{"id":79,"href":"https:\/\/blogs2.abo.fi\/oppnalaborationer\/wp-json\/wp\/v2\/pages\/69\/revisions\/79"}],"up":[{"embeddable":true,"href":"https:\/\/blogs2.abo.fi\/oppnalaborationer\/wp-json\/wp\/v2\/pages\/2"}],"wp:attachment":[{"href":"https:\/\/blogs2.abo.fi\/oppnalaborationer\/wp-json\/wp\/v2\/media?parent=69"}],"curies":[{"name":"wp","href":"https:\/\/api.w.org\/{rel}","templated":true}]}}