{"id":45,"date":"2017-03-24T09:46:07","date_gmt":"2017-03-24T07:46:07","guid":{"rendered":"http:\/\/blogs2.abo.fi\/oppnalaborationer\/?page_id=45"},"modified":"2017-04-13T14:07:01","modified_gmt":"2017-04-13T12:07:01","slug":"pavisande-av-kloridjoner-i-losning","status":"publish","type":"page","link":"https:\/\/blogs2.abo.fi\/oppnalaborationer\/verktygsladan\/pavisande-av-kloridjoner-i-losning\/","title":{"rendered":"P\u00e5visande av kloridjoner i l\u00f6sning"},"content":{"rendered":"<p><iframe loading=\"lazy\"  id=\"_ytid_89827\"  width=\"625\" height=\"352\"  data-origwidth=\"625\" data-origheight=\"352\" src=\"https:\/\/www.youtube.com\/embed\/GgxuKKV0kuk?enablejsapi=1&#038;autoplay=0&#038;cc_load_policy=0&#038;cc_lang_pref=&#038;iv_load_policy=1&#038;loop=0&#038;rel=1&#038;fs=1&#038;playsinline=0&#038;autohide=2&#038;theme=dark&#038;color=red&#038;controls=1&#038;disablekb=0&#038;\" class=\"__youtube_prefs__  epyt-is-override  no-lazyload\" title=\"YouTube player\"  allow=\"fullscreen; accelerometer; autoplay; clipboard-write; encrypted-media; gyroscope; picture-in-picture; web-share\" referrerpolicy=\"strict-origin-when-cross-origin\" allowfullscreen data-no-lazy=\"1\" data-skipgform_ajax_framebjll=\"\"><\/iframe><\/p>\n<p>P\u00e5vinsade av f\u00f6rekomsten av kloridjoner i en l\u00f6sning.<\/p>\n<p>Utf\u00e4llning<\/p>\n","protected":false},"excerpt":{"rendered":"<p>P\u00e5vinsade av f\u00f6rekomsten av kloridjoner i en l\u00f6sning. Utf\u00e4llning<\/p>\n","protected":false},"author":255,"featured_media":0,"parent":27,"menu_order":0,"comment_status":"closed","ping_status":"closed","template":"","meta":{"footnotes":""},"class_list":["post-45","page","type-page","status-publish","hentry"],"_links":{"self":[{"href":"https:\/\/blogs2.abo.fi\/oppnalaborationer\/wp-json\/wp\/v2\/pages\/45","targetHints":{"allow":["GET"]}}],"collection":[{"href":"https:\/\/blogs2.abo.fi\/oppnalaborationer\/wp-json\/wp\/v2\/pages"}],"about":[{"href":"https:\/\/blogs2.abo.fi\/oppnalaborationer\/wp-json\/wp\/v2\/types\/page"}],"author":[{"embeddable":true,"href":"https:\/\/blogs2.abo.fi\/oppnalaborationer\/wp-json\/wp\/v2\/users\/255"}],"replies":[{"embeddable":true,"href":"https:\/\/blogs2.abo.fi\/oppnalaborationer\/wp-json\/wp\/v2\/comments?post=45"}],"version-history":[{"count":3,"href":"https:\/\/blogs2.abo.fi\/oppnalaborationer\/wp-json\/wp\/v2\/pages\/45\/revisions"}],"predecessor-version":[{"id":179,"href":"https:\/\/blogs2.abo.fi\/oppnalaborationer\/wp-json\/wp\/v2\/pages\/45\/revisions\/179"}],"up":[{"embeddable":true,"href":"https:\/\/blogs2.abo.fi\/oppnalaborationer\/wp-json\/wp\/v2\/pages\/27"}],"wp:attachment":[{"href":"https:\/\/blogs2.abo.fi\/oppnalaborationer\/wp-json\/wp\/v2\/media?parent=45"}],"curies":[{"name":"wp","href":"https:\/\/api.w.org\/{rel}","templated":true}]}}