{"id":27,"date":"2017-03-21T14:44:15","date_gmt":"2017-03-21T12:44:15","guid":{"rendered":"http:\/\/blogs2.abo.fi\/oppnalaborationer\/?page_id=27"},"modified":"2018-06-15T13:57:06","modified_gmt":"2018-06-15T11:57:06","slug":"verktygsladan","status":"publish","type":"page","link":"https:\/\/blogs2.abo.fi\/oppnalaborationer\/verktygsladan\/","title":{"rendered":"Verktygsl\u00e5dan"},"content":{"rendered":"<p>Denna lista &#8221;<a href=\"http:\/\/blogs2.abo.fi\/oppnalaborationer\/wp-content\/uploads\/sites\/58\/2018\/06\/QR-kodsidor-002.pdf\">Verktygsback f\u00f6r \u00f6ppna laborationer<\/a><a href=\"http:\/\/blogs2.abo.fi\/oppnalaborationer\/wp-content\/uploads\/sites\/58\/2017\/04\/Verktygsback-f\u00f6r-\u00f6ppna-laborationer_240417.pdf\" target=\"_blank\" rel=\"noopener\">&#8221;<\/a> kan delas ut \u00e5t eleverna.<\/p>\n<p>Samtliga filmer hittas \u00e4ven p\u00e5 v\u00e5r youtubekanal <a href=\"https:\/\/www.youtube.com\/playlist?list=PLPvtXVqUU_9bQ7o6hkZes1wj1uK2H-os3\" target=\"_blank\" rel=\"noopener\">Skolresurs<\/a><\/p>\n<p>&nbsp;<\/p>\n<p>&nbsp;<\/p>\n","protected":false},"excerpt":{"rendered":"<p>Denna lista &#8221;Verktygsback f\u00f6r \u00f6ppna laborationer&#8221; kan delas ut \u00e5t eleverna. Samtliga filmer hittas \u00e4ven p\u00e5 v\u00e5r youtubekanal Skolresurs &nbsp; &nbsp;<\/p>\n","protected":false},"author":255,"featured_media":0,"parent":0,"menu_order":2,"comment_status":"closed","ping_status":"closed","template":"","meta":{"footnotes":""},"class_list":["post-27","page","type-page","status-publish","hentry"],"_links":{"self":[{"href":"https:\/\/blogs2.abo.fi\/oppnalaborationer\/wp-json\/wp\/v2\/pages\/27","targetHints":{"allow":["GET"]}}],"collection":[{"href":"https:\/\/blogs2.abo.fi\/oppnalaborationer\/wp-json\/wp\/v2\/pages"}],"about":[{"href":"https:\/\/blogs2.abo.fi\/oppnalaborationer\/wp-json\/wp\/v2\/types\/page"}],"author":[{"embeddable":true,"href":"https:\/\/blogs2.abo.fi\/oppnalaborationer\/wp-json\/wp\/v2\/users\/255"}],"replies":[{"embeddable":true,"href":"https:\/\/blogs2.abo.fi\/oppnalaborationer\/wp-json\/wp\/v2\/comments?post=27"}],"version-history":[{"count":7,"href":"https:\/\/blogs2.abo.fi\/oppnalaborationer\/wp-json\/wp\/v2\/pages\/27\/revisions"}],"predecessor-version":[{"id":231,"href":"https:\/\/blogs2.abo.fi\/oppnalaborationer\/wp-json\/wp\/v2\/pages\/27\/revisions\/231"}],"wp:attachment":[{"href":"https:\/\/blogs2.abo.fi\/oppnalaborationer\/wp-json\/wp\/v2\/media?parent=27"}],"curies":[{"name":"wp","href":"https:\/\/api.w.org\/{rel}","templated":true}]}}