{"id":77,"date":"2018-03-16T07:37:47","date_gmt":"2018-03-16T07:37:47","guid":{"rendered":"http:\/\/blogs2.abo.fi\/norsma9\/?page_id=77"},"modified":"2018-05-23T07:07:31","modified_gmt":"2018-05-23T07:07:31","slug":"conference-program","status":"publish","type":"page","link":"https:\/\/blogs2.abo.fi\/norsma9\/conference-program\/","title":{"rendered":"Conference program"},"content":{"rendered":"<h1>Program:<\/h1>\n<p>You can download the program as a pdf-document here:\u00a0<a href=\"http:\/\/blogs2.abo.fi\/norsma9\/wp-content\/uploads\/sites\/70\/2018\/05\/NORSMA9_program.pdf\">NORSMA9_program<\/a><\/p>\n<p><strong>Tuesday 22.5.2018:<br \/>\n<\/strong><br \/>\n9.30 Conference registration and coffee<\/p>\n<p>10.00 Opening of the conference:<br \/>\n<em>Fritjof Sahlstr\u00f6m<\/em>, Dean, Faculty of Education and Welfare Studies, \u00c5bo Akademi University<br \/>\n<em>Arne Engstr\u00f6m<\/em>, NORSMA scientific committee, Karlstad University, Sweden<\/p>\n<p>10.30-12.00 Paper presentations 1 (3 parallel sessions)<\/p>\n<p>12.00-13.00 Lunch<\/p>\n<p>13.00-14.30 Paper presentations 2 (3 parallel sessions)<\/p>\n<p>14.30-15.00 Coffee<\/p>\n<p>15.00-16.15 Keynote 1: <em>Bert De Smedt<\/em><\/p>\n<p>19.00 Conference Dinner<\/p>\n<p><strong>Wednesday 23.5.2018:<br \/>\n<\/strong><br \/>\n9.00-10.00 Keynote 2: <em>Pirjo Aunio<\/em><\/p>\n<p>10.00-10.15 Coffee<\/p>\n<p>10.15-11.45 Paper presentations 3 (3 parallel sessions)<\/p>\n<p>11.45-12.00 Closing of the conference<\/p>\n<p>12.00-13.00 Lunch<\/p>\n<p>&nbsp;<\/p>\n<h1><strong>Paper sessions 1: Tuesday (22.5) 10.30-12.00<\/strong><\/h1>\n<h2><strong>Session 1A, room F606<\/strong><br \/>\n<strong>Symposia<\/strong><\/h2>\n<p>The role of the working memory and language skills in the prediction of arithmetic skills, and word problem solving at kindergarten and second grade<br \/>\n<em>Kytt\u00e4l\u00e4 FIN<\/em><\/p>\n<p>The effects of explicit instruction intervention in K-2 students with low performance<br \/>\n<em>Aunio FIN<\/em><\/p>\n<p>The connection of student\u2019s arithmetic skills in 5th grade with student self-assessment and teacher assessment of students\u2019 emotional and behavioral strengths in 5th, 6th, and 9th Grades<br \/>\n<em>Hakkarainen FIN<\/em><\/p>\n<p>Dimensionality of math anxiety and its longitudinal associations with math performance in adolescent students<br \/>\n<em>Korhonen FIN<\/em><\/p>\n<h2><strong>Session 1B, room C302<\/strong><\/h2>\n<p>Pedagogical tactfulness &#8211; relational study about the incalculable in mathematics teaching<br \/>\n<em>Ljungblad SWE<\/em><\/p>\n<p>The nature of knowing in relation to students in need of special education in mathematics<br \/>\n<em>Roos SWE<\/em><\/p>\n<p>Universal Design for Assessment (UDA) in Undergraduate University Mathematics: Comparing Access and Target Skills Between Digital Self-Assessment and Traditional Course Exam<br \/>\n<em>Nieminen FIN<\/em><\/p>\n<p>Special need teacher&#8217;s descriptions and the relationship between educational objectives<br \/>\n<em>Johnsen NOR<\/em><\/p>\n<h2><strong>Session 1C, room D406<\/strong><\/h2>\n<p>Sosiometrisesti suosittujen, torjuttujen, ristiriitaisten, huomiotta j\u00e4tettyjen ja keskim\u00e4\u00e4r\u00e4isten lasten v\u00e4liset erot k\u00e4ytt\u00e4ytymisen ja tunne-el\u00e4m\u00e4n vahvuuksissa.<br \/>\n<em>Rytioja FIN<\/em><\/p>\n<p>Pathways to educational aspirations<br \/>\n<em>Widlund FIN<\/em><\/p>\n<p>Cognitive Profiles Predicting Reading and Arithmetic Skills at Grade 1 and at Grade 7<br \/>\n<em>Korpip\u00e4\u00e4 FIN<\/em><\/p>\n<h2><strong>Session 2A, room F606<\/strong><\/h2>\n<p>Enhancement of SFON and cardinality related skills at day care<br \/>\n<em>Hannula-Sormunen FIN<\/em><\/p>\n<p>Baseline assessment: Effects of cognitive skills and parental SES to the number<br \/>\n<em>R\u00e4s\u00e4nen FIN<\/em><\/p>\n<p>Early identification of risk of arithmetical difficulties<br \/>\n<em>Reiker\u00e5s NOR<\/em><\/p>\n<p>Addition and subtraction skills of Norwegian and Finnish third graders <em>Mononen NOR<\/em><\/p>\n<h2><strong>Session 2B, room C302<\/strong><\/h2>\n<p>Students in mathematical difficulties &#8211; teachers and students about low performance<br \/>\n<em>Karlsson SWE<\/em><\/p>\n<p>Students attaining low results in mathematics<br \/>\n<em>Dalvang NOR<\/em><\/p>\n<p>Resources for competence building in Norway<br \/>\n<em>Olaug Ellen Lona Svingen NOR<\/em><\/p>\n<p>Inclusion and student collaboration in the classroom<br \/>\n<em>Mette Lykke Krogh DEN<\/em><\/p>\n<p>Formative Assessment from Special Education Teachers&#8217; perspective<br \/>\n<em>Andersson SWE<\/em><\/p>\n<h2><strong>Session 2C, room D406<\/strong><\/h2>\n<p>Grade 1, 4 and 7 students\u2019 comprehensions strategies when reading their mathematics textbook<br \/>\n<em>Segerby SWE<\/em><\/p>\n<p>Developing Dysfunctional Arithmetic Methods When Playing an iPad game<br \/>\n<em>Rietz SWE<\/em><\/p>\n<p>Differences in learning outcome between low achievement pupils in mathematics with, versus without, special needs education<br \/>\n<em>Skorpen NOR<\/em><\/p>\n<p>Dyscalculia interview as bridge between neurocognition and mathematics education<br \/>\n<em>Lindeskov DEN<\/em><\/p>\n<p>&nbsp;<\/p>\n<h1><strong>Paper sessions 3: Wednesday (23.5) 10.30-12.00<\/strong><\/h1>\n<h2><strong>Session 3A, room F606<\/strong><br \/>\n<strong>Symposia<\/strong><\/h2>\n<p>How are arithmetic skills in the four operations related for boys and girls<br \/>\n<em>Sunde DEN<\/em><\/p>\n<p>Change and stability in the Mathematical Performing Groups in Grade One<br \/>\n<em>Hellstrand FIN<\/em><\/p>\n<p>Developmental Profiles in Mathematics of Students with ID in Inclusive Classrooms<br \/>\n<em>Schnepel SUI<\/em><\/p>\n<p>Improving numeracy skills in low-performing first graders: A Randomized Controlled Trial<br \/>\n<em>Lopez-Pedersen NOR<\/em><\/p>\n<h2><strong>Session 3B, room C302<\/strong><\/h2>\n<p>Reciprocal predictions between interest, self-efficacy, and performance during an inductive reasoning task<br \/>\n<em>Niemivirta FIN<\/em><\/p>\n<p>Early identification of reading and writing difficulties<br \/>\n<em>Risberg FIN<\/em><\/p>\n<p>Behavioral Executive Functions and arithmetic fluency in primary school children<br \/>\n<em>Husberg FIN<\/em><\/p>\n<p>How schooling affects Spontaneous Focusing on Numerosity and arithmetical skill<br \/>\n<em>Nanu FIN<\/em><\/p>\n<h2><strong>Session 3C, room D406<\/strong><\/h2>\n<p>Les Mis\u00e9rables &#8211; Elever med mycket l\u00e5ga prestationer i matematik<br \/>\n<em>Engstr\u00f6m SWE<\/em><\/p>\n<p>Pedagogical Relational Teachership, PeRT &#8211; A multi-relational perspective<br \/>\n<em>Ljungblad SWE<\/em><\/p>\n<p>What happens when&#8230; everyone counts<br \/>\n<em>Vennberg SWE<\/em><\/p>\n<p>A Decade of Mathematics Education and Dis\/abilities Research: Directions for Future<br \/>\n<em>Tan USA<\/em><\/p>\n","protected":false},"excerpt":{"rendered":"<p>Program: You can download the program as a pdf-document here:\u00a0NORSMA9_program Tuesday 22.5.2018: 9.30 Conference registration and coffee 10.00 Opening of the conference: Fritjof Sahlstr\u00f6m, Dean, Faculty of Education and Welfare Studies, \u00c5bo Akademi University Arne Engstr\u00f6m, NORSMA scientific committee, Karlstad University, Sweden 10.30-12.00 Paper presentations 1 (3 parallel sessions) 12.00-13.00 Lunch 13.00-14.30 Paper presentations 2 &hellip; <\/p>\n<p class=\"link-more\"><a href=\"https:\/\/blogs2.abo.fi\/norsma9\/conference-program\/\" class=\"more-link\">Continue reading<span class=\"screen-reader-text\"> &#8220;Conference program&#8221;<\/span><\/a><\/p>\n","protected":false},"author":314,"featured_media":0,"parent":0,"menu_order":0,"comment_status":"closed","ping_status":"closed","template":"","meta":{"footnotes":""},"class_list":["post-77","page","type-page","status-publish","hentry"],"_links":{"self":[{"href":"https:\/\/blogs2.abo.fi\/norsma9\/wp-json\/wp\/v2\/pages\/77","targetHints":{"allow":["GET"]}}],"collection":[{"href":"https:\/\/blogs2.abo.fi\/norsma9\/wp-json\/wp\/v2\/pages"}],"about":[{"href":"https:\/\/blogs2.abo.fi\/norsma9\/wp-json\/wp\/v2\/types\/page"}],"author":[{"embeddable":true,"href":"https:\/\/blogs2.abo.fi\/norsma9\/wp-json\/wp\/v2\/users\/314"}],"replies":[{"embeddable":true,"href":"https:\/\/blogs2.abo.fi\/norsma9\/wp-json\/wp\/v2\/comments?post=77"}],"version-history":[{"count":11,"href":"https:\/\/blogs2.abo.fi\/norsma9\/wp-json\/wp\/v2\/pages\/77\/revisions"}],"predecessor-version":[{"id":92,"href":"https:\/\/blogs2.abo.fi\/norsma9\/wp-json\/wp\/v2\/pages\/77\/revisions\/92"}],"wp:attachment":[{"href":"https:\/\/blogs2.abo.fi\/norsma9\/wp-json\/wp\/v2\/media?parent=77"}],"curies":[{"name":"wp","href":"https:\/\/api.w.org\/{rel}","templated":true}]}}