{"id":5,"date":"2018-05-15T12:46:56","date_gmt":"2018-05-15T09:46:56","guid":{"rendered":"http:\/\/blogs2.abo.fi\/nordisk-laroplansteoretisk-konferens2019\/?page_id=5"},"modified":"2020-11-26T11:03:11","modified_gmt":"2020-11-26T08:03:11","slug":"om-konferensen","status":"publish","type":"page","link":"https:\/\/blogs2.abo.fi\/nordisk-laroplansteoretisk-konferens2019\/","title":{"rendered":"Om konferensen"},"content":{"rendered":"<div class=\"article-page-main-body clearfix\">\n<p><a href=\"http:\/\/blogs2.abo.fi\/nordisk-laroplansteoretisk-konferens2019\/pressmeddelande\/\">Pressmeddelande<\/a><\/p>\n<p><a href=\"http:\/\/blogs2.abo.fi\/nordisk-laroplansteoretisk-konferens2019\/foton-fran-konferensen\/\">Foton fr\u00e5n konferensen<\/a><\/p>\n<p>Den 7-8 november 2019 h\u00f6lls <strong>Den\u00a0\u00e5ttonde nordiska l\u00e4roplansteoretiska konferensen<\/strong> vid \u00c5bo Akademi i Vasa, Finland. Konferensen har ambulerat mellan l\u00e4ros\u00e4ten i Sverige och Norge vartannat \u00e5r med b\u00f6rjan 2005 vid Uppsala Universitet. Senast h\u00f6lls den i G\u00f6teborg och denna g\u00e5ng \u00e4gde konferensen rum i Vasa vid Fakulteten f\u00f6r pedagogik och v\u00e4lf\u00e4rdsstudier, \u00c5bo Akademi.<\/p>\n<p>Temat 2019 var\u00a0 <strong>Att teoretisera l\u00e4roplansarbete, didaktik och ledarskap i en transnationell tid. <\/strong><\/p>\n<p>Konferensen p\u00e5gick i tv\u00e5 dagar, med keynotes, seminarier och paneldiskussion samt en gemensam konferensmiddag p\u00e5 kv\u00e4llen. Konferensen var begr\u00e4nsad till antalet deltagare. Det lilla formatet s\u00e5gs vi som en f\u00f6ruts\u00e4ttning f\u00f6r att ha tid att reflektera \u00f6ver fr\u00e5gor som r\u00f6r l\u00e4roplansteorins utveckling och st\u00e4llning i Norden och internationellt. Tanken var att ge m\u00f6jlighet till tankeutbyte, m\u00f6ten och initiering av olika former av samarbeten. B\u00e5de doktorander och seniora forskare var v\u00e4lkomna att presentera sina artikel- och forskningsprojekt inom eller med anknytning till l\u00e4roplansteori under parallella paper-sessioner. Presentationer skedde p\u00e5 nordiska spr\u00e5k eller engelska.<\/p>\n<p>Konferensen var enligt traditionen avgiftsfri f\u00f6r deltagare, man betalar endast resor och \u00f6vernattning sj\u00e4lv.<\/p>\n<p><strong>Tidigare konferenser<\/strong><br \/>\n2005 Uppsala Universitet<br \/>\n2007 \u00d6rebro Universitet<br \/>\n2009 Linneuniversitetet i V\u00e4xj\u00f6<br \/>\n2011\u00a0Oslo Universitet<br \/>\n2013 Uppsala Universitet<br \/>\n2015 \u00d6rebro Universitet<br \/>\n2017 G\u00f6teborgs universitet<br \/>\n2019 \u00c5bo Akademi, Vasa<\/p>\n<\/div>\n<p>Konferensen arrangeras med st\u00f6d av Svenska kulturfonden, Harry Schaumans stiftelse samt Svenska folkskolans v\u00e4nner.<\/p>\n<div class=\"article-page-main-body clearfix\">\n<p>&nbsp;<\/p>\n<\/div>\n<p>&nbsp;<\/p>\n","protected":false},"excerpt":{"rendered":"<p>Pressmeddelande Foton fr\u00e5n konferensen Den 7-8 november 2019 h\u00f6lls Den\u00a0\u00e5ttonde nordiska l\u00e4roplansteoretiska konferensen vid \u00c5bo Akademi i Vasa, Finland. Konferensen har ambulerat mellan l\u00e4ros\u00e4ten i Sverige och Norge vartannat \u00e5r med b\u00f6rjan 2005 vid Uppsala Universitet. Senast h\u00f6lls den i G\u00f6teborg och denna g\u00e5ng \u00e4gde konferensen rum i Vasa vid Fakulteten f\u00f6r pedagogik och v\u00e4lf\u00e4rdsstudier, &hellip; <\/p>\n<p class=\"link-more\"><a href=\"https:\/\/blogs2.abo.fi\/nordisk-laroplansteoretisk-konferens2019\/\" class=\"more-link\">Forts\u00e4tt l\u00e4sa<span class=\"screen-reader-text\"> \u201dOm konferensen\u201d<\/span><\/a><\/p>\n","protected":false},"author":413,"featured_media":0,"parent":0,"menu_order":0,"comment_status":"closed","ping_status":"closed","template":"","meta":{"footnotes":""},"class_list":["post-5","page","type-page","status-publish","hentry"],"_links":{"self":[{"href":"https:\/\/blogs2.abo.fi\/nordisk-laroplansteoretisk-konferens2019\/wp-json\/wp\/v2\/pages\/5","targetHints":{"allow":["GET"]}}],"collection":[{"href":"https:\/\/blogs2.abo.fi\/nordisk-laroplansteoretisk-konferens2019\/wp-json\/wp\/v2\/pages"}],"about":[{"href":"https:\/\/blogs2.abo.fi\/nordisk-laroplansteoretisk-konferens2019\/wp-json\/wp\/v2\/types\/page"}],"author":[{"embeddable":true,"href":"https:\/\/blogs2.abo.fi\/nordisk-laroplansteoretisk-konferens2019\/wp-json\/wp\/v2\/users\/413"}],"replies":[{"embeddable":true,"href":"https:\/\/blogs2.abo.fi\/nordisk-laroplansteoretisk-konferens2019\/wp-json\/wp\/v2\/comments?post=5"}],"version-history":[{"count":28,"href":"https:\/\/blogs2.abo.fi\/nordisk-laroplansteoretisk-konferens2019\/wp-json\/wp\/v2\/pages\/5\/revisions"}],"predecessor-version":[{"id":222,"href":"https:\/\/blogs2.abo.fi\/nordisk-laroplansteoretisk-konferens2019\/wp-json\/wp\/v2\/pages\/5\/revisions\/222"}],"wp:attachment":[{"href":"https:\/\/blogs2.abo.fi\/nordisk-laroplansteoretisk-konferens2019\/wp-json\/wp\/v2\/media?parent=5"}],"curies":[{"name":"wp","href":"https:\/\/api.w.org\/{rel}","templated":true}]}}