{"id":172,"date":"2019-11-04T13:00:11","date_gmt":"2019-11-04T10:00:11","guid":{"rendered":"http:\/\/blogs2.abo.fi\/nordisk-laroplansteoretisk-konferens2019\/?page_id=172"},"modified":"2019-11-04T13:03:02","modified_gmt":"2019-11-04T10:03:02","slug":"pressmeddelande","status":"publish","type":"page","link":"https:\/\/blogs2.abo.fi\/nordisk-laroplansteoretisk-konferens2019\/pressmeddelande\/","title":{"rendered":"Pressmeddelande"},"content":{"rendered":"<div class=\"_n_p3\">\n<div class=\"conductorContent\" role=\"presentation\">\n<div class=\"_rp_l5 ShowReferenceAttachmentsLinks ShowConsesusSchedulingLink\" role=\"region\" aria-label=\"Reading Pane\">\n<div class=\"_rp_l5 disableTextSelection\">\n<div class=\"_rp_o5 disableTextSelection _rp_q5 scrollContainer _rp_r5\">\n<div class=\"_rp_x5\">\n<div>\n<div class=\"_rp_u5\">\n<div>\n<div class=\"_rp_v5 rpHighlightAllClass rpHighlightBodyClass allowTextSelection\">\n<div>\n<div id=\"Item.MessageNormalizedBody\" class=\"_rp_w5 ms-font-weight-regular ms-font-color-neutralDark isMessageBodyInPopout\">\n<div class=\"rps_52af\">\n<div>\n<div lang=\"SV-FI\">\n<div class=\"x_WordSection1\">\n<div id=\"x_divtagdefaultwrapper\">\n<div>\n<div>\n<div>\n<p>Pressmeddelande 4.11.2019<\/p>\n<p>&nbsp;<\/p>\n<p>Ett internationellt forskningsprogram i pedagogik med 20 forskare fr\u00e5n 9 l\u00e4nder lanseras i samband med den 8. Nordiska l\u00e4roplanskonferensen som arrangeras vid \u00c5A i Vasa den 7-8. november Vasa. Forskningsprogrammet arbetar med \u00f6verbrygga didaktik och ledarskap. Man vill skapa koherens i ett alltmera splittrat forskningsf\u00e4lt, ber\u00e4ttar professor Michael Uljens som \u00e4r programmets ledare.<\/p>\n<p>&#8211;\u00a0\u00a0\u00a0\u00a0\u00a0\u00a0\u00a0\u00a0\u00a0 Vi beh\u00f6ver ny pedagogikteori i en ny tid. Det \u00e4r viktigt med en transnationell dialog eftersom problemen \u00e4r gemensamma medan de svaren fr\u00e5n de lokala skolsystemen varierar. Pedagogiken \u00e4r ocks\u00e5 en r\u00e4tt kulturbunden disciplin. Traditionerna i Sydamerika, Europa och Kina skiljer sig mycket. \u00c4nd\u00e5 \u00e4r den tysk-nordiska bildningsteoretiska traditionen f\u00f6renande och den kan vi bygga vidare p\u00e5.<\/p>\n<p>&nbsp;<\/p>\n<p>Behovet av grundl\u00e4ggande reflektion \u00e4r stort.<\/p>\n<p>&#8211;\u00a0\u00a0\u00a0\u00a0\u00a0\u00a0\u00a0\u00a0\u00a0 Kapitlen fr\u00e5n forskningsprogrammets f\u00f6rsta bok om icke-affirmativ teori har laddats ner \u00f6ver 100.000 g\u00e5nger p\u00e5 tv\u00e5 \u00e5r, vilket \u00e4r exceptionellt. Nu g\u00e5r vi vidare i ny sammans\u00e4ttning med forskare fr\u00e5n Finland, Sverige, Norge, Danmark, Tyskland, Schweiz, Skottland, Argentina och Kina, ber\u00e4ttar Michael Uljens.<\/p>\n<p>&nbsp;<\/p>\n<p>P\u00e5 sj\u00e4lva konferensen granskas s\u00e4rskilt hur inflytandet fr\u00e5n transnationella organisationer som OECD har p\u00e5verkat l\u00e4roplansarbetet i tv\u00e5 avseenden. Dels har PISA riktat uppm\u00e4rksamheten p\u00e5 elevresultat i st\u00e4llet f\u00f6r att fokusera de m\u00e5l som skall leda skolarbetet, vilket gjort att flera l\u00e4nder b\u00f6rjat skriva sina l\u00e4roplaner s\u00e5 att nationen skall klarar sig bra i internationella utv\u00e4rderingar. F\u00f6r det andra f\u00f6rflyttar det transnationella inflytandet den politiska diskussionen om skolans m\u00e5l och inneh\u00e5ll bort fr\u00e5n ett nationellt medborgarinflytande. En annan stor f\u00f6r\u00e4ndring \u00e4r ett v\u00e4xande systemiskt helhet fokus p\u00e5 l\u00e4roplansarbetet. Det inneb\u00e4r att det pedagogiska ledarskapet, s\u00e5som det ut\u00f6vas av rektorer, och av kommunala skolledare m\u00e5ste inkluderas. Konferensen samlar ett 40-tal nordiska forskare.<\/p>\n<p>&nbsp;<\/p>\n<p>Till\u00e4ggsinformation: professor Michael Uljens, t. 0500-66 33 52, <a href=\"muljens@abo.fi\" target=\"_blank\" rel=\"noopener noreferrer\">muljens@abo.fi<\/a> universitetsl\u00e4rare Ann-Sofie Smeds-Nylund, <a href=\"ann-sofie.smeds-nylund@abo.fi\" target=\"_blank\" rel=\"noopener noreferrer\">ann-sofie.smeds-nylund@abo.fi<\/a><\/p>\n<\/div>\n<\/div>\n<\/div>\n<\/div>\n<\/div>\n<\/div>\n<\/div>\n<\/div>\n<\/div>\n<\/div>\n<\/div>\n<\/div>\n<\/div>\n<\/div>\n<\/div>\n<\/div>\n<\/div>\n<\/div>\n<\/div>\n<\/div>\n","protected":false},"excerpt":{"rendered":"<p>Pressmeddelande 4.11.2019 &nbsp; Ett internationellt forskningsprogram i pedagogik med 20 forskare fr\u00e5n 9 l\u00e4nder lanseras i samband med den 8. Nordiska l\u00e4roplanskonferensen som arrangeras vid \u00c5A i Vasa den 7-8. november Vasa. Forskningsprogrammet arbetar med \u00f6verbrygga didaktik och ledarskap. Man vill skapa koherens i ett alltmera splittrat forskningsf\u00e4lt, ber\u00e4ttar professor Michael Uljens som \u00e4r programmets &hellip; <\/p>\n<p class=\"link-more\"><a href=\"https:\/\/blogs2.abo.fi\/nordisk-laroplansteoretisk-konferens2019\/pressmeddelande\/\" class=\"more-link\">Forts\u00e4tt l\u00e4sa<span class=\"screen-reader-text\"> \u201dPressmeddelande\u201d<\/span><\/a><\/p>\n","protected":false},"author":413,"featured_media":0,"parent":0,"menu_order":0,"comment_status":"closed","ping_status":"closed","template":"","meta":{"footnotes":""},"class_list":["post-172","page","type-page","status-publish","hentry"],"_links":{"self":[{"href":"https:\/\/blogs2.abo.fi\/nordisk-laroplansteoretisk-konferens2019\/wp-json\/wp\/v2\/pages\/172","targetHints":{"allow":["GET"]}}],"collection":[{"href":"https:\/\/blogs2.abo.fi\/nordisk-laroplansteoretisk-konferens2019\/wp-json\/wp\/v2\/pages"}],"about":[{"href":"https:\/\/blogs2.abo.fi\/nordisk-laroplansteoretisk-konferens2019\/wp-json\/wp\/v2\/types\/page"}],"author":[{"embeddable":true,"href":"https:\/\/blogs2.abo.fi\/nordisk-laroplansteoretisk-konferens2019\/wp-json\/wp\/v2\/users\/413"}],"replies":[{"embeddable":true,"href":"https:\/\/blogs2.abo.fi\/nordisk-laroplansteoretisk-konferens2019\/wp-json\/wp\/v2\/comments?post=172"}],"version-history":[{"count":2,"href":"https:\/\/blogs2.abo.fi\/nordisk-laroplansteoretisk-konferens2019\/wp-json\/wp\/v2\/pages\/172\/revisions"}],"predecessor-version":[{"id":176,"href":"https:\/\/blogs2.abo.fi\/nordisk-laroplansteoretisk-konferens2019\/wp-json\/wp\/v2\/pages\/172\/revisions\/176"}],"wp:attachment":[{"href":"https:\/\/blogs2.abo.fi\/nordisk-laroplansteoretisk-konferens2019\/wp-json\/wp\/v2\/media?parent=172"}],"curies":[{"name":"wp","href":"https:\/\/api.w.org\/{rel}","templated":true}]}}