{"id":14,"date":"2018-05-15T12:50:13","date_gmt":"2018-05-15T09:50:13","guid":{"rendered":"http:\/\/blogs2.abo.fi\/nordisk-laroplansteoretisk-konferens2019\/?page_id=14"},"modified":"2019-08-29T11:21:44","modified_gmt":"2019-08-29T08:21:44","slug":"resor","status":"publish","type":"page","link":"https:\/\/blogs2.abo.fi\/nordisk-laroplansteoretisk-konferens2019\/resor\/","title":{"rendered":"Resor"},"content":{"rendered":"<p>FLYGTIDER (per 23.8.2019, de f\u00f6r\u00e4ndras titt och t\u00e4tt)<br \/>\nMan kan ta direktflyg eller\u00a0 mellanlanda i Helsingfors. Det finns flyg till Arlanda och Bromma. Nu har vi planerat tiderna s\u00e5 att man kan flyga 14:10 fr\u00e5n Arlanda med retur 16:50. Flygf\u00e4ltet ligger 17 km utanf\u00f6r staden och med taxi torde det fungera bra.<br \/>\nStockholm-Vasa 7.11.2019<br \/>\n07:10 &#8211; 9:25<br \/>\n14:10 &#8211; 16:25<br \/>\n20:40-23:00<\/p>\n<p>FLYGTIDER (per 23.8.2019)<br \/>\nVasa-Stockholm 8.11.2019<br \/>\n06:15 \u2013 06:30<br \/>\n09:50 &#8211; 10:05<br \/>\n14:45 &#8211; 16:05<br \/>\n16:50 &#8211; 17:10<br \/>\n17:45 \u2013 19:50 (via Helsingfors)<\/p>\n<p>T\u00c5G www.vr.fi<br \/>\nBUSS www.matkahuolto.fi<br \/>\nB\u00c5T fr\u00e5n Ume\u00e5\u00a0 www.wasaline.com<br \/>\nB\u00c5T + T\u00c5G via Stockholm och\u00a0\u00c5bo m\u00f6jligt<br \/>\nTAXI i Vasa +358 6 100\u00a0411<\/p>\n<p>&nbsp;<\/p>\n","protected":false},"excerpt":{"rendered":"<p>FLYGTIDER (per 23.8.2019, de f\u00f6r\u00e4ndras titt och t\u00e4tt) Man kan ta direktflyg eller\u00a0 mellanlanda i Helsingfors. Det finns flyg till Arlanda och Bromma. Nu har vi planerat tiderna s\u00e5 att man kan flyga 14:10 fr\u00e5n Arlanda med retur 16:50. Flygf\u00e4ltet ligger 17 km utanf\u00f6r staden och med taxi torde det fungera bra. Stockholm-Vasa 7.11.2019 07:10 &hellip; <\/p>\n<p class=\"link-more\"><a href=\"https:\/\/blogs2.abo.fi\/nordisk-laroplansteoretisk-konferens2019\/resor\/\" class=\"more-link\">Forts\u00e4tt l\u00e4sa<span class=\"screen-reader-text\"> \u201dResor\u201d<\/span><\/a><\/p>\n","protected":false},"author":413,"featured_media":0,"parent":0,"menu_order":0,"comment_status":"closed","ping_status":"closed","template":"","meta":{"footnotes":""},"class_list":["post-14","page","type-page","status-publish","hentry"],"_links":{"self":[{"href":"https:\/\/blogs2.abo.fi\/nordisk-laroplansteoretisk-konferens2019\/wp-json\/wp\/v2\/pages\/14","targetHints":{"allow":["GET"]}}],"collection":[{"href":"https:\/\/blogs2.abo.fi\/nordisk-laroplansteoretisk-konferens2019\/wp-json\/wp\/v2\/pages"}],"about":[{"href":"https:\/\/blogs2.abo.fi\/nordisk-laroplansteoretisk-konferens2019\/wp-json\/wp\/v2\/types\/page"}],"author":[{"embeddable":true,"href":"https:\/\/blogs2.abo.fi\/nordisk-laroplansteoretisk-konferens2019\/wp-json\/wp\/v2\/users\/413"}],"replies":[{"embeddable":true,"href":"https:\/\/blogs2.abo.fi\/nordisk-laroplansteoretisk-konferens2019\/wp-json\/wp\/v2\/comments?post=14"}],"version-history":[{"count":14,"href":"https:\/\/blogs2.abo.fi\/nordisk-laroplansteoretisk-konferens2019\/wp-json\/wp\/v2\/pages\/14\/revisions"}],"predecessor-version":[{"id":130,"href":"https:\/\/blogs2.abo.fi\/nordisk-laroplansteoretisk-konferens2019\/wp-json\/wp\/v2\/pages\/14\/revisions\/130"}],"wp:attachment":[{"href":"https:\/\/blogs2.abo.fi\/nordisk-laroplansteoretisk-konferens2019\/wp-json\/wp\/v2\/media?parent=14"}],"curies":[{"name":"wp","href":"https:\/\/api.w.org\/{rel}","templated":true}]}}