{"id":133,"date":"2019-10-11T15:27:27","date_gmt":"2019-10-11T12:27:27","guid":{"rendered":"http:\/\/blogs2.abo.fi\/nordisk-laroplansteoretisk-konferens2019\/?page_id=133"},"modified":"2019-12-05T11:47:16","modified_gmt":"2019-12-05T08:47:16","slug":"key-notes","status":"publish","type":"page","link":"https:\/\/blogs2.abo.fi\/nordisk-laroplansteoretisk-konferens2019\/key-notes\/","title":{"rendered":"Key notes"},"content":{"rendered":"<p>\u00c5 muliggj\u00f8re danning gjennom m\u00e5ter \u00e5 forske p\u00e5: om betydningen av bilder, scenarier og historiske linjer.<\/p>\n<p><em>F\u00f8rsteamanuensis, Kirsten Sivesind, Institutt for pedagogikk, UiO<\/em><\/p>\n<p>Danning fordrer bestemte kvaliteter ved et utdanningstilbud og ikke en \u00abhvilken som helst\u00bb praksis. Derfor kan danning b\u00e5de muliggj\u00f8res og umuliggj\u00f8res. En ikke-affirmativ pedagogisk teori handler b\u00e5de om form\u00e5l (moralsk sett) og forhold (empirisk sett) som muliggj\u00f8r danning, og man kan sp\u00f8rre seg\u00a0 \u2013 er disse kvalitetene ivaretatt og \u00f8nsket i sammenhenger hvor utdanningspolitikken formuleres? Hvordan kan man som l\u00e6replanforsker ivareta et ikke-affirmativt perspektiv gjennom m\u00e5ter \u00e5 forske p\u00e5? Foredraget vil starte ut med klassiske perspektiver p\u00e5 danning og betydningen av tenkning og handling slik Herbart og Dewey tok til orde for. Deretter argumenteres det for \u00e5 ta i bruk b\u00e5de teori og empiri for \u00e5 synliggj\u00f8re kvaliteter som muliggj\u00f8r danning. Helt avgj\u00f8rende er refleksiviteten i forskerens m\u00e5te \u00e5 uttrykke seg p\u00e5: Hvordan fremstilles virkeligheten gjennom bilder? Hvordan skapes forestillinger om framtiden? Hvilken betydning tillegges historiske linjer? Svarene p\u00e5 disse sp\u00f8rsm\u00e5lene ang\u00e5r prinsipielle sider ved l\u00e6replanforskningen men like mye om de faktiske forhold: om kvaliteter ved dagens reformer muliggj\u00f8r eller umuliggj\u00f8r danning.<\/p>\n<p>&nbsp;<\/p>\n<p>Grounding Research on Curriculum Work and Reform in and for Political Democracy in Education Theory<\/p>\n<p><em>Professor Michael Uljens, Fakulteten f\u00f6r pedagogik och v\u00e4lf\u00e4rdsstudier, \u00c5bo Akademi<\/em><\/p>\n<p><a href=\"http:\/\/blogs2.abo.fi\/nordisk-laroplansteoretisk-konferens2019\/wp-content\/uploads\/sites\/92\/2019\/12\/Michael-Uljens-Icke-affirmativ-l\u00e4roplansteori.-F\u00f6rel\u00e4sning-p\u00e5-8.-Nordiska-l\u00e4roplansteoretiska-konferensen-7-8.11.2019-\u00c5A-Vasa.-pdf.pdf\">Michael Uljens &#8211; Icke-affirmativ l\u00e4roplansteori. F\u00f6rel\u00e4sning p\u00e5 8. Nordiska l\u00e4roplansteoretiska konferensen 7-8.11.2019 \u00c5A Vasa. pdf<\/a><\/p>\n<p>The assumption in this key-note is that curriculum research need to provide conceptual thought models and theories, but also practical models guiding teaching, leadership and school development that enable practitioners, policy makers and leaders to identify, make sense and talk about the complexity of education, without losing sight of core educational issues. How does <em>educational<\/em> theorizing live up to such demands? It is worrying that despite increasing complexity of teaching, studying and learning in multiple contexts, education as a field of study appear to dissolve into particularities. All too often education is seen as a \u2018field of research\u2019 applying insights from other academic disciplines like psychology, sociology, philosophy, justice, economy, subject matter theory, or politics thus hindering a coherent educational contemplation of the complexities at hand. The key-note explores how non-affirmative education theory might be fruitful for conceptually explaining how <em>Bildung<\/em> and education are related, and how different actors and practices, at different levels of the education system mediate between the transnational, national, regional and local levels?<\/p>\n<p>NAT reminds us that the education system as a whole must recognise or pay attention to existing interests, policies, ideologies, utopias and cultural practices but that this education is not asked to <em>affirm <\/em>these interests. Not affirming various predefined interests that are external to educational practice means not passing these interests, knowledge or practices on to the next generation without making these phenomena objects of critical reflection in a pedagogical practice with students. In arguing for such a position non-affirmative theory identifies various forms of subjectivity and intersubjectivity that are interrelated by pedagogical activity.<\/p>\n","protected":false},"excerpt":{"rendered":"<p>\u00c5 muliggj\u00f8re danning gjennom m\u00e5ter \u00e5 forske p\u00e5: om betydningen av bilder, scenarier og historiske linjer. F\u00f8rsteamanuensis, Kirsten Sivesind, Institutt for pedagogikk, UiO Danning fordrer bestemte kvaliteter ved et utdanningstilbud og ikke en \u00abhvilken som helst\u00bb praksis. Derfor kan danning b\u00e5de muliggj\u00f8res og umuliggj\u00f8res. En ikke-affirmativ pedagogisk teori handler b\u00e5de om form\u00e5l (moralsk sett) og &hellip; <\/p>\n<p class=\"link-more\"><a href=\"https:\/\/blogs2.abo.fi\/nordisk-laroplansteoretisk-konferens2019\/key-notes\/\" class=\"more-link\">Forts\u00e4tt l\u00e4sa<span class=\"screen-reader-text\"> \u201dKey notes\u201d<\/span><\/a><\/p>\n","protected":false},"author":413,"featured_media":0,"parent":0,"menu_order":0,"comment_status":"closed","ping_status":"closed","template":"","meta":{"footnotes":""},"class_list":["post-133","page","type-page","status-publish","hentry"],"_links":{"self":[{"href":"https:\/\/blogs2.abo.fi\/nordisk-laroplansteoretisk-konferens2019\/wp-json\/wp\/v2\/pages\/133","targetHints":{"allow":["GET"]}}],"collection":[{"href":"https:\/\/blogs2.abo.fi\/nordisk-laroplansteoretisk-konferens2019\/wp-json\/wp\/v2\/pages"}],"about":[{"href":"https:\/\/blogs2.abo.fi\/nordisk-laroplansteoretisk-konferens2019\/wp-json\/wp\/v2\/types\/page"}],"author":[{"embeddable":true,"href":"https:\/\/blogs2.abo.fi\/nordisk-laroplansteoretisk-konferens2019\/wp-json\/wp\/v2\/users\/413"}],"replies":[{"embeddable":true,"href":"https:\/\/blogs2.abo.fi\/nordisk-laroplansteoretisk-konferens2019\/wp-json\/wp\/v2\/comments?post=133"}],"version-history":[{"count":5,"href":"https:\/\/blogs2.abo.fi\/nordisk-laroplansteoretisk-konferens2019\/wp-json\/wp\/v2\/pages\/133\/revisions"}],"predecessor-version":[{"id":218,"href":"https:\/\/blogs2.abo.fi\/nordisk-laroplansteoretisk-konferens2019\/wp-json\/wp\/v2\/pages\/133\/revisions\/218"}],"wp:attachment":[{"href":"https:\/\/blogs2.abo.fi\/nordisk-laroplansteoretisk-konferens2019\/wp-json\/wp\/v2\/media?parent=133"}],"curies":[{"name":"wp","href":"https:\/\/api.w.org\/{rel}","templated":true}]}}